{"id":9948,"date":"2025-02-27T10:18:59","date_gmt":"2025-02-27T09:18:59","guid":{"rendered":"https:\/\/risorfiner.dk\/fsc\/"},"modified":"2025-08-20T10:48:11","modified_gmt":"2025-08-20T08:48:11","slug":"fsc","status":"publish","type":"page","link":"https:\/\/risorfiner.dk\/en\/fsc\/","title":{"rendered":"FSC\u00ae"},"content":{"rendered":"\t\t<div data-elementor-type=\"wp-page\" data-elementor-id=\"9948\" class=\"elementor elementor-9948 elementor-9403\" data-elementor-post-type=\"page\">\n\t\t\t\t<div class=\"elementor-element elementor-element-b679549 e-flex e-con-boxed e-con e-parent\" data-id=\"b679549\" data-element_type=\"container\">\n\t\t\t\t\t<div class=\"e-con-inner\">\n\t\t<div class=\"elementor-element elementor-element-8325919 e-con-full e-flex e-con e-child\" data-id=\"8325919\" data-element_type=\"container\">\n\t\t\t\t<div class=\"elementor-element elementor-element-867c436 elementor-widget elementor-widget-text-editor\" data-id=\"867c436\" data-element_type=\"widget\" data-widget_type=\"text-editor.default\">\n\t\t\t\t<div class=\"elementor-widget-container\">\n\t\t\t\t\t\t\t\t\t<p>FSC\u00ae\u200b certification<br \/>Ask about our certified products<\/p><p>Einar Ris\u00f8r Finerhandel A\/S is FSC\u00ae certified under certificate no.: PBN-COC-011798 and PBN-CW-011798.\u200b<\/p><p>Download the certificate here: <a href=\"\/wp-content\/uploads\/2025\/06\/einarrisoerasfsccocw_cwcertificate29.5.2025.pdf\" target=\"_blank\" rel=\"noopener\">fsc-certificate\u200b<\/a><\/p><p>FSC\u00ae is the world&#8217;s most ambitious global certification for responsible forestry and your security for wood and paper from well-managed forests and other responsible sources. FSC\u00ae works for both nature and people&#8217;s conditions in the world&#8217;s forest areas. FSC\u00ae is supported by recognized NGOs such as WWF World Wildlife Fund and Forests of the World.\u200b<\/p><p>Forests are of enormous importance to both people, nature and the climate. We must protect the forests so that future generations can benefit from them, just as we do today. FSC\u00ae is important as one of the tools to ensure this.\u200b\u200b<\/p><p>See more on the website <a href=\"https:\/\/dk.fsc.org\/dk-da\">www.fsc.dk\u200b<\/a><\/p>\t\t\t\t\t\t\t\t<\/div>\n\t\t\t\t<\/div>\n\t\t<div class=\"elementor-element elementor-element-0c7b92d e-con-full e-flex e-con e-child\" data-id=\"0c7b92d\" data-element_type=\"container\">\n\t\t<div class=\"elementor-element elementor-element-35e301a e-con-full e-flex e-con e-child\" data-id=\"35e301a\" data-element_type=\"container\">\n\t\t\t\t<div class=\"elementor-element elementor-element-2b18182 elementor-widget elementor-widget-image\" data-id=\"2b18182\" data-element_type=\"widget\" data-widget_type=\"image.default\">\n\t\t\t\t<div class=\"elementor-widget-container\">\n\t\t\t\t\t\t\t\t\t\t\t\t\t\t\t\t<a href=\"https:\/\/risorfiner.dk\/pefc\/\">\n\t\t\t\t\t\t\t<img fetchpriority=\"high\" decoding=\"async\" width=\"740\" height=\"882\" src=\"https:\/\/risorfiner.dk\/wp-content\/uploads\/2025\/08\/p-1.png\" class=\"attachment-large size-large wp-image-10043\" alt=\"\" srcset=\"https:\/\/risorfiner.dk\/wp-content\/uploads\/2025\/08\/p-1.png 740w, https:\/\/risorfiner.dk\/wp-content\/uploads\/2025\/08\/p-1-420x500.png 420w\" sizes=\"(max-width: 740px) 100vw, 740px\" \/>\t\t\t\t\t\t\t\t<\/a>\n\t\t\t\t\t\t\t\t\t\t\t\t\t\t\t<\/div>\n\t\t\t\t<\/div>\n\t\t\t\t<\/div>\n\t\t<div class=\"elementor-element elementor-element-e8c505e e-con-full e-flex e-con e-child\" data-id=\"e8c505e\" data-element_type=\"container\">\n\t\t\t\t<div class=\"elementor-element elementor-element-6d771f5 elementor-widget elementor-widget-image\" data-id=\"6d771f5\" data-element_type=\"widget\" data-widget_type=\"image.default\">\n\t\t\t\t<div class=\"elementor-widget-container\">\n\t\t\t\t\t\t\t\t\t\t\t\t\t\t\t\t<a href=\"https:\/\/risorfiner.dk\/fsc\/\">\n\t\t\t\t\t\t\t<img decoding=\"async\" width=\"211\" height=\"109\" src=\"https:\/\/risorfiner.dk\/wp-content\/uploads\/2025\/08\/fsc-logo_86_19.png\" class=\"attachment-large size-large wp-image-10045\" alt=\"\" \/>\t\t\t\t\t\t\t\t<\/a>\n\t\t\t\t\t\t\t\t\t\t\t\t\t\t\t<\/div>\n\t\t\t\t<\/div>\n\t\t\t\t<\/div>\n\t\t\t\t<\/div>\n\t\t\t\t<\/div>\n\t\t<div class=\"elementor-element elementor-element-c474bf5 e-con-full e-flex e-con e-child\" data-id=\"c474bf5\" data-element_type=\"container\">\n\t\t\t\t<div class=\"elementor-element elementor-element-23936e3 elementor-widget elementor-widget-image\" data-id=\"23936e3\" data-element_type=\"widget\" data-widget_type=\"image.default\">\n\t\t\t\t<div class=\"elementor-widget-container\">\n\t\t\t\t\t\t\t\t\t\t\t\t\t\t\t<img decoding=\"async\" width=\"1000\" height=\"667\" src=\"https:\/\/risorfiner.dk\/wp-content\/uploads\/2025\/02\/trae-2-1000x667.jpg\" class=\"attachment-large size-large wp-image-9445\" alt=\"\" srcset=\"https:\/\/risorfiner.dk\/wp-content\/uploads\/2025\/02\/trae-2-1000x667.jpg 1000w, https:\/\/risorfiner.dk\/wp-content\/uploads\/2025\/02\/trae-2-500x333.jpg 500w, https:\/\/risorfiner.dk\/wp-content\/uploads\/2025\/02\/trae-2-768x512.jpg 768w, https:\/\/risorfiner.dk\/wp-content\/uploads\/2025\/02\/trae-2-1536x1024.jpg 1536w, https:\/\/risorfiner.dk\/wp-content\/uploads\/2025\/02\/trae-2-scaled.jpg 2048w\" sizes=\"(max-width: 1000px) 100vw, 1000px\" \/>\t\t\t\t\t\t\t\t\t\t\t\t\t\t\t<\/div>\n\t\t\t\t<\/div>\n\t\t\t\t<\/div>\n\t\t\t\t\t<\/div>\n\t\t\t\t<\/div>\n\t\t<div class=\"elementor-element elementor-element-8fa244c e-flex e-con-boxed e-con e-parent\" data-id=\"8fa244c\" data-element_type=\"container\" data-settings=\"{&quot;background_background&quot;:&quot;classic&quot;}\">\n\t\t\t\t\t<div class=\"e-con-inner\">\n\t\t<div class=\"elementor-element elementor-element-e144c54 e-con-full e-flex e-con e-child\" data-id=\"e144c54\" data-element_type=\"container\">\n\t\t\t\t<div class=\"elementor-element elementor-element-34a220b elementor-widget elementor-widget-text-editor\" data-id=\"34a220b\" data-element_type=\"widget\" data-widget_type=\"text-editor.default\">\n\t\t\t\t<div class=\"elementor-widget-container\">\n\t\t\t\t\t\t\t\t\t<div class=\"column step-3-12 step-2-6\">\n<div id=\"site-container-2899\" class=\"Container Placeholder AutoResizable con-93 \" data-snap=\"1\">\n<div class=\"row\">\n<div class=\"column step-3-12\">\n<div id=\"site-container-2903\" class=\"Container ModuleElement Textarea AutoResizable con-114 \" data-snap=\"1\" data-containertype=\"Textarea\" data-moduleelement=\"1490\">\n<div class=\"Module-1490 Textarea\">\n<h1>Forests have many important functions for our society, nature and climate.<\/h1>\n<p>They create economy and income through the sale of wood. They create jobs locally and they give us all experiences. At the same time, forests store CO2 and are home to a very large part of the wildlife, biodiversity and people who live in and around forests. In fact, more than 25% of the world&#8217;s population depends on forests for their survival, according to the UN Food and Agriculture Organization FAO.<\/p>\n<p>As a certification scheme for responsible forest management, FSC\u00ae is a tool to ensure that current and future generations can benefit from the many functions of forests. In addition, FSC\u00ae contributes to solving some of the challenges that forests face in terms of biodiversity, social conditions and deforestation, and other challenges such as global warming and CO2.<\/p>\n<h2>FSC\u00ae sets a number of specific requirements for forests that are of great importance to our climate, people, local communities, wildlife, nature and future generations.\u200b<\/h2>\n<p><strong>Legal wood<\/strong><br \/>\nThe very first principle in FSC&#8217;s forest certification rules requires that FSC-certified forest properties comply with all applicable laws and regulations. This includes, among other things, that wood must be felled legally, that statutory duties and taxes are paid and that the wood is sold on normal market terms.\u200b<\/p>\n<p><strong>Deforestation not allowed<\/strong><br \/>\nOne of the basic requirements for a forest property to be FSC-certified is that the forest owner does not cut more wood than the forest can reproduce, whether naturally and\/or through replanting. In other words, that the forest cover is preserved and that deforestation does not occur.\u200b<\/p>\n<\/div>\n<p><\/div>\n<p><\/div>\n<p><\/div>\n<p><\/div>\n<p><\/div>\n\t\t\t\t\t\t\t\t<\/div>\n\t\t\t\t<\/div>\n\t\t\t\t<\/div>\n\t\t<div class=\"elementor-element elementor-element-911c728 e-con-full e-flex e-con e-child\" data-id=\"911c728\" data-element_type=\"container\">\n\t\t\t\t<div class=\"elementor-element elementor-element-d32354e elementor-widget elementor-widget-text-editor\" data-id=\"d32354e\" data-element_type=\"widget\" data-widget_type=\"text-editor.default\">\n\t\t\t\t<div class=\"elementor-widget-container\">\n\t\t\t\t\t\t\t\t\t<p><strong>Protection of biodiversity, endangered species and other natural values<\/strong><br \/>In FSC-certified forests, the forest owner must protect natural values.<\/p>\n<p>For example:<\/p>\n<ul>\n<li>Rare and endangered species and their habitats.<\/li>\n<li>Natural watercourses and wetlands (streams, lakes and rivers, etc.).<\/li>\n<li>Areas with high conservation values \u200b\u200b(high biodiversity, intact forest landscapes, drinking water and groundwater, etc.).<\/li>\n<\/ul>\n<p>Other considerations for biodiversity must also be taken into account. In a Danish FSC forest, this is done, for example, by leaving treetops, tall stumps and trees to decay and die, by leaving parts of the forest untouched, and by taking special care of sensitive bird species.<\/p>\n<p><strong>Respect for indigenous peoples&#8217; rights to use the forests<\/strong><br \/>In an FSC forest, it is a requirement that the forest owner respects the rights of indigenous peoples to use and have access to the forest. This also means the right to manage the forest and access to the resources that the forest can provide.<\/p>\n<p><strong>Fair wages and decent working conditions for forest workers<\/strong><br \/>In an FSC-certified forest, it is a requirement that workers are educated, receive a decent wage and have decent working conditions &#8211; for example in terms of health and safety. In addition, the basic labor rights based on ILO conventions must be respected.<\/p>\n\t\t\t\t\t\t\t\t<\/div>\n\t\t\t\t<\/div>\n\t\t\t\t<\/div>\n\t\t\t\t\t<\/div>\n\t\t\t\t<\/div>\n\t\t<div class=\"elementor-element elementor-element-7ec2a5b e-flex e-con-boxed e-con e-parent\" data-id=\"7ec2a5b\" data-element_type=\"container\" data-settings=\"{&quot;background_background&quot;:&quot;classic&quot;}\">\n\t\t\t\t\t<div class=\"e-con-inner\">\n\t\t<div class=\"elementor-element elementor-element-36a0ab9 e-con-full e-flex e-con e-child\" data-id=\"36a0ab9\" data-element_type=\"container\">\n\t\t\t\t<div class=\"elementor-element elementor-element-0a24128 elementor-widget elementor-widget-text-editor\" data-id=\"0a24128\" data-element_type=\"widget\" data-widget_type=\"text-editor.default\">\n\t\t\t\t<div class=\"elementor-widget-container\">\n\t\t\t\t\t\t\t\t\t<p><strong>Gender equality for forest workers<\/strong><br \/>FSC sets a number of requirements for certified forest owners to promote gender equality. For example, FSC requires that women and men have access to the same jobs under the same conditions, are paid the same wage for the same work, and women are encouraged to participate actively in all types of work. In addition, FSC requires that there are systems in place that promote gender equality and prevent discrimination.<\/p>\n<p><strong>Good relations and support for local communities<\/strong><br \/>The forest owner must provide the local community with reasonable opportunities for, for example, employment by hiring local labor, if possible, and the opportunity to use the forest for recreational purposes, education and other purposes. FSC also requires that the forest owner has regular contact and dialogue with neighbors and users of the forest, if the forest management has an impact on them. In addition, it is a requirement that the forest owner contributes to economic and social development in the local community &#8211; examples of this are forest owners who finance better access to drinking water and schooling.<\/p>\n<p><strong>Protection of ecosystem services<\/strong><br \/>In addition to being FSC certified, forest owners can use FSC to document that they are making an extra effort to protect certain ecosystem services such as water and biodiversity in their forest and attract investors who are willing to sponsor this.<\/p>\n<p><strong>A healthy forest business<\/strong><br \/>FSC requires that the forest owner ensure an economically responsible forest property. Among other things, by offering hunting rentals and other benefits and forest products that can generate income in addition to selling quality wood. But also by ensuring that logging does not exceed the forest&#8217;s growth.<\/p>\n\t\t\t\t\t\t\t\t<\/div>\n\t\t\t\t<\/div>\n\t\t\t\t<\/div>\n\t\t<div class=\"elementor-element elementor-element-6de028a e-con-full e-flex e-con e-child\" data-id=\"6de028a\" data-element_type=\"container\">\n\t\t\t\t<div class=\"elementor-element elementor-element-54fb4c6 elementor-widget elementor-widget-text-editor\" data-id=\"54fb4c6\" data-element_type=\"widget\" data-widget_type=\"text-editor.default\">\n\t\t\t\t<div class=\"elementor-widget-container\">\n\t\t\t\t\t\t\t\t\t<p><strong>Economic incentive for responsible forestry<\/strong><br \/>With FSC certification, forest owners gain access to more markets, the opportunity to get higher prices for their wood, and a forest property that will be more attractive to investors. With increasing demand for certified products, the economic incentive for certification and responsible forestry increases.<\/p>\n<p><strong>Strict requirements for the use of pesticides<\/strong><br \/>FSC-certified forest owners may not use pesticides that are prohibited according to the FSC pesticide policy to control pests and must generally avoid pesticides. The FSC pesticide policy is stricter than general legislation in the field.<\/p>\n<p><strong>\u200bProtection of cultural values<\/strong><br \/>FSC requires that areas of archaeological and historical importance, such as ancient monuments, are protected. This also applies to areas of important cultural, ecological, economic, or religious importance to local communities and indigenous peoples. For example, sacred sites and burial grounds.<\/p>\n<h2>Did you know?<\/h2>\n<p>Wood stores carbon both in forests and in durable wood products, thereby reducing the CO2 content in the atmosphere.<\/p>\n\t\t\t\t\t\t\t\t<\/div>\n\t\t\t\t<\/div>\n\t\t\t\t<\/div>\n\t\t\t\t\t<\/div>\n\t\t\t\t<\/div>\n\t\t\t\t<\/div>\n\t\t","protected":false},"excerpt":{"rendered":"<p>FSC\u00ae\u200b certificationAsk about our certified products Einar Ris\u00f8r Finerhandel A\/S is FSC\u00ae certified under certificate no.: PBN-COC-011798 and PBN-CW-011798.\u200b Download the certificate here: fsc-certificate\u200b FSC\u00ae is the world&#8217;s most ambitious global certification for responsible forestry and your security for wood and paper from well-managed forests and other responsible sources. FSC\u00ae works for both nature and &#8230; <a title=\"FSC\u00ae\" class=\"read-more\" href=\"https:\/\/risorfiner.dk\/en\/fsc\/\" aria-label=\"Read more about FSC\u00ae\">Read more<\/a><\/p>\n","protected":false},"author":5,"featured_media":0,"parent":0,"menu_order":1005,"comment_status":"closed","ping_status":"closed","template":"","meta":{"_acf_changed":false,"footnotes":""},"categories":[],"class_list":["post-9948","page","type-page","status-publish"],"acf":[],"yoast_head":"<!-- This site is optimized with the Yoast SEO plugin v26.8 - https:\/\/yoast.com\/product\/yoast-seo-wordpress\/ -->\n<title>FSC\u00ae | Einar Ris\u00f8r Fin\u00e9rhandel A\/S<\/title>\n<meta name=\"robots\" content=\"index, follow, max-snippet:-1, max-image-preview:large, max-video-preview:-1\" \/>\n<link rel=\"canonical\" href=\"https:\/\/risorfiner.dk\/en\/fsc\/\" \/>\n<meta property=\"og:locale\" content=\"en_US\" \/>\n<meta property=\"og:type\" content=\"article\" \/>\n<meta property=\"og:title\" content=\"FSC\u00ae | Einar Ris\u00f8r Fin\u00e9rhandel A\/S\" \/>\n<meta property=\"og:description\" content=\"FSC\u00ae\u200b certificationAsk about our certified products Einar Ris\u00f8r Finerhandel A\/S is FSC\u00ae certified under certificate no.: PBN-COC-011798 and PBN-CW-011798.\u200b Download the certificate here: fsc-certificate\u200b FSC\u00ae is the world&#8217;s most ambitious global certification for responsible forestry and your security for wood and paper from well-managed forests and other responsible sources. FSC\u00ae works for both nature and ... Read more\" \/>\n<meta property=\"og:url\" content=\"https:\/\/risorfiner.dk\/en\/fsc\/\" \/>\n<meta property=\"og:site_name\" content=\"Einar Ris\u00f8r Fin\u00e9rhandel A\/S\" \/>\n<meta property=\"article:modified_time\" content=\"2025-08-20T08:48:11+00:00\" \/>\n<meta property=\"og:image\" content=\"https:\/\/risorfiner.dk\/wp-content\/uploads\/2025\/08\/p-1.png\" \/>\n<meta name=\"twitter:card\" content=\"summary_large_image\" \/>\n<meta name=\"twitter:label1\" content=\"Est. reading time\" \/>\n\t<meta name=\"twitter:data1\" content=\"5 minutes\" \/>\n<script type=\"application\/ld+json\" class=\"yoast-schema-graph\">{\"@context\":\"https:\/\/schema.org\",\"@graph\":[{\"@type\":\"WebPage\",\"@id\":\"https:\/\/risorfiner.dk\/en\/fsc\/\",\"url\":\"https:\/\/risorfiner.dk\/en\/fsc\/\",\"name\":\"FSC\u00ae | Einar Ris\u00f8r Fin\u00e9rhandel A\/S\",\"isPartOf\":{\"@id\":\"https:\/\/risorfiner.webserver9.dk\/#website\"},\"primaryImageOfPage\":{\"@id\":\"https:\/\/risorfiner.dk\/en\/fsc\/#primaryimage\"},\"image\":{\"@id\":\"https:\/\/risorfiner.dk\/en\/fsc\/#primaryimage\"},\"thumbnailUrl\":\"https:\/\/risorfiner.dk\/wp-content\/uploads\/2025\/08\/p-1.png\",\"datePublished\":\"2025-02-27T09:18:59+00:00\",\"dateModified\":\"2025-08-20T08:48:11+00:00\",\"breadcrumb\":{\"@id\":\"https:\/\/risorfiner.dk\/en\/fsc\/#breadcrumb\"},\"inLanguage\":\"en-US\",\"potentialAction\":[{\"@type\":\"ReadAction\",\"target\":[\"https:\/\/risorfiner.dk\/en\/fsc\/\"]}]},{\"@type\":\"ImageObject\",\"inLanguage\":\"en-US\",\"@id\":\"https:\/\/risorfiner.dk\/en\/fsc\/#primaryimage\",\"url\":\"https:\/\/risorfiner.dk\/wp-content\/uploads\/2025\/08\/p-1.png\",\"contentUrl\":\"https:\/\/risorfiner.dk\/wp-content\/uploads\/2025\/08\/p-1.png\"},{\"@type\":\"BreadcrumbList\",\"@id\":\"https:\/\/risorfiner.dk\/en\/fsc\/#breadcrumb\",\"itemListElement\":[{\"@type\":\"ListItem\",\"position\":1,\"name\":\"Forside\",\"item\":\"https:\/\/risorfiner.webserver9.dk\/\"},{\"@type\":\"ListItem\",\"position\":2,\"name\":\"FSC\u00ae\"}]},{\"@type\":\"WebSite\",\"@id\":\"https:\/\/risorfiner.webserver9.dk\/#website\",\"url\":\"https:\/\/risorfiner.webserver9.dk\/\",\"name\":\"Einar Ris\u00f8r Fin\u00e9rhandel A\/S\",\"description\":\"tr\u00e6 &amp; Fin\u00e9r til m\u00f8bel-, d\u00f8r-, og k\u00f8kkenfabrikker\",\"publisher\":{\"@id\":\"https:\/\/risorfiner.webserver9.dk\/#organization\"},\"potentialAction\":[{\"@type\":\"SearchAction\",\"target\":{\"@type\":\"EntryPoint\",\"urlTemplate\":\"https:\/\/risorfiner.webserver9.dk\/?s={search_term_string}\"},\"query-input\":{\"@type\":\"PropertyValueSpecification\",\"valueRequired\":true,\"valueName\":\"search_term_string\"}}],\"inLanguage\":\"en-US\"},{\"@type\":\"Organization\",\"@id\":\"https:\/\/risorfiner.webserver9.dk\/#organization\",\"name\":\"Einar Ris\u00f8r Fin\u00e9rhandel A\/S\",\"url\":\"https:\/\/risorfiner.webserver9.dk\/\",\"logo\":{\"@type\":\"ImageObject\",\"inLanguage\":\"en-US\",\"@id\":\"https:\/\/risorfiner.webserver9.dk\/#\/schema\/logo\/image\/\",\"url\":\"https:\/\/risorfiner.dk\/wp-content\/uploads\/2025\/02\/logo-strukket_314_318.png\",\"contentUrl\":\"https:\/\/risorfiner.dk\/wp-content\/uploads\/2025\/02\/logo-strukket_314_318.png\",\"width\":350,\"height\":105,\"caption\":\"Einar Ris\u00f8r Fin\u00e9rhandel A\/S\"},\"image\":{\"@id\":\"https:\/\/risorfiner.webserver9.dk\/#\/schema\/logo\/image\/\"}}]}<\/script>\n<!-- \/ Yoast SEO plugin. -->","yoast_head_json":{"title":"FSC\u00ae | Einar Ris\u00f8r Fin\u00e9rhandel A\/S","robots":{"index":"index","follow":"follow","max-snippet":"max-snippet:-1","max-image-preview":"max-image-preview:large","max-video-preview":"max-video-preview:-1"},"canonical":"https:\/\/risorfiner.dk\/en\/fsc\/","og_locale":"en_US","og_type":"article","og_title":"FSC\u00ae | Einar Ris\u00f8r Fin\u00e9rhandel A\/S","og_description":"FSC\u00ae\u200b certificationAsk about our certified products Einar Ris\u00f8r Finerhandel A\/S is FSC\u00ae certified under certificate no.: PBN-COC-011798 and PBN-CW-011798.\u200b Download the certificate here: fsc-certificate\u200b FSC\u00ae is the world&#8217;s most ambitious global certification for responsible forestry and your security for wood and paper from well-managed forests and other responsible sources. FSC\u00ae works for both nature and ... Read more","og_url":"https:\/\/risorfiner.dk\/en\/fsc\/","og_site_name":"Einar Ris\u00f8r Fin\u00e9rhandel A\/S","article_modified_time":"2025-08-20T08:48:11+00:00","og_image":[{"url":"https:\/\/risorfiner.dk\/wp-content\/uploads\/2025\/08\/p-1.png","type":"","width":"","height":""}],"twitter_card":"summary_large_image","twitter_misc":{"Est. reading time":"5 minutes"},"schema":{"@context":"https:\/\/schema.org","@graph":[{"@type":"WebPage","@id":"https:\/\/risorfiner.dk\/en\/fsc\/","url":"https:\/\/risorfiner.dk\/en\/fsc\/","name":"FSC\u00ae | Einar Ris\u00f8r Fin\u00e9rhandel A\/S","isPartOf":{"@id":"https:\/\/risorfiner.webserver9.dk\/#website"},"primaryImageOfPage":{"@id":"https:\/\/risorfiner.dk\/en\/fsc\/#primaryimage"},"image":{"@id":"https:\/\/risorfiner.dk\/en\/fsc\/#primaryimage"},"thumbnailUrl":"https:\/\/risorfiner.dk\/wp-content\/uploads\/2025\/08\/p-1.png","datePublished":"2025-02-27T09:18:59+00:00","dateModified":"2025-08-20T08:48:11+00:00","breadcrumb":{"@id":"https:\/\/risorfiner.dk\/en\/fsc\/#breadcrumb"},"inLanguage":"en-US","potentialAction":[{"@type":"ReadAction","target":["https:\/\/risorfiner.dk\/en\/fsc\/"]}]},{"@type":"ImageObject","inLanguage":"en-US","@id":"https:\/\/risorfiner.dk\/en\/fsc\/#primaryimage","url":"https:\/\/risorfiner.dk\/wp-content\/uploads\/2025\/08\/p-1.png","contentUrl":"https:\/\/risorfiner.dk\/wp-content\/uploads\/2025\/08\/p-1.png"},{"@type":"BreadcrumbList","@id":"https:\/\/risorfiner.dk\/en\/fsc\/#breadcrumb","itemListElement":[{"@type":"ListItem","position":1,"name":"Forside","item":"https:\/\/risorfiner.webserver9.dk\/"},{"@type":"ListItem","position":2,"name":"FSC\u00ae"}]},{"@type":"WebSite","@id":"https:\/\/risorfiner.webserver9.dk\/#website","url":"https:\/\/risorfiner.webserver9.dk\/","name":"Einar Ris\u00f8r Fin\u00e9rhandel A\/S","description":"tr\u00e6 &amp; Fin\u00e9r til m\u00f8bel-, d\u00f8r-, og k\u00f8kkenfabrikker","publisher":{"@id":"https:\/\/risorfiner.webserver9.dk\/#organization"},"potentialAction":[{"@type":"SearchAction","target":{"@type":"EntryPoint","urlTemplate":"https:\/\/risorfiner.webserver9.dk\/?s={search_term_string}"},"query-input":{"@type":"PropertyValueSpecification","valueRequired":true,"valueName":"search_term_string"}}],"inLanguage":"en-US"},{"@type":"Organization","@id":"https:\/\/risorfiner.webserver9.dk\/#organization","name":"Einar Ris\u00f8r Fin\u00e9rhandel A\/S","url":"https:\/\/risorfiner.webserver9.dk\/","logo":{"@type":"ImageObject","inLanguage":"en-US","@id":"https:\/\/risorfiner.webserver9.dk\/#\/schema\/logo\/image\/","url":"https:\/\/risorfiner.dk\/wp-content\/uploads\/2025\/02\/logo-strukket_314_318.png","contentUrl":"https:\/\/risorfiner.dk\/wp-content\/uploads\/2025\/02\/logo-strukket_314_318.png","width":350,"height":105,"caption":"Einar Ris\u00f8r Fin\u00e9rhandel A\/S"},"image":{"@id":"https:\/\/risorfiner.webserver9.dk\/#\/schema\/logo\/image\/"}}]}},"_links":{"self":[{"href":"https:\/\/risorfiner.dk\/en\/wp-json\/wp\/v2\/pages\/9948","targetHints":{"allow":["GET"]}}],"collection":[{"href":"https:\/\/risorfiner.dk\/en\/wp-json\/wp\/v2\/pages"}],"about":[{"href":"https:\/\/risorfiner.dk\/en\/wp-json\/wp\/v2\/types\/page"}],"author":[{"embeddable":true,"href":"https:\/\/risorfiner.dk\/en\/wp-json\/wp\/v2\/users\/5"}],"replies":[{"embeddable":true,"href":"https:\/\/risorfiner.dk\/en\/wp-json\/wp\/v2\/comments?post=9948"}],"version-history":[{"count":13,"href":"https:\/\/risorfiner.dk\/en\/wp-json\/wp\/v2\/pages\/9948\/revisions"}],"predecessor-version":[{"id":10049,"href":"https:\/\/risorfiner.dk\/en\/wp-json\/wp\/v2\/pages\/9948\/revisions\/10049"}],"wp:attachment":[{"href":"https:\/\/risorfiner.dk\/en\/wp-json\/wp\/v2\/media?parent=9948"}],"wp:term":[{"taxonomy":"category","embeddable":true,"href":"https:\/\/risorfiner.dk\/en\/wp-json\/wp\/v2\/categories?post=9948"}],"curies":[{"name":"wp","href":"https:\/\/api.w.org\/{rel}","templated":true}]}}