{"id":9946,"date":"2025-02-27T10:18:58","date_gmt":"2025-02-27T09:18:58","guid":{"rendered":"https:\/\/risorfiner.dk\/eutr\/"},"modified":"2025-08-20T10:49:32","modified_gmt":"2025-08-20T08:49:32","slug":"eutr","status":"publish","type":"page","link":"https:\/\/risorfiner.dk\/en\/eutr\/","title":{"rendered":"EUTR"},"content":{"rendered":"\t\t<div data-elementor-type=\"wp-page\" data-elementor-id=\"9946\" class=\"elementor elementor-9946 elementor-9402\" data-elementor-post-type=\"page\">\n\t\t\t\t<div class=\"elementor-element elementor-element-a78dd33 e-flex e-con-boxed e-con e-parent\" data-id=\"a78dd33\" data-element_type=\"container\">\n\t\t\t\t\t<div class=\"e-con-inner\">\n\t\t<div class=\"elementor-element elementor-element-bdbf506 e-con-full e-flex e-con e-child\" data-id=\"bdbf506\" data-element_type=\"container\">\n\t\t\t\t<div class=\"elementor-element elementor-element-7219b0d elementor-widget elementor-widget-text-editor\" data-id=\"7219b0d\" data-element_type=\"widget\" data-widget_type=\"text-editor.default\">\n\t\t\t\t<div class=\"elementor-widget-container\">\n\t\t\t\t\t\t\t\t\t<h1>EUTR &#8211; European Timber Regulation<\/h1>\n<p>Einar Ris\u00f8r A\/S unconditionally rejects illegal logging and the further processing and sale of illegal timber. We are committed to working with our suppliers and other stakeholders to eliminate the problem.<\/p>\n<p>The EU Timber Regulation, in English called the EU Timber Regulation or simply EUTR, contains obligations for all actors who handle timber or timber products on the European market.<\/p>\n<h2>The regulation prohibits the marketing of illegally harvested timber in the EU. This applies to imported timber as well as timber harvested in the EU.<\/h2>\n<p>The purpose of the EU Timber Regulation (EUTR) is to combat illegal logging and discourage trade in illegally harvested timber.<\/p>\n<p>In 2003, the EU Commission adopted the so-called FLEGT action plan to curb illegal logging and deforestation in the world&#8217;s forests.<\/p>\n<p>FLEGT stands for Forest Law Enforcement, Governance and Trade.<\/p>\n\t\t\t\t\t\t\t\t<\/div>\n\t\t\t\t<\/div>\n\t\t<div class=\"elementor-element elementor-element-978adf7 e-con-full e-flex e-con e-child\" data-id=\"978adf7\" data-element_type=\"container\">\n\t\t<div class=\"elementor-element elementor-element-c70335e e-con-full e-flex e-con e-child\" data-id=\"c70335e\" data-element_type=\"container\">\n\t\t\t\t<div class=\"elementor-element elementor-element-d7f5390 elementor-widget elementor-widget-image\" data-id=\"d7f5390\" data-element_type=\"widget\" data-widget_type=\"image.default\">\n\t\t\t\t<div class=\"elementor-widget-container\">\n\t\t\t\t\t\t\t\t\t\t\t\t\t\t\t\t<a href=\"https:\/\/risorfiner.dk\/pefc\/\">\n\t\t\t\t\t\t\t<img fetchpriority=\"high\" decoding=\"async\" width=\"740\" height=\"882\" src=\"https:\/\/risorfiner.dk\/wp-content\/uploads\/2025\/08\/p-1.png\" class=\"attachment-large size-large wp-image-10043\" alt=\"\" srcset=\"https:\/\/risorfiner.dk\/wp-content\/uploads\/2025\/08\/p-1.png 740w, https:\/\/risorfiner.dk\/wp-content\/uploads\/2025\/08\/p-1-420x500.png 420w\" sizes=\"(max-width: 740px) 100vw, 740px\" \/>\t\t\t\t\t\t\t\t<\/a>\n\t\t\t\t\t\t\t\t\t\t\t\t\t\t\t<\/div>\n\t\t\t\t<\/div>\n\t\t\t\t<\/div>\n\t\t<div class=\"elementor-element elementor-element-515d228 e-con-full e-flex e-con e-child\" data-id=\"515d228\" data-element_type=\"container\">\n\t\t\t\t<div class=\"elementor-element elementor-element-9216122 elementor-widget elementor-widget-image\" data-id=\"9216122\" data-element_type=\"widget\" data-widget_type=\"image.default\">\n\t\t\t\t<div class=\"elementor-widget-container\">\n\t\t\t\t\t\t\t\t\t\t\t\t\t\t\t\t<a href=\"https:\/\/risorfiner.dk\/fsc\/\">\n\t\t\t\t\t\t\t<img decoding=\"async\" width=\"211\" height=\"109\" src=\"https:\/\/risorfiner.dk\/wp-content\/uploads\/2025\/08\/fsc-logo_86_19.png\" class=\"attachment-large size-large wp-image-10045\" alt=\"\" \/>\t\t\t\t\t\t\t\t<\/a>\n\t\t\t\t\t\t\t\t\t\t\t\t\t\t\t<\/div>\n\t\t\t\t<\/div>\n\t\t\t\t<\/div>\n\t\t\t\t<\/div>\n\t\t\t\t<\/div>\n\t\t<div class=\"elementor-element elementor-element-e9de900 e-con-full e-flex e-con e-child\" data-id=\"e9de900\" data-element_type=\"container\">\n\t\t\t\t<div class=\"elementor-element elementor-element-1122d6c elementor-widget elementor-widget-image\" data-id=\"1122d6c\" data-element_type=\"widget\" data-widget_type=\"image.default\">\n\t\t\t\t<div class=\"elementor-widget-container\">\n\t\t\t\t\t\t\t\t\t\t\t\t\t\t\t<img decoding=\"async\" width=\"1000\" height=\"750\" src=\"https:\/\/risorfiner.dk\/wp-content\/uploads\/2025\/03\/heart-1288420_1280-1000x750.jpg\" class=\"attachment-large size-large wp-image-9658\" alt=\"\" srcset=\"https:\/\/risorfiner.dk\/wp-content\/uploads\/2025\/03\/heart-1288420_1280-1000x750.jpg 1000w, https:\/\/risorfiner.dk\/wp-content\/uploads\/2025\/03\/heart-1288420_1280-500x375.jpg 500w, https:\/\/risorfiner.dk\/wp-content\/uploads\/2025\/03\/heart-1288420_1280-768x576.jpg 768w, https:\/\/risorfiner.dk\/wp-content\/uploads\/2025\/03\/heart-1288420_1280.jpg 1280w\" sizes=\"(max-width: 1000px) 100vw, 1000px\" \/>\t\t\t\t\t\t\t\t\t\t\t\t\t\t\t<\/div>\n\t\t\t\t<\/div>\n\t\t\t\t<\/div>\n\t\t\t\t\t<\/div>\n\t\t\t\t<\/div>\n\t\t<div class=\"elementor-element elementor-element-7444b80 e-flex e-con-boxed e-con e-parent\" data-id=\"7444b80\" data-element_type=\"container\" data-settings=\"{&quot;background_background&quot;:&quot;classic&quot;}\">\n\t\t\t\t\t<div class=\"e-con-inner\">\n\t\t<div class=\"elementor-element elementor-element-c999b8b e-con-full e-flex e-con e-child\" data-id=\"c999b8b\" data-element_type=\"container\">\n\t\t\t\t<div class=\"elementor-element elementor-element-c879fc5 elementor-widget elementor-widget-text-editor\" data-id=\"c879fc5\" data-element_type=\"widget\" data-widget_type=\"text-editor.default\">\n\t\t\t\t<div class=\"elementor-widget-container\">\n\t\t\t\t\t\t\t\t\t<div class=\"column step-3-12 step-2-6\">\n<div id=\"site-container-2899\" class=\"Container Placeholder AutoResizable con-93 \" data-snap=\"1\">\n<div class=\"row\">\n<div class=\"column step-3-12\">\n<div id=\"site-container-2903\" class=\"Container ModuleElement Textarea AutoResizable con-114 \" data-snap=\"1\" data-containertype=\"Textarea\" data-moduleelement=\"1490\">\n<div class=\"Module-1490 Textarea\">\n<p>The Action Plan outlines a number of initiatives that link good governance in developing countries with legal trade instruments and the leverage of the EU internal market.<\/p>\n<p>The EU Timber Regulation, EUTR, does not require that the legality of the timber be proven. However, the EUTR specifies elements of a due diligence system that companies must establish. The system is intended to minimise the risk of trading in illegal timber.<\/p>\n<p>Companies can establish their own due diligence system, or they can use a system developed by a &#8220;monitoring body&#8221; a so-called Monitoring Organisation (MO).<\/p>\n<\/div>\n<p><\/div>\n<p><\/div>\n<p><\/div>\n<p><\/div>\n<p><\/div>\n\t\t\t\t\t\t\t\t<\/div>\n\t\t\t\t<\/div>\n\t\t\t\t<\/div>\n\t\t<div class=\"elementor-element elementor-element-9924da4 e-con-full e-flex e-con e-child\" data-id=\"9924da4\" data-element_type=\"container\">\n\t\t\t\t<div class=\"elementor-element elementor-element-8dc2e4d elementor-widget elementor-widget-text-editor\" data-id=\"8dc2e4d\" data-element_type=\"widget\" data-widget_type=\"text-editor.default\">\n\t\t\t\t<div class=\"elementor-widget-container\">\n\t\t\t\t\t\t\t\t\t<p>The due diligence system must ensure that the company has access to specific information about the timber products, including the country of harvest, wood species, quantity or weight, information about who the goods were purchased from and information that demonstrates compliance with the legislation in the country of harvest.<\/p>\n<p>A due diligence system must also include a risk analysis that enables companies to assess whether the wood has been harvested in accordance with the legislation in the country of harvest.<\/p>\n<p>Except where the risk can be said to be negligible, companies are obliged to implement risk-mitigating measures. Such measures can range from requiring additional documentation of legality from the supplier through third-party verification to changing the supplier.<\/p>\n\t\t\t\t\t\t\t\t<\/div>\n\t\t\t\t<\/div>\n\t\t\t\t<\/div>\n\t\t\t\t\t<\/div>\n\t\t\t\t<\/div>\n\t\t<div class=\"elementor-element elementor-element-997ffb0 e-flex e-con-boxed e-con e-parent\" data-id=\"997ffb0\" data-element_type=\"container\" data-settings=\"{&quot;background_background&quot;:&quot;classic&quot;}\">\n\t\t\t\t\t<div class=\"e-con-inner\">\n\t\t<div class=\"elementor-element elementor-element-75fd01d e-con-full e-flex e-con e-child\" data-id=\"75fd01d\" data-element_type=\"container\">\n\t\t\t\t<div class=\"elementor-element elementor-element-094a13c elementor-widget elementor-widget-text-editor\" data-id=\"094a13c\" data-element_type=\"widget\" data-widget_type=\"text-editor.default\">\n\t\t\t\t<div class=\"elementor-widget-container\">\n\t\t\t\t\t\t\t\t\t<div class=\"column step-3-12 step-2-6\">\n<div id=\"site-container-2899\" class=\"Container Placeholder AutoResizable con-93 \" data-snap=\"1\">\n<div class=\"row\">\n<div class=\"column step-3-12\">\n<div id=\"site-container-2903\" class=\"Container ModuleElement Textarea AutoResizable con-114 \" data-snap=\"1\" data-containertype=\"Textarea\" data-moduleelement=\"1490\">\n<div class=\"Module-1490 Textarea\">\n<p>The due diligence requirement only applies to companies that place timber and timber products on the market for the first time, such as importers or forest owners. For products already on the market, traceability is required.<\/p>\n<p>Companies are obliged to maintain and regularly evaluate their due diligence system.<\/p>\n<p>However, this does not apply in cases where companies use a due diligence system developed by a monitoring body.<\/p>\n<p>In these cases, it is the monitoring body&#8217;s duty to maintain and evaluate the due diligence system offered to users.<\/p>\n<\/div>\n<p><\/div>\n<p><\/div>\n<p><\/div>\n<p><\/div>\n<p><\/div>\n\t\t\t\t\t\t\t\t<\/div>\n\t\t\t\t<\/div>\n\t\t\t\t<\/div>\n\t\t<div class=\"elementor-element elementor-element-4f12986 e-con-full e-flex e-con e-child\" data-id=\"4f12986\" data-element_type=\"container\">\n\t\t\t\t<div class=\"elementor-element elementor-element-5407742 elementor-widget elementor-widget-text-editor\" data-id=\"5407742\" data-element_type=\"widget\" data-widget_type=\"text-editor.default\">\n\t\t\t\t<div class=\"elementor-widget-container\">\n\t\t\t\t\t\t\t\t\t<p>For all traders of wood and wood products in the EU, including those who simply resell wood and wood products after the wood has been placed on the EU market for the first time, an obligation is introduced to keep track of who the wood was purchased from and to whom it was resold.<\/p>\n<p>Did you know?<br \/>As a raw material, wood can substitute products that are more energy-intensive<br \/>As a biofuel, wood can substitute fossil fuels<\/p>\n<p>The EU Timber Regulation (EUTR) covers virtually all wood products from all countries of origin, regardless of whether they are produced in or outside the EU.<\/p>\n<p>Einar Ris\u00f8r Finerhandel A\/S has of course implemented a due diligence system.<\/p>\n\t\t\t\t\t\t\t\t<\/div>\n\t\t\t\t<\/div>\n\t\t\t\t<\/div>\n\t\t\t\t\t<\/div>\n\t\t\t\t<\/div>\n\t\t\t\t<\/div>\n\t\t","protected":false},"excerpt":{"rendered":"<p>EUTR &#8211; European Timber Regulation Einar Ris\u00f8r A\/S unconditionally rejects illegal logging and the further processing and sale of illegal timber. We are committed to working with our suppliers and other stakeholders to eliminate the problem. The EU Timber Regulation, in English called the EU Timber Regulation or simply EUTR, contains obligations for all actors &#8230; <a title=\"EUTR\" class=\"read-more\" href=\"https:\/\/risorfiner.dk\/en\/eutr\/\" aria-label=\"Read more about EUTR\">Read more<\/a><\/p>\n","protected":false},"author":5,"featured_media":0,"parent":0,"menu_order":1004,"comment_status":"closed","ping_status":"closed","template":"","meta":{"_acf_changed":false,"footnotes":""},"categories":[],"class_list":["post-9946","page","type-page","status-publish"],"acf":[],"yoast_head":"<!-- This site is optimized with the Yoast SEO plugin v26.8 - https:\/\/yoast.com\/product\/yoast-seo-wordpress\/ -->\n<title>EUTR | Einar Ris\u00f8r Fin\u00e9rhandel A\/S<\/title>\n<meta name=\"robots\" content=\"index, follow, max-snippet:-1, max-image-preview:large, max-video-preview:-1\" \/>\n<link rel=\"canonical\" href=\"https:\/\/risorfiner.dk\/en\/eutr\/\" \/>\n<meta property=\"og:locale\" content=\"en_US\" \/>\n<meta property=\"og:type\" content=\"article\" \/>\n<meta property=\"og:title\" content=\"EUTR | Einar Ris\u00f8r Fin\u00e9rhandel A\/S\" \/>\n<meta property=\"og:description\" content=\"EUTR &#8211; European Timber Regulation Einar Ris\u00f8r A\/S unconditionally rejects illegal logging and the further processing and sale of illegal timber. We are committed to working with our suppliers and other stakeholders to eliminate the problem. The EU Timber Regulation, in English called the EU Timber Regulation or simply EUTR, contains obligations for all actors ... Read more\" \/>\n<meta property=\"og:url\" content=\"https:\/\/risorfiner.dk\/en\/eutr\/\" \/>\n<meta property=\"og:site_name\" content=\"Einar Ris\u00f8r Fin\u00e9rhandel A\/S\" \/>\n<meta property=\"article:modified_time\" content=\"2025-08-20T08:49:32+00:00\" \/>\n<meta property=\"og:image\" content=\"https:\/\/risorfiner.dk\/wp-content\/uploads\/2025\/08\/p-1.png\" \/>\n<meta name=\"twitter:card\" content=\"summary_large_image\" \/>\n<meta name=\"twitter:label1\" content=\"Est. reading time\" \/>\n\t<meta name=\"twitter:data1\" content=\"3 minutes\" \/>\n<script type=\"application\/ld+json\" class=\"yoast-schema-graph\">{\"@context\":\"https:\/\/schema.org\",\"@graph\":[{\"@type\":\"WebPage\",\"@id\":\"https:\/\/risorfiner.dk\/en\/eutr\/\",\"url\":\"https:\/\/risorfiner.dk\/en\/eutr\/\",\"name\":\"EUTR | Einar Ris\u00f8r Fin\u00e9rhandel A\/S\",\"isPartOf\":{\"@id\":\"https:\/\/risorfiner.webserver9.dk\/#website\"},\"primaryImageOfPage\":{\"@id\":\"https:\/\/risorfiner.dk\/en\/eutr\/#primaryimage\"},\"image\":{\"@id\":\"https:\/\/risorfiner.dk\/en\/eutr\/#primaryimage\"},\"thumbnailUrl\":\"https:\/\/risorfiner.dk\/wp-content\/uploads\/2025\/08\/p-1.png\",\"datePublished\":\"2025-02-27T09:18:58+00:00\",\"dateModified\":\"2025-08-20T08:49:32+00:00\",\"breadcrumb\":{\"@id\":\"https:\/\/risorfiner.dk\/en\/eutr\/#breadcrumb\"},\"inLanguage\":\"en-US\",\"potentialAction\":[{\"@type\":\"ReadAction\",\"target\":[\"https:\/\/risorfiner.dk\/en\/eutr\/\"]}]},{\"@type\":\"ImageObject\",\"inLanguage\":\"en-US\",\"@id\":\"https:\/\/risorfiner.dk\/en\/eutr\/#primaryimage\",\"url\":\"https:\/\/risorfiner.dk\/wp-content\/uploads\/2025\/08\/p-1.png\",\"contentUrl\":\"https:\/\/risorfiner.dk\/wp-content\/uploads\/2025\/08\/p-1.png\"},{\"@type\":\"BreadcrumbList\",\"@id\":\"https:\/\/risorfiner.dk\/en\/eutr\/#breadcrumb\",\"itemListElement\":[{\"@type\":\"ListItem\",\"position\":1,\"name\":\"Forside\",\"item\":\"https:\/\/risorfiner.webserver9.dk\/\"},{\"@type\":\"ListItem\",\"position\":2,\"name\":\"EUTR\"}]},{\"@type\":\"WebSite\",\"@id\":\"https:\/\/risorfiner.webserver9.dk\/#website\",\"url\":\"https:\/\/risorfiner.webserver9.dk\/\",\"name\":\"Einar Ris\u00f8r Fin\u00e9rhandel A\/S\",\"description\":\"tr\u00e6 &amp; Fin\u00e9r til m\u00f8bel-, d\u00f8r-, og k\u00f8kkenfabrikker\",\"publisher\":{\"@id\":\"https:\/\/risorfiner.webserver9.dk\/#organization\"},\"potentialAction\":[{\"@type\":\"SearchAction\",\"target\":{\"@type\":\"EntryPoint\",\"urlTemplate\":\"https:\/\/risorfiner.webserver9.dk\/?s={search_term_string}\"},\"query-input\":{\"@type\":\"PropertyValueSpecification\",\"valueRequired\":true,\"valueName\":\"search_term_string\"}}],\"inLanguage\":\"en-US\"},{\"@type\":\"Organization\",\"@id\":\"https:\/\/risorfiner.webserver9.dk\/#organization\",\"name\":\"Einar Ris\u00f8r Fin\u00e9rhandel A\/S\",\"url\":\"https:\/\/risorfiner.webserver9.dk\/\",\"logo\":{\"@type\":\"ImageObject\",\"inLanguage\":\"en-US\",\"@id\":\"https:\/\/risorfiner.webserver9.dk\/#\/schema\/logo\/image\/\",\"url\":\"https:\/\/risorfiner.dk\/wp-content\/uploads\/2025\/02\/logo-strukket_314_318.png\",\"contentUrl\":\"https:\/\/risorfiner.dk\/wp-content\/uploads\/2025\/02\/logo-strukket_314_318.png\",\"width\":350,\"height\":105,\"caption\":\"Einar Ris\u00f8r Fin\u00e9rhandel A\/S\"},\"image\":{\"@id\":\"https:\/\/risorfiner.webserver9.dk\/#\/schema\/logo\/image\/\"}}]}<\/script>\n<!-- \/ Yoast SEO plugin. -->","yoast_head_json":{"title":"EUTR | Einar Ris\u00f8r Fin\u00e9rhandel A\/S","robots":{"index":"index","follow":"follow","max-snippet":"max-snippet:-1","max-image-preview":"max-image-preview:large","max-video-preview":"max-video-preview:-1"},"canonical":"https:\/\/risorfiner.dk\/en\/eutr\/","og_locale":"en_US","og_type":"article","og_title":"EUTR | Einar Ris\u00f8r Fin\u00e9rhandel A\/S","og_description":"EUTR &#8211; European Timber Regulation Einar Ris\u00f8r A\/S unconditionally rejects illegal logging and the further processing and sale of illegal timber. We are committed to working with our suppliers and other stakeholders to eliminate the problem. The EU Timber Regulation, in English called the EU Timber Regulation or simply EUTR, contains obligations for all actors ... Read more","og_url":"https:\/\/risorfiner.dk\/en\/eutr\/","og_site_name":"Einar Ris\u00f8r Fin\u00e9rhandel A\/S","article_modified_time":"2025-08-20T08:49:32+00:00","og_image":[{"url":"https:\/\/risorfiner.dk\/wp-content\/uploads\/2025\/08\/p-1.png","type":"","width":"","height":""}],"twitter_card":"summary_large_image","twitter_misc":{"Est. reading time":"3 minutes"},"schema":{"@context":"https:\/\/schema.org","@graph":[{"@type":"WebPage","@id":"https:\/\/risorfiner.dk\/en\/eutr\/","url":"https:\/\/risorfiner.dk\/en\/eutr\/","name":"EUTR | Einar Ris\u00f8r Fin\u00e9rhandel A\/S","isPartOf":{"@id":"https:\/\/risorfiner.webserver9.dk\/#website"},"primaryImageOfPage":{"@id":"https:\/\/risorfiner.dk\/en\/eutr\/#primaryimage"},"image":{"@id":"https:\/\/risorfiner.dk\/en\/eutr\/#primaryimage"},"thumbnailUrl":"https:\/\/risorfiner.dk\/wp-content\/uploads\/2025\/08\/p-1.png","datePublished":"2025-02-27T09:18:58+00:00","dateModified":"2025-08-20T08:49:32+00:00","breadcrumb":{"@id":"https:\/\/risorfiner.dk\/en\/eutr\/#breadcrumb"},"inLanguage":"en-US","potentialAction":[{"@type":"ReadAction","target":["https:\/\/risorfiner.dk\/en\/eutr\/"]}]},{"@type":"ImageObject","inLanguage":"en-US","@id":"https:\/\/risorfiner.dk\/en\/eutr\/#primaryimage","url":"https:\/\/risorfiner.dk\/wp-content\/uploads\/2025\/08\/p-1.png","contentUrl":"https:\/\/risorfiner.dk\/wp-content\/uploads\/2025\/08\/p-1.png"},{"@type":"BreadcrumbList","@id":"https:\/\/risorfiner.dk\/en\/eutr\/#breadcrumb","itemListElement":[{"@type":"ListItem","position":1,"name":"Forside","item":"https:\/\/risorfiner.webserver9.dk\/"},{"@type":"ListItem","position":2,"name":"EUTR"}]},{"@type":"WebSite","@id":"https:\/\/risorfiner.webserver9.dk\/#website","url":"https:\/\/risorfiner.webserver9.dk\/","name":"Einar Ris\u00f8r Fin\u00e9rhandel A\/S","description":"tr\u00e6 &amp; Fin\u00e9r til m\u00f8bel-, d\u00f8r-, og k\u00f8kkenfabrikker","publisher":{"@id":"https:\/\/risorfiner.webserver9.dk\/#organization"},"potentialAction":[{"@type":"SearchAction","target":{"@type":"EntryPoint","urlTemplate":"https:\/\/risorfiner.webserver9.dk\/?s={search_term_string}"},"query-input":{"@type":"PropertyValueSpecification","valueRequired":true,"valueName":"search_term_string"}}],"inLanguage":"en-US"},{"@type":"Organization","@id":"https:\/\/risorfiner.webserver9.dk\/#organization","name":"Einar Ris\u00f8r Fin\u00e9rhandel A\/S","url":"https:\/\/risorfiner.webserver9.dk\/","logo":{"@type":"ImageObject","inLanguage":"en-US","@id":"https:\/\/risorfiner.webserver9.dk\/#\/schema\/logo\/image\/","url":"https:\/\/risorfiner.dk\/wp-content\/uploads\/2025\/02\/logo-strukket_314_318.png","contentUrl":"https:\/\/risorfiner.dk\/wp-content\/uploads\/2025\/02\/logo-strukket_314_318.png","width":350,"height":105,"caption":"Einar Ris\u00f8r Fin\u00e9rhandel A\/S"},"image":{"@id":"https:\/\/risorfiner.webserver9.dk\/#\/schema\/logo\/image\/"}}]}},"_links":{"self":[{"href":"https:\/\/risorfiner.dk\/en\/wp-json\/wp\/v2\/pages\/9946","targetHints":{"allow":["GET"]}}],"collection":[{"href":"https:\/\/risorfiner.dk\/en\/wp-json\/wp\/v2\/pages"}],"about":[{"href":"https:\/\/risorfiner.dk\/en\/wp-json\/wp\/v2\/types\/page"}],"author":[{"embeddable":true,"href":"https:\/\/risorfiner.dk\/en\/wp-json\/wp\/v2\/users\/5"}],"replies":[{"embeddable":true,"href":"https:\/\/risorfiner.dk\/en\/wp-json\/wp\/v2\/comments?post=9946"}],"version-history":[{"count":9,"href":"https:\/\/risorfiner.dk\/en\/wp-json\/wp\/v2\/pages\/9946\/revisions"}],"predecessor-version":[{"id":10052,"href":"https:\/\/risorfiner.dk\/en\/wp-json\/wp\/v2\/pages\/9946\/revisions\/10052"}],"wp:attachment":[{"href":"https:\/\/risorfiner.dk\/en\/wp-json\/wp\/v2\/media?parent=9946"}],"wp:term":[{"taxonomy":"category","embeddable":true,"href":"https:\/\/risorfiner.dk\/en\/wp-json\/wp\/v2\/categories?post=9946"}],"curies":[{"name":"wp","href":"https:\/\/api.w.org\/{rel}","templated":true}]}}