{"id":9944,"date":"2025-02-27T10:18:58","date_gmt":"2025-02-27T09:18:58","guid":{"rendered":"https:\/\/risorfiner.dk\/environmental-policy\/"},"modified":"2025-08-13T13:00:06","modified_gmt":"2025-08-13T11:00:06","slug":"environmental-policy","status":"publish","type":"page","link":"https:\/\/risorfiner.dk\/en\/environmental-policy\/","title":{"rendered":"Environmental policy"},"content":{"rendered":"\t\t<div data-elementor-type=\"wp-page\" data-elementor-id=\"9944\" class=\"elementor elementor-9944 elementor-9401\" data-elementor-post-type=\"page\">\n\t\t\t\t<div class=\"elementor-element elementor-element-a057708 e-flex e-con-boxed e-con e-parent\" data-id=\"a057708\" data-element_type=\"container\">\n\t\t\t\t\t<div class=\"e-con-inner\">\n\t\t\t\t<div class=\"elementor-element elementor-element-2af559d elementor-widget__width-inherit elementor-widget elementor-widget-text-editor\" data-id=\"2af559d\" data-element_type=\"widget\" data-widget_type=\"text-editor.default\">\n\t\t\t\t<div class=\"elementor-widget-container\">\n\t\t\t\t\t\t\t\t\t<h1>ENVIRONMENTAL POLICY<\/h1>\n<p><strong>CODE OF CONDUCT FOR EINAR RIS\u00d8R A\/S<\/strong><\/p>\n\t\t\t\t\t\t\t\t<\/div>\n\t\t\t\t<\/div>\n\t\t\t\t\t<\/div>\n\t\t\t\t<\/div>\n\t\t<div class=\"elementor-element elementor-element-1329a92 e-flex e-con-boxed e-con e-parent\" data-id=\"1329a92\" data-element_type=\"container\">\n\t\t\t\t\t<div class=\"e-con-inner\">\n\t\t<div class=\"elementor-element elementor-element-5eecb59 e-con-full e-flex e-con e-child\" data-id=\"5eecb59\" data-element_type=\"container\">\n\t\t\t\t<div class=\"elementor-element elementor-element-6bb60e4 elementor-widget elementor-widget-text-editor\" data-id=\"6bb60e4\" data-element_type=\"widget\" data-widget_type=\"text-editor.default\">\n\t\t\t\t<div class=\"elementor-widget-container\">\n\t\t\t\t\t\t\t\t\t<p><strong>Point 1.<\/strong><br \/>Einar Ris\u00f8r A\/S must comply with all relevant legislation at Danish, EU and international level. \u200b<\/p>\n<p><strong>Point 2.<\/strong><br \/>Einar Ris\u00f8r A\/S must operate a fair and responsible business and demonstrate integrity and care in its daily business operations.\u200b<\/p>\n<p><strong>Point 3.<\/strong><br \/>Einar Ris\u00f8r A\/S must not distort facts or mislead customers or suppliers. This applies in any matter concerning a product or service, including, for example, the type of wood, origin, production conditions, quality, dimension, moisture content and any other property. Labeling of goods must be in accordance with relevant standards and certification schemes such as FSC\u00ae and PEFC.<\/p>\n<p><strong>Section 4.<\/strong><br \/>Einar Ris\u00f8r A\/S does not accept the logging, further processing and sale of illegal wood and is committed to working towards the elimination of the problem through cooperation with producers, suppliers and other stakeholders.<\/p>\n<p><strong>Section 5.<\/strong><br \/>Einar Ris\u00f8r A\/S must be traceability certified or otherwise ensure an unbroken chain of custody, support the certification process and contribute to promoting the sale of responsibly managed wood.<\/p>\n\t\t\t\t\t\t\t\t<\/div>\n\t\t\t\t<\/div>\n\t\t\t\t<\/div>\n\t\t<div class=\"elementor-element elementor-element-d9e5696 e-con-full e-flex e-con e-child\" data-id=\"d9e5696\" data-element_type=\"container\">\n\t\t\t\t<div class=\"elementor-element elementor-element-5a76eb6 elementor-widget elementor-widget-text-editor\" data-id=\"5a76eb6\" data-element_type=\"widget\" data-widget_type=\"text-editor.default\">\n\t\t\t\t<div class=\"elementor-widget-container\">\n\t\t\t\t\t\t\t\t\t<p>Einar Ris\u00f8r A\/S uses the recognized certification schemes PEFC and FSC\u00ae as documentation for responsibly managed wood.<\/p>\n<p>However, certain significant countries of origin only offer very limited quantities of certified wood, and Einar Ris\u00f8r A\/S is therefore committed to seeking alternative documentation.<\/p>\n<p><strong>Section 6.<\/strong><br \/>Einar Ris\u00f8r A\/S must ensure that suppliers comply with, as a minimum, basic labor rights as described in the ILO conventions.<\/p>\n<p><strong>Section 7.<\/strong><br \/>Einar Ris\u00f8r A\/S must ensure that all employees, both domestically and internationally, are informed of and work in accordance with this Code of Conduct.<\/p>\n<p><strong>Section 8.<\/strong><br \/>Einar Ris\u00f8r A\/S must ensure that this Code of Conduct and complaint procedures are visible and accessible to customers, suppliers and other stakeholders.<\/p>\n\t\t\t\t\t\t\t\t<\/div>\n\t\t\t\t<\/div>\n\t\t<div class=\"elementor-element elementor-element-2eabb2c e-con-full e-flex e-con e-child\" data-id=\"2eabb2c\" data-element_type=\"container\">\n\t\t<div class=\"elementor-element elementor-element-77221b4 e-con-full e-flex e-con e-child\" data-id=\"77221b4\" data-element_type=\"container\">\n\t\t\t\t<div class=\"elementor-element elementor-element-b0ccb9d elementor-widget elementor-widget-image\" data-id=\"b0ccb9d\" data-element_type=\"widget\" data-widget_type=\"image.default\">\n\t\t\t\t<div class=\"elementor-widget-container\">\n\t\t\t\t\t\t\t\t\t\t\t\t\t\t\t\t<a href=\"https:\/\/risorfiner.dk\/pefc\/\">\n\t\t\t\t\t\t\t<img fetchpriority=\"high\" decoding=\"async\" width=\"740\" height=\"882\" src=\"https:\/\/risorfiner.dk\/wp-content\/uploads\/2025\/08\/p.png\" class=\"attachment-large size-large wp-image-9983\" alt=\"\" srcset=\"https:\/\/risorfiner.dk\/wp-content\/uploads\/2025\/08\/p.png 740w, https:\/\/risorfiner.dk\/wp-content\/uploads\/2025\/08\/p-420x500.png 420w\" sizes=\"(max-width: 740px) 100vw, 740px\" \/>\t\t\t\t\t\t\t\t<\/a>\n\t\t\t\t\t\t\t\t\t\t\t\t\t\t\t<\/div>\n\t\t\t\t<\/div>\n\t\t\t\t<\/div>\n\t\t<div class=\"elementor-element elementor-element-365671e e-con-full e-flex e-con e-child\" data-id=\"365671e\" data-element_type=\"container\">\n\t\t\t\t<div class=\"elementor-element elementor-element-119ad52 elementor-widget elementor-widget-image\" data-id=\"119ad52\" data-element_type=\"widget\" data-widget_type=\"image.default\">\n\t\t\t\t<div class=\"elementor-widget-container\">\n\t\t\t\t\t\t\t\t\t\t\t\t\t\t\t\t<a href=\"https:\/\/risorfiner.dk\/miljoepolitik\/\" target=\"_blank\">\n\t\t\t\t\t\t\t<img decoding=\"async\" width=\"211\" height=\"109\" src=\"https:\/\/risorfiner.dk\/wp-content\/uploads\/2025\/02\/fsc-logo_86_19.png\" class=\"attachment-large size-large wp-image-9548\" alt=\"\" \/>\t\t\t\t\t\t\t\t<\/a>\n\t\t\t\t\t\t\t\t\t\t\t\t\t\t\t<\/div>\n\t\t\t\t<\/div>\n\t\t\t\t<\/div>\n\t\t\t\t<\/div>\n\t\t\t\t<\/div>\n\t\t\t\t\t<\/div>\n\t\t\t\t<\/div>\n\t\t<div class=\"elementor-element elementor-element-b2288a9 e-flex e-con-boxed e-con e-parent\" data-id=\"b2288a9\" data-element_type=\"container\" data-settings=\"{&quot;background_background&quot;:&quot;classic&quot;}\">\n\t\t\t\t\t<div class=\"e-con-inner\">\n\t\t<div class=\"elementor-element elementor-element-9089950 e-con-full e-flex e-con e-child\" data-id=\"9089950\" data-element_type=\"container\">\n\t\t\t\t<div class=\"elementor-element elementor-element-0c568e5 elementor-widget__width-initial elementor-widget elementor-widget-text-editor\" data-id=\"0c568e5\" data-element_type=\"widget\" data-widget_type=\"text-editor.default\">\n\t\t\t\t<div class=\"elementor-widget-container\">\n\t\t\t\t\t\t\t\t\t<h2>Did you know?<\/h2>\n<p>\u200bWood products can often be recycled. When this happens, the carbon is bound in the new items. Finally, the wood can be burned as CO2-neutral bioenergy.<\/p>\n\t\t\t\t\t\t\t\t<\/div>\n\t\t\t\t<\/div>\n\t\t\t\t<\/div>\n\t\t<div class=\"elementor-element elementor-element-0e99bce e-con-full e-flex e-con e-child\" data-id=\"0e99bce\" data-element_type=\"container\">\n\t\t<div class=\"elementor-element elementor-element-eea0039 e-con-full e-flex e-con e-child\" data-id=\"eea0039\" data-element_type=\"container\">\n\t\t\t\t<div class=\"elementor-element elementor-element-26c84f6 elementor-widget elementor-widget-video\" data-id=\"26c84f6\" data-element_type=\"widget\" data-settings=\"{&quot;youtube_url&quot;:&quot;https:\\\/\\\/www.youtube.com\\\/watch?v=3iIkOi3srLo&amp;embeds_referring_euri=https%3A%2F%2Feinarrisoer-dk.gocms6.com%2F&amp;source_ve_path=MjM4NTE&quot;,&quot;video_type&quot;:&quot;youtube&quot;,&quot;controls&quot;:&quot;yes&quot;}\" data-widget_type=\"video.default\">\n\t\t\t\t<div class=\"elementor-widget-container\">\n\t\t\t\t\t\t\t<div class=\"elementor-wrapper elementor-open-inline\">\n\t\t\t<div class=\"elementor-video\"><\/div>\t\t<\/div>\n\t\t\t\t\t\t<\/div>\n\t\t\t\t<\/div>\n\t\t\t\t<\/div>\n\t\t<div class=\"elementor-element elementor-element-f7295b5 e-con-full e-flex e-con e-child\" data-id=\"f7295b5\" data-element_type=\"container\">\n\t\t\t\t<div class=\"elementor-element elementor-element-96cc6cb elementor-widget elementor-widget-video\" data-id=\"96cc6cb\" data-element_type=\"widget\" data-settings=\"{&quot;youtube_url&quot;:&quot;https:\\\/\\\/www.youtube.com\\\/watch?v=D7P6nvUSOHw&amp;t=1s&quot;,&quot;video_type&quot;:&quot;youtube&quot;,&quot;controls&quot;:&quot;yes&quot;}\" data-widget_type=\"video.default\">\n\t\t\t\t<div class=\"elementor-widget-container\">\n\t\t\t\t\t\t\t<div class=\"elementor-wrapper elementor-open-inline\">\n\t\t\t<div class=\"elementor-video\"><\/div>\t\t<\/div>\n\t\t\t\t\t\t<\/div>\n\t\t\t\t<\/div>\n\t\t\t\t<\/div>\n\t\t\t\t<\/div>\n\t\t\t\t\t<\/div>\n\t\t\t\t<\/div>\n\t\t\t\t<\/div>\n\t\t","protected":false},"excerpt":{"rendered":"<p>ENVIRONMENTAL POLICY CODE OF CONDUCT FOR EINAR RIS\u00d8R A\/S Point 1.Einar Ris\u00f8r A\/S must comply with all relevant legislation at Danish, EU and international level. \u200b Point 2.Einar Ris\u00f8r A\/S must operate a fair and responsible business and demonstrate integrity and care in its daily business operations.\u200b Point 3.Einar Ris\u00f8r A\/S must not distort facts &#8230; <a title=\"Environmental policy\" class=\"read-more\" href=\"https:\/\/risorfiner.dk\/en\/environmental-policy\/\" aria-label=\"Read more about Environmental policy\">Read more<\/a><\/p>\n","protected":false},"author":5,"featured_media":0,"parent":0,"menu_order":1003,"comment_status":"closed","ping_status":"closed","template":"","meta":{"_acf_changed":false,"footnotes":""},"categories":[],"class_list":["post-9944","page","type-page","status-publish"],"acf":[],"yoast_head":"<!-- This site is optimized with the Yoast SEO plugin v26.8 - https:\/\/yoast.com\/product\/yoast-seo-wordpress\/ -->\n<title>Environmental policy | Einar Ris\u00f8r Fin\u00e9rhandel A\/S<\/title>\n<meta name=\"robots\" content=\"index, follow, max-snippet:-1, max-image-preview:large, max-video-preview:-1\" \/>\n<link rel=\"canonical\" href=\"https:\/\/risorfiner.dk\/en\/environmental-policy\/\" \/>\n<meta property=\"og:locale\" content=\"en_US\" \/>\n<meta property=\"og:type\" content=\"article\" \/>\n<meta property=\"og:title\" content=\"Environmental policy | Einar Ris\u00f8r Fin\u00e9rhandel A\/S\" \/>\n<meta property=\"og:description\" content=\"ENVIRONMENTAL POLICY CODE OF CONDUCT FOR EINAR RIS\u00d8R A\/S Point 1.Einar Ris\u00f8r A\/S must comply with all relevant legislation at Danish, EU and international level. \u200b Point 2.Einar Ris\u00f8r A\/S must operate a fair and responsible business and demonstrate integrity and care in its daily business operations.\u200b Point 3.Einar Ris\u00f8r A\/S must not distort facts ... Read more\" \/>\n<meta property=\"og:url\" content=\"https:\/\/risorfiner.dk\/en\/environmental-policy\/\" \/>\n<meta property=\"og:site_name\" content=\"Einar Ris\u00f8r Fin\u00e9rhandel A\/S\" \/>\n<meta property=\"article:modified_time\" content=\"2025-08-13T11:00:06+00:00\" \/>\n<meta property=\"og:image\" content=\"https:\/\/risorfiner.dk\/wp-content\/uploads\/2025\/08\/p.png\" \/>\n<meta name=\"twitter:card\" content=\"summary_large_image\" \/>\n<meta name=\"twitter:label1\" content=\"Est. reading time\" \/>\n\t<meta name=\"twitter:data1\" content=\"2 minutes\" \/>\n<script type=\"application\/ld+json\" class=\"yoast-schema-graph\">{\"@context\":\"https:\/\/schema.org\",\"@graph\":[{\"@type\":\"WebPage\",\"@id\":\"https:\/\/risorfiner.dk\/en\/environmental-policy\/\",\"url\":\"https:\/\/risorfiner.dk\/en\/environmental-policy\/\",\"name\":\"Environmental policy | Einar Ris\u00f8r Fin\u00e9rhandel A\/S\",\"isPartOf\":{\"@id\":\"https:\/\/risorfiner.webserver9.dk\/#website\"},\"primaryImageOfPage\":{\"@id\":\"https:\/\/risorfiner.dk\/en\/environmental-policy\/#primaryimage\"},\"image\":{\"@id\":\"https:\/\/risorfiner.dk\/en\/environmental-policy\/#primaryimage\"},\"thumbnailUrl\":\"https:\/\/risorfiner.dk\/wp-content\/uploads\/2025\/08\/p.png\",\"datePublished\":\"2025-02-27T09:18:58+00:00\",\"dateModified\":\"2025-08-13T11:00:06+00:00\",\"breadcrumb\":{\"@id\":\"https:\/\/risorfiner.dk\/en\/environmental-policy\/#breadcrumb\"},\"inLanguage\":\"en-US\",\"potentialAction\":[{\"@type\":\"ReadAction\",\"target\":[\"https:\/\/risorfiner.dk\/en\/environmental-policy\/\"]}]},{\"@type\":\"ImageObject\",\"inLanguage\":\"en-US\",\"@id\":\"https:\/\/risorfiner.dk\/en\/environmental-policy\/#primaryimage\",\"url\":\"https:\/\/risorfiner.dk\/wp-content\/uploads\/2025\/08\/p.png\",\"contentUrl\":\"https:\/\/risorfiner.dk\/wp-content\/uploads\/2025\/08\/p.png\"},{\"@type\":\"BreadcrumbList\",\"@id\":\"https:\/\/risorfiner.dk\/en\/environmental-policy\/#breadcrumb\",\"itemListElement\":[{\"@type\":\"ListItem\",\"position\":1,\"name\":\"Forside\",\"item\":\"https:\/\/risorfiner.webserver9.dk\/\"},{\"@type\":\"ListItem\",\"position\":2,\"name\":\"Environmental policy\"}]},{\"@type\":\"WebSite\",\"@id\":\"https:\/\/risorfiner.webserver9.dk\/#website\",\"url\":\"https:\/\/risorfiner.webserver9.dk\/\",\"name\":\"Einar Ris\u00f8r Fin\u00e9rhandel A\/S\",\"description\":\"tr\u00e6 &amp; Fin\u00e9r til m\u00f8bel-, d\u00f8r-, og k\u00f8kkenfabrikker\",\"publisher\":{\"@id\":\"https:\/\/risorfiner.webserver9.dk\/#organization\"},\"potentialAction\":[{\"@type\":\"SearchAction\",\"target\":{\"@type\":\"EntryPoint\",\"urlTemplate\":\"https:\/\/risorfiner.webserver9.dk\/?s={search_term_string}\"},\"query-input\":{\"@type\":\"PropertyValueSpecification\",\"valueRequired\":true,\"valueName\":\"search_term_string\"}}],\"inLanguage\":\"en-US\"},{\"@type\":\"Organization\",\"@id\":\"https:\/\/risorfiner.webserver9.dk\/#organization\",\"name\":\"Einar Ris\u00f8r Fin\u00e9rhandel A\/S\",\"url\":\"https:\/\/risorfiner.webserver9.dk\/\",\"logo\":{\"@type\":\"ImageObject\",\"inLanguage\":\"en-US\",\"@id\":\"https:\/\/risorfiner.webserver9.dk\/#\/schema\/logo\/image\/\",\"url\":\"https:\/\/risorfiner.dk\/wp-content\/uploads\/2025\/02\/logo-strukket_314_318.png\",\"contentUrl\":\"https:\/\/risorfiner.dk\/wp-content\/uploads\/2025\/02\/logo-strukket_314_318.png\",\"width\":350,\"height\":105,\"caption\":\"Einar Ris\u00f8r Fin\u00e9rhandel A\/S\"},\"image\":{\"@id\":\"https:\/\/risorfiner.webserver9.dk\/#\/schema\/logo\/image\/\"}}]}<\/script>\n<!-- \/ Yoast SEO plugin. -->","yoast_head_json":{"title":"Environmental policy | Einar Ris\u00f8r Fin\u00e9rhandel A\/S","robots":{"index":"index","follow":"follow","max-snippet":"max-snippet:-1","max-image-preview":"max-image-preview:large","max-video-preview":"max-video-preview:-1"},"canonical":"https:\/\/risorfiner.dk\/en\/environmental-policy\/","og_locale":"en_US","og_type":"article","og_title":"Environmental policy | Einar Ris\u00f8r Fin\u00e9rhandel A\/S","og_description":"ENVIRONMENTAL POLICY CODE OF CONDUCT FOR EINAR RIS\u00d8R A\/S Point 1.Einar Ris\u00f8r A\/S must comply with all relevant legislation at Danish, EU and international level. \u200b Point 2.Einar Ris\u00f8r A\/S must operate a fair and responsible business and demonstrate integrity and care in its daily business operations.\u200b Point 3.Einar Ris\u00f8r A\/S must not distort facts ... Read more","og_url":"https:\/\/risorfiner.dk\/en\/environmental-policy\/","og_site_name":"Einar Ris\u00f8r Fin\u00e9rhandel A\/S","article_modified_time":"2025-08-13T11:00:06+00:00","og_image":[{"url":"https:\/\/risorfiner.dk\/wp-content\/uploads\/2025\/08\/p.png","type":"","width":"","height":""}],"twitter_card":"summary_large_image","twitter_misc":{"Est. reading time":"2 minutes"},"schema":{"@context":"https:\/\/schema.org","@graph":[{"@type":"WebPage","@id":"https:\/\/risorfiner.dk\/en\/environmental-policy\/","url":"https:\/\/risorfiner.dk\/en\/environmental-policy\/","name":"Environmental policy | Einar Ris\u00f8r Fin\u00e9rhandel A\/S","isPartOf":{"@id":"https:\/\/risorfiner.webserver9.dk\/#website"},"primaryImageOfPage":{"@id":"https:\/\/risorfiner.dk\/en\/environmental-policy\/#primaryimage"},"image":{"@id":"https:\/\/risorfiner.dk\/en\/environmental-policy\/#primaryimage"},"thumbnailUrl":"https:\/\/risorfiner.dk\/wp-content\/uploads\/2025\/08\/p.png","datePublished":"2025-02-27T09:18:58+00:00","dateModified":"2025-08-13T11:00:06+00:00","breadcrumb":{"@id":"https:\/\/risorfiner.dk\/en\/environmental-policy\/#breadcrumb"},"inLanguage":"en-US","potentialAction":[{"@type":"ReadAction","target":["https:\/\/risorfiner.dk\/en\/environmental-policy\/"]}]},{"@type":"ImageObject","inLanguage":"en-US","@id":"https:\/\/risorfiner.dk\/en\/environmental-policy\/#primaryimage","url":"https:\/\/risorfiner.dk\/wp-content\/uploads\/2025\/08\/p.png","contentUrl":"https:\/\/risorfiner.dk\/wp-content\/uploads\/2025\/08\/p.png"},{"@type":"BreadcrumbList","@id":"https:\/\/risorfiner.dk\/en\/environmental-policy\/#breadcrumb","itemListElement":[{"@type":"ListItem","position":1,"name":"Forside","item":"https:\/\/risorfiner.webserver9.dk\/"},{"@type":"ListItem","position":2,"name":"Environmental policy"}]},{"@type":"WebSite","@id":"https:\/\/risorfiner.webserver9.dk\/#website","url":"https:\/\/risorfiner.webserver9.dk\/","name":"Einar Ris\u00f8r Fin\u00e9rhandel A\/S","description":"tr\u00e6 &amp; Fin\u00e9r til m\u00f8bel-, d\u00f8r-, og k\u00f8kkenfabrikker","publisher":{"@id":"https:\/\/risorfiner.webserver9.dk\/#organization"},"potentialAction":[{"@type":"SearchAction","target":{"@type":"EntryPoint","urlTemplate":"https:\/\/risorfiner.webserver9.dk\/?s={search_term_string}"},"query-input":{"@type":"PropertyValueSpecification","valueRequired":true,"valueName":"search_term_string"}}],"inLanguage":"en-US"},{"@type":"Organization","@id":"https:\/\/risorfiner.webserver9.dk\/#organization","name":"Einar Ris\u00f8r Fin\u00e9rhandel A\/S","url":"https:\/\/risorfiner.webserver9.dk\/","logo":{"@type":"ImageObject","inLanguage":"en-US","@id":"https:\/\/risorfiner.webserver9.dk\/#\/schema\/logo\/image\/","url":"https:\/\/risorfiner.dk\/wp-content\/uploads\/2025\/02\/logo-strukket_314_318.png","contentUrl":"https:\/\/risorfiner.dk\/wp-content\/uploads\/2025\/02\/logo-strukket_314_318.png","width":350,"height":105,"caption":"Einar Ris\u00f8r Fin\u00e9rhandel A\/S"},"image":{"@id":"https:\/\/risorfiner.webserver9.dk\/#\/schema\/logo\/image\/"}}]}},"_links":{"self":[{"href":"https:\/\/risorfiner.dk\/en\/wp-json\/wp\/v2\/pages\/9944","targetHints":{"allow":["GET"]}}],"collection":[{"href":"https:\/\/risorfiner.dk\/en\/wp-json\/wp\/v2\/pages"}],"about":[{"href":"https:\/\/risorfiner.dk\/en\/wp-json\/wp\/v2\/types\/page"}],"author":[{"embeddable":true,"href":"https:\/\/risorfiner.dk\/en\/wp-json\/wp\/v2\/users\/5"}],"replies":[{"embeddable":true,"href":"https:\/\/risorfiner.dk\/en\/wp-json\/wp\/v2\/comments?post=9944"}],"version-history":[{"count":3,"href":"https:\/\/risorfiner.dk\/en\/wp-json\/wp\/v2\/pages\/9944\/revisions"}],"predecessor-version":[{"id":10015,"href":"https:\/\/risorfiner.dk\/en\/wp-json\/wp\/v2\/pages\/9944\/revisions\/10015"}],"wp:attachment":[{"href":"https:\/\/risorfiner.dk\/en\/wp-json\/wp\/v2\/media?parent=9944"}],"wp:term":[{"taxonomy":"category","embeddable":true,"href":"https:\/\/risorfiner.dk\/en\/wp-json\/wp\/v2\/categories?post=9944"}],"curies":[{"name":"wp","href":"https:\/\/api.w.org\/{rel}","templated":true}]}}