{"id":9940,"date":"2025-02-27T10:18:58","date_gmt":"2025-02-27T09:18:58","guid":{"rendered":"https:\/\/risorfiner.dk\/solid-wood\/"},"modified":"2025-08-20T10:52:43","modified_gmt":"2025-08-20T08:52:43","slug":"solid-wood","status":"publish","type":"page","link":"https:\/\/risorfiner.dk\/en\/solid-wood\/","title":{"rendered":"Solid wood"},"content":{"rendered":"\t\t<div data-elementor-type=\"wp-page\" data-elementor-id=\"9940\" class=\"elementor elementor-9940 elementor-9400\" data-elementor-post-type=\"page\">\n\t\t\t\t<div class=\"elementor-element elementor-element-39248d2 e-flex e-con-boxed e-con e-parent\" data-id=\"39248d2\" data-element_type=\"container\">\n\t\t\t\t\t<div class=\"e-con-inner\">\n\t\t<div class=\"elementor-element elementor-element-7920896 e-con-full e-flex e-con e-child\" data-id=\"7920896\" data-element_type=\"container\">\n\t\t\t\t<div class=\"elementor-element elementor-element-a09bc9c elementor-widget elementor-widget-text-editor\" data-id=\"a09bc9c\" data-element_type=\"widget\" data-widget_type=\"text-editor.default\">\n\t\t\t\t<div class=\"elementor-widget-container\">\n\t\t\t\t\t\t\t\t\t<h1>High-quality solid wood<\/h1>\n<p>As a professional craftsman, kitchen or furniture manufacturer, you need materials that meet the highest standards. Our solid wood is the ideal solution for companies that demand durability, precision and aesthetics in their products. With us, you get wood that is carefully selected to deliver a perfect finish that can be used for both furniture, custom-designed solutions and other high-quality projects.<\/p>\n<h2>Why choose our solid wood?<\/h2>\n<ul>\n<li>Unsurpassed quality: Our wood is hand-picked to ensure uniformity and strength, so that it meets professional requirements for both functionality and aesthetics.<\/li>\n<li>Ideal for furniture production: With an even structure and natural beauty, our wood is perfect for furniture that requires precision and a beautiful finish.<\/li>\n<li>Responsible sourcing: We prioritize responsible purchasing from trustworthy sources, making our solid wood an ethical choice for your business.<\/li>\n<li>As a B2B supplier, we offer flexible delivery agreements and competitive prices, so you can get exactly what you need, when you need it.<\/li>\n<\/ul>\n<p><strong>Get the best for your professional projects.<\/strong><\/p>\n<p>We are often involved in special assignments where customers benefit from our expertise and long-standing relationships with suppliers around the world.<\/p>\n\t\t\t\t\t\t\t\t<\/div>\n\t\t\t\t<\/div>\n\t\t\t\t<div class=\"elementor-element elementor-element-5e31270 elementor-align-justify elementor-widget__width-initial cta elementor-widget elementor-widget-button\" data-id=\"5e31270\" data-element_type=\"widget\" data-settings=\"{&quot;_animation&quot;:&quot;none&quot;,&quot;_animation_delay&quot;:800}\" data-widget_type=\"button.default\">\n\t\t\t\t<div class=\"elementor-widget-container\">\n\t\t\t\t\t\t\t\t\t<div class=\"elementor-button-wrapper\">\n\t\t\t\t\t<a class=\"elementor-button elementor-button-link elementor-size-sm\" href=\"https:\/\/risorfiner.dk\/en\/contact\/\">\n\t\t\t\t\t\t<span class=\"elementor-button-content-wrapper\">\n\t\t\t\t\t\t\t\t\t<span class=\"elementor-button-text\">Contact us today<\/span>\n\t\t\t\t\t<\/span>\n\t\t\t\t\t<\/a>\n\t\t\t\t<\/div>\n\t\t\t\t\t\t\t\t<\/div>\n\t\t\t\t<\/div>\n\t\t\t\t<\/div>\n\t\t<div class=\"elementor-element elementor-element-b33bf09 e-con-full e-flex e-con e-child\" data-id=\"b33bf09\" data-element_type=\"container\">\n\t\t\t\t<div class=\"elementor-element elementor-element-ea0bfa0 elementor-widget elementor-widget-image\" data-id=\"ea0bfa0\" data-element_type=\"widget\" data-widget_type=\"image.default\">\n\t\t\t\t<div class=\"elementor-widget-container\">\n\t\t\t\t\t\t\t\t\t\t\t\t\t\t\t<img fetchpriority=\"high\" decoding=\"async\" width=\"668\" height=\"1000\" src=\"https:\/\/risorfiner.dk\/wp-content\/uploads\/2025\/03\/trees-2897757_1280-668x1000.jpg\" class=\"attachment-large size-large wp-image-9647\" alt=\"\" srcset=\"https:\/\/risorfiner.dk\/wp-content\/uploads\/2025\/03\/trees-2897757_1280-668x1000.jpg 668w, https:\/\/risorfiner.dk\/wp-content\/uploads\/2025\/03\/trees-2897757_1280-334x500.jpg 334w, https:\/\/risorfiner.dk\/wp-content\/uploads\/2025\/03\/trees-2897757_1280-768x1150.jpg 768w, https:\/\/risorfiner.dk\/wp-content\/uploads\/2025\/03\/trees-2897757_1280.jpg 855w\" sizes=\"(max-width: 668px) 100vw, 668px\" \/>\t\t\t\t\t\t\t\t\t\t\t\t\t\t\t<\/div>\n\t\t\t\t<\/div>\n\t\t\t\t<\/div>\n\t\t\t\t\t<\/div>\n\t\t\t\t<\/div>\n\t\t<div class=\"elementor-element elementor-element-1918f46 e-flex e-con-boxed e-con e-parent\" data-id=\"1918f46\" data-element_type=\"container\" data-settings=\"{&quot;background_background&quot;:&quot;classic&quot;}\">\n\t\t\t\t\t<div class=\"e-con-inner\">\n\t\t<div class=\"elementor-element elementor-element-dfbe73d e-con-full e-flex e-con e-child\" data-id=\"dfbe73d\" data-element_type=\"container\">\n\t\t\t\t<div class=\"elementor-element elementor-element-9bbf3d0 elementor-widget__width-initial elementor-widget elementor-widget-text-editor\" data-id=\"9bbf3d0\" data-element_type=\"widget\" data-widget_type=\"text-editor.default\">\n\t\t\t\t<div class=\"elementor-widget-container\">\n\t\t\t\t\t\t\t\t\t<h2>We offer FSC\u00ae &amp; PEFC certified products.<\/h2>\n<h3>Ask about our certified products<\/h3>\n<p>The goal of the certification forms is to create some common global principles for responsible forestry, including a well-developed and trustworthy system that can ensure responsibly produced wood and veneer for consumers worldwide &#8211; you can read more about the certification forms on our website under certification.<\/p>\n<p>We are of course FSC\u00ae and PEFC certified, and we have implemented a Due Diligence system in accordance with the EUTR.<\/p>\n<h2>Contact us for a quote on solid wood<\/h2>\n<p>You can contact us by phone at <a data-mce-href=\"tel:75 82 66 00\" href=\"tel:75 82 66 00\">75 82 66 00<\/a> for a non-binding quote or simply to find out more about future collaboration. You can also write to <a data-mce-href=\"mailto:mail@risorfiner.dk\" href=\"mailto:mail@risorfiner.dk\">mail@risorfiner.dk<\/a>.<\/p>\n\t\t\t\t\t\t\t\t<\/div>\n\t\t\t\t<\/div>\n\t\t\t\t<\/div>\n\t\t<div class=\"elementor-element elementor-element-61b7cb1 e-con-full e-flex e-con e-child\" data-id=\"61b7cb1\" data-element_type=\"container\">\n\t\t<div class=\"elementor-element elementor-element-a5a0588 e-con-full e-flex e-con e-child\" data-id=\"a5a0588\" data-element_type=\"container\">\n\t\t\t\t<div class=\"elementor-element elementor-element-1b0f1fb elementor-widget__width-initial elementor-widget elementor-widget-image\" data-id=\"1b0f1fb\" data-element_type=\"widget\" data-widget_type=\"image.default\">\n\t\t\t\t<div class=\"elementor-widget-container\">\n\t\t\t\t\t\t\t\t\t\t\t\t\t\t\t\t<a href=\"https:\/\/risorfiner.dk\/pefc\/\">\n\t\t\t\t\t\t\t<img decoding=\"async\" width=\"740\" height=\"882\" src=\"https:\/\/risorfiner.dk\/wp-content\/uploads\/2025\/08\/p-1.png\" class=\"attachment-large size-large wp-image-10043\" alt=\"\" srcset=\"https:\/\/risorfiner.dk\/wp-content\/uploads\/2025\/08\/p-1.png 740w, https:\/\/risorfiner.dk\/wp-content\/uploads\/2025\/08\/p-1-420x500.png 420w\" sizes=\"(max-width: 740px) 100vw, 740px\" \/>\t\t\t\t\t\t\t\t<\/a>\n\t\t\t\t\t\t\t\t\t\t\t\t\t\t\t<\/div>\n\t\t\t\t<\/div>\n\t\t\t\t<\/div>\n\t\t<div class=\"elementor-element elementor-element-d6df8cd e-con-full e-flex e-con e-child\" data-id=\"d6df8cd\" data-element_type=\"container\">\n\t\t\t\t<div class=\"elementor-element elementor-element-e4a6525 elementor-widget elementor-widget-image\" data-id=\"e4a6525\" data-element_type=\"widget\" data-widget_type=\"image.default\">\n\t\t\t\t<div class=\"elementor-widget-container\">\n\t\t\t\t\t\t\t\t\t\t\t\t\t\t\t\t<a href=\"https:\/\/risorfiner.dk\/fsc\/\">\n\t\t\t\t\t\t\t<img decoding=\"async\" width=\"211\" height=\"109\" src=\"https:\/\/risorfiner.dk\/wp-content\/uploads\/2025\/08\/fsc-logo_86_19.png\" class=\"attachment-large size-large wp-image-10045\" alt=\"\" \/>\t\t\t\t\t\t\t\t<\/a>\n\t\t\t\t\t\t\t\t\t\t\t\t\t\t\t<\/div>\n\t\t\t\t<\/div>\n\t\t\t\t<\/div>\n\t\t\t\t<\/div>\n\t\t\t\t\t<\/div>\n\t\t\t\t<\/div>\n\t\t\t\t<\/div>\n\t\t","protected":false},"excerpt":{"rendered":"<p>High-quality solid wood As a professional craftsman, kitchen or furniture manufacturer, you need materials that meet the highest standards. Our solid wood is the ideal solution for companies that demand durability, precision and aesthetics in their products. With us, you get wood that is carefully selected to deliver a perfect finish that can be used &#8230; <a title=\"Solid wood\" class=\"read-more\" href=\"https:\/\/risorfiner.dk\/en\/solid-wood\/\" aria-label=\"Read more about Solid wood\">Read more<\/a><\/p>\n","protected":false},"author":5,"featured_media":0,"parent":0,"menu_order":1002,"comment_status":"closed","ping_status":"closed","template":"","meta":{"_acf_changed":false,"footnotes":""},"categories":[],"class_list":["post-9940","page","type-page","status-publish"],"acf":[],"yoast_head":"<!-- This site is optimized with the Yoast SEO plugin v26.8 - https:\/\/yoast.com\/product\/yoast-seo-wordpress\/ -->\n<title>Solid wood | Einar Ris\u00f8r Fin\u00e9rhandel A\/S<\/title>\n<meta name=\"robots\" content=\"index, follow, max-snippet:-1, max-image-preview:large, max-video-preview:-1\" \/>\n<link rel=\"canonical\" href=\"https:\/\/risorfiner.dk\/en\/solid-wood\/\" \/>\n<meta property=\"og:locale\" content=\"en_US\" \/>\n<meta property=\"og:type\" content=\"article\" \/>\n<meta property=\"og:title\" content=\"Solid wood | Einar Ris\u00f8r Fin\u00e9rhandel A\/S\" \/>\n<meta property=\"og:description\" content=\"High-quality solid wood As a professional craftsman, kitchen or furniture manufacturer, you need materials that meet the highest standards. Our solid wood is the ideal solution for companies that demand durability, precision and aesthetics in their products. With us, you get wood that is carefully selected to deliver a perfect finish that can be used ... Read more\" \/>\n<meta property=\"og:url\" content=\"https:\/\/risorfiner.dk\/en\/solid-wood\/\" \/>\n<meta property=\"og:site_name\" content=\"Einar Ris\u00f8r Fin\u00e9rhandel A\/S\" \/>\n<meta property=\"article:modified_time\" content=\"2025-08-20T08:52:43+00:00\" \/>\n<meta property=\"og:image\" content=\"https:\/\/risorfiner.dk\/wp-content\/uploads\/2025\/03\/trees-2897757_1280.jpg\" \/>\n\t<meta property=\"og:image:width\" content=\"855\" \/>\n\t<meta property=\"og:image:height\" content=\"1280\" \/>\n\t<meta property=\"og:image:type\" content=\"image\/jpeg\" \/>\n<meta name=\"twitter:card\" content=\"summary_large_image\" \/>\n<meta name=\"twitter:label1\" content=\"Est. reading time\" \/>\n\t<meta name=\"twitter:data1\" content=\"2 minutes\" \/>\n<script type=\"application\/ld+json\" class=\"yoast-schema-graph\">{\"@context\":\"https:\/\/schema.org\",\"@graph\":[{\"@type\":\"WebPage\",\"@id\":\"https:\/\/risorfiner.dk\/en\/solid-wood\/\",\"url\":\"https:\/\/risorfiner.dk\/en\/solid-wood\/\",\"name\":\"Solid wood | Einar Ris\u00f8r Fin\u00e9rhandel A\/S\",\"isPartOf\":{\"@id\":\"https:\/\/risorfiner.webserver9.dk\/#website\"},\"primaryImageOfPage\":{\"@id\":\"https:\/\/risorfiner.dk\/en\/solid-wood\/#primaryimage\"},\"image\":{\"@id\":\"https:\/\/risorfiner.dk\/en\/solid-wood\/#primaryimage\"},\"thumbnailUrl\":\"https:\/\/risorfiner.dk\/wp-content\/uploads\/2025\/03\/trees-2897757_1280-668x1000.jpg\",\"datePublished\":\"2025-02-27T09:18:58+00:00\",\"dateModified\":\"2025-08-20T08:52:43+00:00\",\"breadcrumb\":{\"@id\":\"https:\/\/risorfiner.dk\/en\/solid-wood\/#breadcrumb\"},\"inLanguage\":\"en-US\",\"potentialAction\":[{\"@type\":\"ReadAction\",\"target\":[\"https:\/\/risorfiner.dk\/en\/solid-wood\/\"]}]},{\"@type\":\"ImageObject\",\"inLanguage\":\"en-US\",\"@id\":\"https:\/\/risorfiner.dk\/en\/solid-wood\/#primaryimage\",\"url\":\"https:\/\/risorfiner.dk\/wp-content\/uploads\/2025\/03\/trees-2897757_1280-668x1000.jpg\",\"contentUrl\":\"https:\/\/risorfiner.dk\/wp-content\/uploads\/2025\/03\/trees-2897757_1280-668x1000.jpg\"},{\"@type\":\"BreadcrumbList\",\"@id\":\"https:\/\/risorfiner.dk\/en\/solid-wood\/#breadcrumb\",\"itemListElement\":[{\"@type\":\"ListItem\",\"position\":1,\"name\":\"Forside\",\"item\":\"https:\/\/risorfiner.webserver9.dk\/\"},{\"@type\":\"ListItem\",\"position\":2,\"name\":\"Solid wood\"}]},{\"@type\":\"WebSite\",\"@id\":\"https:\/\/risorfiner.webserver9.dk\/#website\",\"url\":\"https:\/\/risorfiner.webserver9.dk\/\",\"name\":\"Einar Ris\u00f8r Fin\u00e9rhandel A\/S\",\"description\":\"tr\u00e6 &amp; Fin\u00e9r til m\u00f8bel-, d\u00f8r-, og k\u00f8kkenfabrikker\",\"publisher\":{\"@id\":\"https:\/\/risorfiner.webserver9.dk\/#organization\"},\"potentialAction\":[{\"@type\":\"SearchAction\",\"target\":{\"@type\":\"EntryPoint\",\"urlTemplate\":\"https:\/\/risorfiner.webserver9.dk\/?s={search_term_string}\"},\"query-input\":{\"@type\":\"PropertyValueSpecification\",\"valueRequired\":true,\"valueName\":\"search_term_string\"}}],\"inLanguage\":\"en-US\"},{\"@type\":\"Organization\",\"@id\":\"https:\/\/risorfiner.webserver9.dk\/#organization\",\"name\":\"Einar Ris\u00f8r Fin\u00e9rhandel A\/S\",\"url\":\"https:\/\/risorfiner.webserver9.dk\/\",\"logo\":{\"@type\":\"ImageObject\",\"inLanguage\":\"en-US\",\"@id\":\"https:\/\/risorfiner.webserver9.dk\/#\/schema\/logo\/image\/\",\"url\":\"https:\/\/risorfiner.dk\/wp-content\/uploads\/2025\/02\/logo-strukket_314_318.png\",\"contentUrl\":\"https:\/\/risorfiner.dk\/wp-content\/uploads\/2025\/02\/logo-strukket_314_318.png\",\"width\":350,\"height\":105,\"caption\":\"Einar Ris\u00f8r Fin\u00e9rhandel A\/S\"},\"image\":{\"@id\":\"https:\/\/risorfiner.webserver9.dk\/#\/schema\/logo\/image\/\"}}]}<\/script>\n<!-- \/ Yoast SEO plugin. -->","yoast_head_json":{"title":"Solid wood | Einar Ris\u00f8r Fin\u00e9rhandel A\/S","robots":{"index":"index","follow":"follow","max-snippet":"max-snippet:-1","max-image-preview":"max-image-preview:large","max-video-preview":"max-video-preview:-1"},"canonical":"https:\/\/risorfiner.dk\/en\/solid-wood\/","og_locale":"en_US","og_type":"article","og_title":"Solid wood | Einar Ris\u00f8r Fin\u00e9rhandel A\/S","og_description":"High-quality solid wood As a professional craftsman, kitchen or furniture manufacturer, you need materials that meet the highest standards. Our solid wood is the ideal solution for companies that demand durability, precision and aesthetics in their products. With us, you get wood that is carefully selected to deliver a perfect finish that can be used ... Read more","og_url":"https:\/\/risorfiner.dk\/en\/solid-wood\/","og_site_name":"Einar Ris\u00f8r Fin\u00e9rhandel A\/S","article_modified_time":"2025-08-20T08:52:43+00:00","og_image":[{"width":855,"height":1280,"url":"https:\/\/risorfiner.dk\/wp-content\/uploads\/2025\/03\/trees-2897757_1280.jpg","type":"image\/jpeg"}],"twitter_card":"summary_large_image","twitter_misc":{"Est. reading time":"2 minutes"},"schema":{"@context":"https:\/\/schema.org","@graph":[{"@type":"WebPage","@id":"https:\/\/risorfiner.dk\/en\/solid-wood\/","url":"https:\/\/risorfiner.dk\/en\/solid-wood\/","name":"Solid wood | Einar Ris\u00f8r Fin\u00e9rhandel A\/S","isPartOf":{"@id":"https:\/\/risorfiner.webserver9.dk\/#website"},"primaryImageOfPage":{"@id":"https:\/\/risorfiner.dk\/en\/solid-wood\/#primaryimage"},"image":{"@id":"https:\/\/risorfiner.dk\/en\/solid-wood\/#primaryimage"},"thumbnailUrl":"https:\/\/risorfiner.dk\/wp-content\/uploads\/2025\/03\/trees-2897757_1280-668x1000.jpg","datePublished":"2025-02-27T09:18:58+00:00","dateModified":"2025-08-20T08:52:43+00:00","breadcrumb":{"@id":"https:\/\/risorfiner.dk\/en\/solid-wood\/#breadcrumb"},"inLanguage":"en-US","potentialAction":[{"@type":"ReadAction","target":["https:\/\/risorfiner.dk\/en\/solid-wood\/"]}]},{"@type":"ImageObject","inLanguage":"en-US","@id":"https:\/\/risorfiner.dk\/en\/solid-wood\/#primaryimage","url":"https:\/\/risorfiner.dk\/wp-content\/uploads\/2025\/03\/trees-2897757_1280-668x1000.jpg","contentUrl":"https:\/\/risorfiner.dk\/wp-content\/uploads\/2025\/03\/trees-2897757_1280-668x1000.jpg"},{"@type":"BreadcrumbList","@id":"https:\/\/risorfiner.dk\/en\/solid-wood\/#breadcrumb","itemListElement":[{"@type":"ListItem","position":1,"name":"Forside","item":"https:\/\/risorfiner.webserver9.dk\/"},{"@type":"ListItem","position":2,"name":"Solid wood"}]},{"@type":"WebSite","@id":"https:\/\/risorfiner.webserver9.dk\/#website","url":"https:\/\/risorfiner.webserver9.dk\/","name":"Einar Ris\u00f8r Fin\u00e9rhandel A\/S","description":"tr\u00e6 &amp; Fin\u00e9r til m\u00f8bel-, d\u00f8r-, og k\u00f8kkenfabrikker","publisher":{"@id":"https:\/\/risorfiner.webserver9.dk\/#organization"},"potentialAction":[{"@type":"SearchAction","target":{"@type":"EntryPoint","urlTemplate":"https:\/\/risorfiner.webserver9.dk\/?s={search_term_string}"},"query-input":{"@type":"PropertyValueSpecification","valueRequired":true,"valueName":"search_term_string"}}],"inLanguage":"en-US"},{"@type":"Organization","@id":"https:\/\/risorfiner.webserver9.dk\/#organization","name":"Einar Ris\u00f8r Fin\u00e9rhandel A\/S","url":"https:\/\/risorfiner.webserver9.dk\/","logo":{"@type":"ImageObject","inLanguage":"en-US","@id":"https:\/\/risorfiner.webserver9.dk\/#\/schema\/logo\/image\/","url":"https:\/\/risorfiner.dk\/wp-content\/uploads\/2025\/02\/logo-strukket_314_318.png","contentUrl":"https:\/\/risorfiner.dk\/wp-content\/uploads\/2025\/02\/logo-strukket_314_318.png","width":350,"height":105,"caption":"Einar Ris\u00f8r Fin\u00e9rhandel A\/S"},"image":{"@id":"https:\/\/risorfiner.webserver9.dk\/#\/schema\/logo\/image\/"}}]}},"_links":{"self":[{"href":"https:\/\/risorfiner.dk\/en\/wp-json\/wp\/v2\/pages\/9940","targetHints":{"allow":["GET"]}}],"collection":[{"href":"https:\/\/risorfiner.dk\/en\/wp-json\/wp\/v2\/pages"}],"about":[{"href":"https:\/\/risorfiner.dk\/en\/wp-json\/wp\/v2\/types\/page"}],"author":[{"embeddable":true,"href":"https:\/\/risorfiner.dk\/en\/wp-json\/wp\/v2\/users\/5"}],"replies":[{"embeddable":true,"href":"https:\/\/risorfiner.dk\/en\/wp-json\/wp\/v2\/comments?post=9940"}],"version-history":[{"count":12,"href":"https:\/\/risorfiner.dk\/en\/wp-json\/wp\/v2\/pages\/9940\/revisions"}],"predecessor-version":[{"id":10056,"href":"https:\/\/risorfiner.dk\/en\/wp-json\/wp\/v2\/pages\/9940\/revisions\/10056"}],"wp:attachment":[{"href":"https:\/\/risorfiner.dk\/en\/wp-json\/wp\/v2\/media?parent=9940"}],"wp:term":[{"taxonomy":"category","embeddable":true,"href":"https:\/\/risorfiner.dk\/en\/wp-json\/wp\/v2\/categories?post=9940"}],"curies":[{"name":"wp","href":"https:\/\/api.w.org\/{rel}","templated":true}]}}