{"id":9938,"date":"2025-02-27T10:18:58","date_gmt":"2025-02-27T09:18:58","guid":{"rendered":"https:\/\/risorfiner.dk\/edge-veneer\/"},"modified":"2025-05-27T14:57:58","modified_gmt":"2025-05-27T12:57:58","slug":"edge-veneer","status":"publish","type":"page","link":"https:\/\/risorfiner.dk\/en\/edge-veneer\/","title":{"rendered":"Edge veneer"},"content":{"rendered":"\t\t<div data-elementor-type=\"wp-page\" data-elementor-id=\"9938\" class=\"elementor elementor-9938 elementor-9399\" data-elementor-post-type=\"page\">\n\t\t\t\t<div class=\"elementor-element elementor-element-8e158f8 e-flex e-con-boxed e-con e-parent\" data-id=\"8e158f8\" data-element_type=\"container\">\n\t\t\t\t\t<div class=\"e-con-inner\">\n\t\t<div class=\"elementor-element elementor-element-911522a e-con-full e-flex e-con e-child\" data-id=\"911522a\" data-element_type=\"container\">\n\t\t\t\t<div class=\"elementor-element elementor-element-846ea93 elementor-widget elementor-widget-text-editor\" data-id=\"846ea93\" data-element_type=\"widget\" data-widget_type=\"text-editor.default\">\n\t\t\t\t<div class=\"elementor-widget-container\">\n\t\t\t\t\t\t\t\t\t<h1>Edged veneer for door, furniture and kitchen factories<\/h1>\n<p><strong>Passion and partnerships drive Einar Ris\u00f8r A\/S<\/strong><\/p>\n<p>We create good results by thinking long-term and acting passionately with a focus on in-depth partnerships. Our employees have specialized in edged veneer in a large selection of wood species.<\/p>\n<h2>Large selection of wood species for edged veneer<\/h2>\n<p>Edged veneer \/ \u200bRolled veneer is offered from a recognized German supplier.<\/p>\n<p>Edged veneer can be delivered FSC\u00ae certified. Einar Ris\u00f8r Finerhandel A\/S is FSC\u00ae certified under certificate no.: PBN-COC-011798 and PBN-COC-011798<\/p>\n<p>The veneer is finger-jointed with the utmost consideration for color and structure differences so that transitions are not registered. On request, the rolls are delivered with or without hot melt adhesive.<\/p>\n<p>Thickness: 0.5 &#8211; 3.0 mm<br \/>\u200bWidth: 14-310 mm<br \/>\u200bQuantity: The length of the rolls varies from 300 lbm. for 0.5 mm &#8211; to 75 lbm. for 3.0 mm<br \/>\u200bSurface: Untreated or sanded &#8211; can also be supplied varnished<br \/>\u200b\u200bDelivery time: 2-3 weeks from order receipt<\/p>\n\t\t\t\t\t\t\t\t<\/div>\n\t\t\t\t<\/div>\n\t\t\t\t<\/div>\n\t\t<div class=\"elementor-element elementor-element-c7de0e5 e-con-full e-flex e-con e-child\" data-id=\"c7de0e5\" data-element_type=\"container\">\n\t\t\t\t<div class=\"elementor-element elementor-element-c17bf2d elementor-widget elementor-widget-image\" data-id=\"c17bf2d\" data-element_type=\"widget\" data-widget_type=\"image.default\">\n\t\t\t\t<div class=\"elementor-widget-container\">\n\t\t\t\t\t\t\t\t\t\t\t\t\t\t\t<img fetchpriority=\"high\" decoding=\"async\" width=\"666\" height=\"1000\" src=\"https:\/\/risorfiner.dk\/wp-content\/uploads\/2025\/03\/trees-6556336_1280-666x1000.jpg\" class=\"attachment-large size-large wp-image-9646\" alt=\"\" srcset=\"https:\/\/risorfiner.dk\/wp-content\/uploads\/2025\/03\/trees-6556336_1280-666x1000.jpg 666w, https:\/\/risorfiner.dk\/wp-content\/uploads\/2025\/03\/trees-6556336_1280-333x500.jpg 333w, https:\/\/risorfiner.dk\/wp-content\/uploads\/2025\/03\/trees-6556336_1280-768x1152.jpg 768w, https:\/\/risorfiner.dk\/wp-content\/uploads\/2025\/03\/trees-6556336_1280.jpg 853w\" sizes=\"(max-width: 666px) 100vw, 666px\" \/>\t\t\t\t\t\t\t\t\t\t\t\t\t\t\t<\/div>\n\t\t\t\t<\/div>\n\t\t\t\t<\/div>\n\t\t\t\t\t<\/div>\n\t\t\t\t<\/div>\n\t\t<div class=\"elementor-element elementor-element-770d8c3 e-flex e-con-boxed e-con e-parent\" data-id=\"770d8c3\" data-element_type=\"container\" data-settings=\"{&quot;background_background&quot;:&quot;classic&quot;}\">\n\t\t\t\t\t<div class=\"e-con-inner\">\n\t\t\t\t<div class=\"elementor-element elementor-element-7435ffd elementor-widget__width-initial elementor-widget elementor-widget-text-editor\" data-id=\"7435ffd\" data-element_type=\"widget\" data-widget_type=\"text-editor.default\">\n\t\t\t\t<div class=\"elementor-widget-container\">\n\t\t\t\t\t\t\t\t\t<h2>Please contact us for a non-binding offer<\/h2>\n<p>You are welcome to get more information about our range of edged veneer.<\/p>\n<p>We are also happy to discuss your wishes and needs. Call us on <a href=\"tel:75 82 66 00\">75 82 66 00<\/a>\u200b, or write to us at <a href=\"mailto:mail@risorfiner.dk\">mail@risorfiner.dk<\/a>.<\/p>\n<p>We would like to point out that edged veneer is only sold in whole rolls to companies.<\/p>\n\t\t\t\t\t\t\t\t<\/div>\n\t\t\t\t<\/div>\n\t\t\t\t<div class=\"elementor-element elementor-element-dd7a27d elementor-align-justify elementor-widget__width-initial cta elementor-widget elementor-widget-button\" data-id=\"dd7a27d\" data-element_type=\"widget\" data-settings=\"{&quot;_animation&quot;:&quot;none&quot;,&quot;_animation_delay&quot;:800}\" data-widget_type=\"button.default\">\n\t\t\t\t<div class=\"elementor-widget-container\">\n\t\t\t\t\t\t\t\t\t<div class=\"elementor-button-wrapper\">\n\t\t\t\t\t<a class=\"elementor-button elementor-button-link elementor-size-sm\" href=\"https:\/\/risorfiner.dk\/en\/contact\/\">\n\t\t\t\t\t\t<span class=\"elementor-button-content-wrapper\">\n\t\t\t\t\t\t\t\t\t<span class=\"elementor-button-text\">Contact us today<\/span>\n\t\t\t\t\t<\/span>\n\t\t\t\t\t<\/a>\n\t\t\t\t<\/div>\n\t\t\t\t\t\t\t\t<\/div>\n\t\t\t\t<\/div>\n\t\t\t\t\t<\/div>\n\t\t\t\t<\/div>\n\t\t\t\t<\/div>\n\t\t","protected":false},"excerpt":{"rendered":"<p>Edged veneer for door, furniture and kitchen factories Passion and partnerships drive Einar Ris\u00f8r A\/S We create good results by thinking long-term and acting passionately with a focus on in-depth partnerships. Our employees have specialized in edged veneer in a large selection of wood species. Large selection of wood species for edged veneer Edged veneer &#8230; <a title=\"Edge veneer\" class=\"read-more\" href=\"https:\/\/risorfiner.dk\/en\/edge-veneer\/\" aria-label=\"Read more about Edge veneer\">Read more<\/a><\/p>\n","protected":false},"author":5,"featured_media":0,"parent":0,"menu_order":1001,"comment_status":"closed","ping_status":"closed","template":"","meta":{"_acf_changed":false,"footnotes":""},"categories":[],"class_list":["post-9938","page","type-page","status-publish"],"acf":[],"yoast_head":"<!-- This site is optimized with the Yoast SEO plugin v26.8 - https:\/\/yoast.com\/product\/yoast-seo-wordpress\/ -->\n<title>Edge veneer | Einar Ris\u00f8r Fin\u00e9rhandel A\/S<\/title>\n<meta name=\"robots\" content=\"index, follow, max-snippet:-1, max-image-preview:large, max-video-preview:-1\" \/>\n<link rel=\"canonical\" href=\"https:\/\/risorfiner.dk\/en\/edge-veneer\/\" \/>\n<meta property=\"og:locale\" content=\"en_US\" \/>\n<meta property=\"og:type\" content=\"article\" \/>\n<meta property=\"og:title\" content=\"Edge veneer | Einar Ris\u00f8r Fin\u00e9rhandel A\/S\" \/>\n<meta property=\"og:description\" content=\"Edged veneer for door, furniture and kitchen factories Passion and partnerships drive Einar Ris\u00f8r A\/S We create good results by thinking long-term and acting passionately with a focus on in-depth partnerships. Our employees have specialized in edged veneer in a large selection of wood species. Large selection of wood species for edged veneer Edged veneer ... Read more\" \/>\n<meta property=\"og:url\" content=\"https:\/\/risorfiner.dk\/en\/edge-veneer\/\" \/>\n<meta property=\"og:site_name\" content=\"Einar Ris\u00f8r Fin\u00e9rhandel A\/S\" \/>\n<meta property=\"article:modified_time\" content=\"2025-05-27T12:57:58+00:00\" \/>\n<meta property=\"og:image\" content=\"https:\/\/risorfiner.dk\/wp-content\/uploads\/2025\/03\/trees-6556336_1280.jpg\" \/>\n\t<meta property=\"og:image:width\" content=\"853\" \/>\n\t<meta property=\"og:image:height\" content=\"1280\" \/>\n\t<meta property=\"og:image:type\" content=\"image\/jpeg\" \/>\n<meta name=\"twitter:card\" content=\"summary_large_image\" \/>\n<meta name=\"twitter:label1\" content=\"Est. reading time\" \/>\n\t<meta name=\"twitter:data1\" content=\"1 minute\" \/>\n<script type=\"application\/ld+json\" class=\"yoast-schema-graph\">{\"@context\":\"https:\/\/schema.org\",\"@graph\":[{\"@type\":\"WebPage\",\"@id\":\"https:\/\/risorfiner.dk\/en\/edge-veneer\/\",\"url\":\"https:\/\/risorfiner.dk\/en\/edge-veneer\/\",\"name\":\"Edge veneer | Einar Ris\u00f8r Fin\u00e9rhandel A\/S\",\"isPartOf\":{\"@id\":\"https:\/\/risorfiner.webserver9.dk\/#website\"},\"primaryImageOfPage\":{\"@id\":\"https:\/\/risorfiner.dk\/en\/edge-veneer\/#primaryimage\"},\"image\":{\"@id\":\"https:\/\/risorfiner.dk\/en\/edge-veneer\/#primaryimage\"},\"thumbnailUrl\":\"https:\/\/risorfiner.dk\/wp-content\/uploads\/2025\/03\/trees-6556336_1280-666x1000.jpg\",\"datePublished\":\"2025-02-27T09:18:58+00:00\",\"dateModified\":\"2025-05-27T12:57:58+00:00\",\"breadcrumb\":{\"@id\":\"https:\/\/risorfiner.dk\/en\/edge-veneer\/#breadcrumb\"},\"inLanguage\":\"en-US\",\"potentialAction\":[{\"@type\":\"ReadAction\",\"target\":[\"https:\/\/risorfiner.dk\/en\/edge-veneer\/\"]}]},{\"@type\":\"ImageObject\",\"inLanguage\":\"en-US\",\"@id\":\"https:\/\/risorfiner.dk\/en\/edge-veneer\/#primaryimage\",\"url\":\"https:\/\/risorfiner.dk\/wp-content\/uploads\/2025\/03\/trees-6556336_1280-666x1000.jpg\",\"contentUrl\":\"https:\/\/risorfiner.dk\/wp-content\/uploads\/2025\/03\/trees-6556336_1280-666x1000.jpg\"},{\"@type\":\"BreadcrumbList\",\"@id\":\"https:\/\/risorfiner.dk\/en\/edge-veneer\/#breadcrumb\",\"itemListElement\":[{\"@type\":\"ListItem\",\"position\":1,\"name\":\"Forside\",\"item\":\"https:\/\/risorfiner.webserver9.dk\/\"},{\"@type\":\"ListItem\",\"position\":2,\"name\":\"Edge veneer\"}]},{\"@type\":\"WebSite\",\"@id\":\"https:\/\/risorfiner.webserver9.dk\/#website\",\"url\":\"https:\/\/risorfiner.webserver9.dk\/\",\"name\":\"Einar Ris\u00f8r Fin\u00e9rhandel A\/S\",\"description\":\"tr\u00e6 &amp; Fin\u00e9r til m\u00f8bel-, d\u00f8r-, og k\u00f8kkenfabrikker\",\"publisher\":{\"@id\":\"https:\/\/risorfiner.webserver9.dk\/#organization\"},\"potentialAction\":[{\"@type\":\"SearchAction\",\"target\":{\"@type\":\"EntryPoint\",\"urlTemplate\":\"https:\/\/risorfiner.webserver9.dk\/?s={search_term_string}\"},\"query-input\":{\"@type\":\"PropertyValueSpecification\",\"valueRequired\":true,\"valueName\":\"search_term_string\"}}],\"inLanguage\":\"en-US\"},{\"@type\":\"Organization\",\"@id\":\"https:\/\/risorfiner.webserver9.dk\/#organization\",\"name\":\"Einar Ris\u00f8r Fin\u00e9rhandel A\/S\",\"url\":\"https:\/\/risorfiner.webserver9.dk\/\",\"logo\":{\"@type\":\"ImageObject\",\"inLanguage\":\"en-US\",\"@id\":\"https:\/\/risorfiner.webserver9.dk\/#\/schema\/logo\/image\/\",\"url\":\"https:\/\/risorfiner.dk\/wp-content\/uploads\/2025\/02\/logo-strukket_314_318.png\",\"contentUrl\":\"https:\/\/risorfiner.dk\/wp-content\/uploads\/2025\/02\/logo-strukket_314_318.png\",\"width\":350,\"height\":105,\"caption\":\"Einar Ris\u00f8r Fin\u00e9rhandel A\/S\"},\"image\":{\"@id\":\"https:\/\/risorfiner.webserver9.dk\/#\/schema\/logo\/image\/\"}}]}<\/script>\n<!-- \/ Yoast SEO plugin. -->","yoast_head_json":{"title":"Edge veneer | Einar Ris\u00f8r Fin\u00e9rhandel A\/S","robots":{"index":"index","follow":"follow","max-snippet":"max-snippet:-1","max-image-preview":"max-image-preview:large","max-video-preview":"max-video-preview:-1"},"canonical":"https:\/\/risorfiner.dk\/en\/edge-veneer\/","og_locale":"en_US","og_type":"article","og_title":"Edge veneer | Einar Ris\u00f8r Fin\u00e9rhandel A\/S","og_description":"Edged veneer for door, furniture and kitchen factories Passion and partnerships drive Einar Ris\u00f8r A\/S We create good results by thinking long-term and acting passionately with a focus on in-depth partnerships. Our employees have specialized in edged veneer in a large selection of wood species. Large selection of wood species for edged veneer Edged veneer ... Read more","og_url":"https:\/\/risorfiner.dk\/en\/edge-veneer\/","og_site_name":"Einar Ris\u00f8r Fin\u00e9rhandel A\/S","article_modified_time":"2025-05-27T12:57:58+00:00","og_image":[{"width":853,"height":1280,"url":"https:\/\/risorfiner.dk\/wp-content\/uploads\/2025\/03\/trees-6556336_1280.jpg","type":"image\/jpeg"}],"twitter_card":"summary_large_image","twitter_misc":{"Est. reading time":"1 minute"},"schema":{"@context":"https:\/\/schema.org","@graph":[{"@type":"WebPage","@id":"https:\/\/risorfiner.dk\/en\/edge-veneer\/","url":"https:\/\/risorfiner.dk\/en\/edge-veneer\/","name":"Edge veneer | Einar Ris\u00f8r Fin\u00e9rhandel A\/S","isPartOf":{"@id":"https:\/\/risorfiner.webserver9.dk\/#website"},"primaryImageOfPage":{"@id":"https:\/\/risorfiner.dk\/en\/edge-veneer\/#primaryimage"},"image":{"@id":"https:\/\/risorfiner.dk\/en\/edge-veneer\/#primaryimage"},"thumbnailUrl":"https:\/\/risorfiner.dk\/wp-content\/uploads\/2025\/03\/trees-6556336_1280-666x1000.jpg","datePublished":"2025-02-27T09:18:58+00:00","dateModified":"2025-05-27T12:57:58+00:00","breadcrumb":{"@id":"https:\/\/risorfiner.dk\/en\/edge-veneer\/#breadcrumb"},"inLanguage":"en-US","potentialAction":[{"@type":"ReadAction","target":["https:\/\/risorfiner.dk\/en\/edge-veneer\/"]}]},{"@type":"ImageObject","inLanguage":"en-US","@id":"https:\/\/risorfiner.dk\/en\/edge-veneer\/#primaryimage","url":"https:\/\/risorfiner.dk\/wp-content\/uploads\/2025\/03\/trees-6556336_1280-666x1000.jpg","contentUrl":"https:\/\/risorfiner.dk\/wp-content\/uploads\/2025\/03\/trees-6556336_1280-666x1000.jpg"},{"@type":"BreadcrumbList","@id":"https:\/\/risorfiner.dk\/en\/edge-veneer\/#breadcrumb","itemListElement":[{"@type":"ListItem","position":1,"name":"Forside","item":"https:\/\/risorfiner.webserver9.dk\/"},{"@type":"ListItem","position":2,"name":"Edge veneer"}]},{"@type":"WebSite","@id":"https:\/\/risorfiner.webserver9.dk\/#website","url":"https:\/\/risorfiner.webserver9.dk\/","name":"Einar Ris\u00f8r Fin\u00e9rhandel A\/S","description":"tr\u00e6 &amp; Fin\u00e9r til m\u00f8bel-, d\u00f8r-, og k\u00f8kkenfabrikker","publisher":{"@id":"https:\/\/risorfiner.webserver9.dk\/#organization"},"potentialAction":[{"@type":"SearchAction","target":{"@type":"EntryPoint","urlTemplate":"https:\/\/risorfiner.webserver9.dk\/?s={search_term_string}"},"query-input":{"@type":"PropertyValueSpecification","valueRequired":true,"valueName":"search_term_string"}}],"inLanguage":"en-US"},{"@type":"Organization","@id":"https:\/\/risorfiner.webserver9.dk\/#organization","name":"Einar Ris\u00f8r Fin\u00e9rhandel A\/S","url":"https:\/\/risorfiner.webserver9.dk\/","logo":{"@type":"ImageObject","inLanguage":"en-US","@id":"https:\/\/risorfiner.webserver9.dk\/#\/schema\/logo\/image\/","url":"https:\/\/risorfiner.dk\/wp-content\/uploads\/2025\/02\/logo-strukket_314_318.png","contentUrl":"https:\/\/risorfiner.dk\/wp-content\/uploads\/2025\/02\/logo-strukket_314_318.png","width":350,"height":105,"caption":"Einar Ris\u00f8r Fin\u00e9rhandel A\/S"},"image":{"@id":"https:\/\/risorfiner.webserver9.dk\/#\/schema\/logo\/image\/"}}]}},"_links":{"self":[{"href":"https:\/\/risorfiner.dk\/en\/wp-json\/wp\/v2\/pages\/9938","targetHints":{"allow":["GET"]}}],"collection":[{"href":"https:\/\/risorfiner.dk\/en\/wp-json\/wp\/v2\/pages"}],"about":[{"href":"https:\/\/risorfiner.dk\/en\/wp-json\/wp\/v2\/types\/page"}],"author":[{"embeddable":true,"href":"https:\/\/risorfiner.dk\/en\/wp-json\/wp\/v2\/users\/5"}],"replies":[{"embeddable":true,"href":"https:\/\/risorfiner.dk\/en\/wp-json\/wp\/v2\/comments?post=9938"}],"version-history":[{"count":1,"href":"https:\/\/risorfiner.dk\/en\/wp-json\/wp\/v2\/pages\/9938\/revisions"}],"predecessor-version":[{"id":9939,"href":"https:\/\/risorfiner.dk\/en\/wp-json\/wp\/v2\/pages\/9938\/revisions\/9939"}],"wp:attachment":[{"href":"https:\/\/risorfiner.dk\/en\/wp-json\/wp\/v2\/media?parent=9938"}],"wp:term":[{"taxonomy":"category","embeddable":true,"href":"https:\/\/risorfiner.dk\/en\/wp-json\/wp\/v2\/categories?post=9938"}],"curies":[{"name":"wp","href":"https:\/\/api.w.org\/{rel}","templated":true}]}}