{"id":9934,"date":"2020-02-12T13:11:38","date_gmt":"2020-02-12T12:11:38","guid":{"rendered":"https:\/\/risorfiner.dk\/contact\/"},"modified":"2025-05-28T09:09:29","modified_gmt":"2025-05-28T07:09:29","slug":"contact","status":"publish","type":"page","link":"https:\/\/risorfiner.dk\/en\/contact\/","title":{"rendered":"Contact"},"content":{"rendered":"\t\t<div data-elementor-type=\"wp-page\" data-elementor-id=\"9934\" class=\"elementor elementor-9934 elementor-61\" data-elementor-post-type=\"page\">\n\t\t\t\t<div class=\"elementor-element elementor-element-36839408 e-flex e-con-boxed e-con e-parent\" data-id=\"36839408\" data-element_type=\"container\">\n\t\t\t\t\t<div class=\"e-con-inner\">\n\t\t<div class=\"elementor-element elementor-element-4410f24e e-con-full no-padding e-flex e-con e-child\" data-id=\"4410f24e\" data-element_type=\"container\" data-settings=\"{&quot;background_background&quot;:&quot;classic&quot;}\">\n\t\t<div class=\"elementor-element elementor-element-f096162 e-con-full light padding e-flex e-con e-child\" data-id=\"f096162\" data-element_type=\"container\" data-settings=\"{&quot;background_background&quot;:&quot;classic&quot;}\">\n\t\t\t\t<div class=\"elementor-element elementor-element-57c7c892 elementor-widget elementor-widget-text-editor\" data-id=\"57c7c892\" data-element_type=\"widget\" data-widget_type=\"text-editor.default\">\n\t\t\t\t<div class=\"elementor-widget-container\">\n\t\t\t\t\t\t\t\t\t<h1>Contact us<\/h1>\n<p><\/p>\n<h2>\u200bWe look forward to hearing from you! \u200b<\/h2>\n<p>We can be reached every weekday, either by phone or email. You are more than welcome to get in touch and have a completely non-binding chat about what we can help you with.<\/p>\n<p>Einar Ris\u00f8r Fin\u00e9rhandel A\/S<\/p>\n<p>Address: <a href=\"https:\/\/www.google.com\/maps\/place\/Niels Bohrs Vej 1 7100 Vejle\" target=\"_blank\" aria-label=\"Adresse\">Niels Bohrs Vej 1 7100 Vejle<\/a><\/p>\n<p>Phone: <a href=\"tel:+45 75 82 66 00\" aria-label=\"Telefon nummer\">+45 75 82 66 00<\/a><\/p>\n<p>Email: <a href=\"mailto:mail@risorfiner.dk\" aria-label=\"Email adresse\">mail@risorfiner.dk<\/a><\/p>\n<p>CVR no.: 30369718<\/p>\n\t\t\t\t\t\t\t\t<\/div>\n\t\t\t\t<\/div>\n\t\t\t\t<\/div>\n\t\t<div class=\"elementor-element elementor-element-260bdb7a e-con-full padding e-flex e-con e-child\" data-id=\"260bdb7a\" data-element_type=\"container\">\n\t\t\t\t<div class=\"elementor-element elementor-element-e8ed9cf elementor-widget elementor-widget-text-editor\" data-id=\"e8ed9cf\" data-element_type=\"widget\" data-widget_type=\"text-editor.default\">\n\t\t\t\t<div class=\"elementor-widget-container\">\n\t\t\t\t\t\t\t\t\t<h2>Do you have any questions?<\/h2>\n<p>&#8211; please fill out the form below. We will try to respond as soon as possible.<\/p>\n\t\t\t\t\t\t\t\t<\/div>\n\t\t\t\t<\/div>\n\t\t\t\t<div class=\"elementor-element elementor-element-2e7968d8 elementor-widget__width-inherit elementor-widget elementor-widget-shortcode\" data-id=\"2e7968d8\" data-element_type=\"widget\" data-widget_type=\"shortcode.default\">\n\t\t\t\t<div class=\"elementor-widget-container\">\n\t\t\t\t\t\t\t<div class=\"elementor-shortcode\"><form id=\"forminator-module-9952\" class=\"forminator-custom-form forminator-custom-form-9952\" method=\"post\" data-forminator-render=\"0\" data-uid=\"69d0d226550d8\"><div role=\"alert\" aria-live=\"polite\" class=\"forminator-response-message forminator-error\" aria-hidden=\"true\"><\/div><\/form><\/div>\n\t\t\t\t\t\t<\/div>\n\t\t\t\t<\/div>\n\t\t\t\t<\/div>\n\t\t\t\t<\/div>\n\t\t\t\t\t<\/div>\n\t\t\t\t<\/div>\n\t\t<div class=\"elementor-element elementor-element-c3c9af5 e-flex e-con-boxed e-con e-parent\" data-id=\"c3c9af5\" data-element_type=\"container\">\n\t\t\t\t\t<div class=\"e-con-inner\">\n\t\t<div class=\"elementor-element elementor-element-838a447 e-con-full e-flex e-con e-child\" data-id=\"838a447\" data-element_type=\"container\">\n\t\t\t\t<div class=\"elementor-element elementor-element-6ec352a elementor-widget elementor-widget-image\" data-id=\"6ec352a\" data-element_type=\"widget\" data-widget_type=\"image.default\">\n\t\t\t\t<div class=\"elementor-widget-container\">\n\t\t\t\t\t\t\t\t\t\t\t\t\t\t\t<img fetchpriority=\"high\" decoding=\"async\" width=\"1000\" height=\"1000\" src=\"https:\/\/risorfiner.dk\/wp-content\/uploads\/2023\/11\/medarbejder-placeholder-1000x1000.jpg\" class=\"attachment-large size-large wp-image-7070\" alt=\"\" srcset=\"https:\/\/risorfiner.dk\/wp-content\/uploads\/2023\/11\/medarbejder-placeholder-1000x1000.jpg 1000w, https:\/\/risorfiner.dk\/wp-content\/uploads\/2023\/11\/medarbejder-placeholder-768x768.jpg 768w, https:\/\/risorfiner.dk\/wp-content\/uploads\/2023\/11\/medarbejder-placeholder-1536x1536.jpg 1536w, https:\/\/risorfiner.dk\/wp-content\/uploads\/2023\/11\/medarbejder-placeholder-250x250.jpg 250w, https:\/\/risorfiner.dk\/wp-content\/uploads\/2023\/11\/medarbejder-placeholder-500x500.jpg 500w, https:\/\/risorfiner.dk\/wp-content\/uploads\/2023\/11\/medarbejder-placeholder.jpg 1667w\" sizes=\"(max-width: 1000px) 100vw, 1000px\" \/>\t\t\t\t\t\t\t\t\t\t\t\t\t\t\t<\/div>\n\t\t\t\t<\/div>\n\t\t\t\t<div class=\"elementor-element elementor-element-21a9bf0 elementor-widget elementor-widget-text-editor\" data-id=\"21a9bf0\" data-element_type=\"widget\" data-widget_type=\"text-editor.default\">\n\t\t\t\t<div class=\"elementor-widget-container\">\n\t\t\t\t\t\t\t\t\t<p>\u200b<strong>CEO:<br \/>\n<\/strong>Bjarne Ris\u00f8r<br \/>\u200bMail:\u00a0<a href=\"mailto:br@risorfiner.dk\">br@risorfiner.dk<\/a><br \/>Mobile: <a href=\"tel:40516981\">+45 40 51 69 81\u200b<\/a><\/p>\n\t\t\t\t\t\t\t\t<\/div>\n\t\t\t\t<\/div>\n\t\t\t\t<\/div>\n\t\t<div class=\"elementor-element elementor-element-dba8513 e-con-full e-flex e-con e-child\" data-id=\"dba8513\" data-element_type=\"container\">\n\t\t\t\t<div class=\"elementor-element elementor-element-ac22798 elementor-widget elementor-widget-image\" data-id=\"ac22798\" data-element_type=\"widget\" data-widget_type=\"image.default\">\n\t\t\t\t<div class=\"elementor-widget-container\">\n\t\t\t\t\t\t\t\t\t\t\t\t\t\t\t<img fetchpriority=\"high\" decoding=\"async\" width=\"1000\" height=\"1000\" src=\"https:\/\/risorfiner.dk\/wp-content\/uploads\/2023\/11\/medarbejder-placeholder-1000x1000.jpg\" class=\"attachment-large size-large wp-image-7070\" alt=\"\" srcset=\"https:\/\/risorfiner.dk\/wp-content\/uploads\/2023\/11\/medarbejder-placeholder-1000x1000.jpg 1000w, https:\/\/risorfiner.dk\/wp-content\/uploads\/2023\/11\/medarbejder-placeholder-768x768.jpg 768w, https:\/\/risorfiner.dk\/wp-content\/uploads\/2023\/11\/medarbejder-placeholder-1536x1536.jpg 1536w, https:\/\/risorfiner.dk\/wp-content\/uploads\/2023\/11\/medarbejder-placeholder-250x250.jpg 250w, https:\/\/risorfiner.dk\/wp-content\/uploads\/2023\/11\/medarbejder-placeholder-500x500.jpg 500w, https:\/\/risorfiner.dk\/wp-content\/uploads\/2023\/11\/medarbejder-placeholder.jpg 1667w\" sizes=\"(max-width: 1000px) 100vw, 1000px\" \/>\t\t\t\t\t\t\t\t\t\t\t\t\t\t\t<\/div>\n\t\t\t\t<\/div>\n\t\t\t\t<div class=\"elementor-element elementor-element-647618a elementor-widget elementor-widget-text-editor\" data-id=\"647618a\" data-element_type=\"widget\" data-widget_type=\"text-editor.default\">\n\t\t\t\t<div class=\"elementor-widget-container\">\n\t\t\t\t\t\t\t\t\t<p><strong>Seller:<br \/>\n<\/strong>J\u00f8rgen Benjaminsen<br \/>Mail:\u00a0<a href=\"mailto:jb@risorfiner.dk\">jb@risorfiner.dk<\/a><br \/>Mobile: <a href=\"tel:41125235\">+45 41 12 52 35\u200b\u200b<\/a>\u200b<\/p>\n\t\t\t\t\t\t\t\t<\/div>\n\t\t\t\t<\/div>\n\t\t\t\t<\/div>\n\t\t<div class=\"elementor-element elementor-element-fda295c e-con-full e-flex e-con e-child\" data-id=\"fda295c\" data-element_type=\"container\">\n\t\t\t\t<div class=\"elementor-element elementor-element-aa7b609 elementor-widget elementor-widget-image\" data-id=\"aa7b609\" data-element_type=\"widget\" data-widget_type=\"image.default\">\n\t\t\t\t<div class=\"elementor-widget-container\">\n\t\t\t\t\t\t\t\t\t\t\t\t\t\t\t<img fetchpriority=\"high\" decoding=\"async\" width=\"1000\" height=\"1000\" src=\"https:\/\/risorfiner.dk\/wp-content\/uploads\/2023\/11\/medarbejder-placeholder-1000x1000.jpg\" class=\"attachment-large size-large wp-image-7070\" alt=\"\" srcset=\"https:\/\/risorfiner.dk\/wp-content\/uploads\/2023\/11\/medarbejder-placeholder-1000x1000.jpg 1000w, https:\/\/risorfiner.dk\/wp-content\/uploads\/2023\/11\/medarbejder-placeholder-768x768.jpg 768w, https:\/\/risorfiner.dk\/wp-content\/uploads\/2023\/11\/medarbejder-placeholder-1536x1536.jpg 1536w, https:\/\/risorfiner.dk\/wp-content\/uploads\/2023\/11\/medarbejder-placeholder-250x250.jpg 250w, https:\/\/risorfiner.dk\/wp-content\/uploads\/2023\/11\/medarbejder-placeholder-500x500.jpg 500w, https:\/\/risorfiner.dk\/wp-content\/uploads\/2023\/11\/medarbejder-placeholder.jpg 1667w\" sizes=\"(max-width: 1000px) 100vw, 1000px\" \/>\t\t\t\t\t\t\t\t\t\t\t\t\t\t\t<\/div>\n\t\t\t\t<\/div>\n\t\t\t\t<div class=\"elementor-element elementor-element-eea5fa8 elementor-widget elementor-widget-text-editor\" data-id=\"eea5fa8\" data-element_type=\"widget\" data-widget_type=\"text-editor.default\">\n\t\t\t\t<div class=\"elementor-widget-container\">\n\t\t\t\t\t\t\t\t\t<p><strong>Seller:<br \/>\n<\/strong>\u200bSolid wood + Fleece &amp; Flex<br \/>Mail:<strong>\u00a0\u200b<\/strong><a href=\"mailto:mail@risorfiner.dk\">mail@risorfiner.dk<\/a><strong><br \/>\n<\/strong>Mobile: \u200b<a href=\"tel:40838190\">+45 \u200b\u200b\u200b40 83 81 90<\/a>\u200b<\/p>\n\t\t\t\t\t\t\t\t<\/div>\n\t\t\t\t<\/div>\n\t\t\t\t<\/div>\n\t\t<div class=\"elementor-element elementor-element-195a179 e-con-full e-flex e-con e-child\" data-id=\"195a179\" data-element_type=\"container\">\n\t\t\t\t<div class=\"elementor-element elementor-element-8db77a9 elementor-widget elementor-widget-image\" data-id=\"8db77a9\" data-element_type=\"widget\" data-widget_type=\"image.default\">\n\t\t\t\t<div class=\"elementor-widget-container\">\n\t\t\t\t\t\t\t\t\t\t\t\t\t\t\t<img fetchpriority=\"high\" decoding=\"async\" width=\"1000\" height=\"1000\" src=\"https:\/\/risorfiner.dk\/wp-content\/uploads\/2023\/11\/medarbejder-placeholder-1000x1000.jpg\" class=\"attachment-large size-large wp-image-7070\" alt=\"\" srcset=\"https:\/\/risorfiner.dk\/wp-content\/uploads\/2023\/11\/medarbejder-placeholder-1000x1000.jpg 1000w, https:\/\/risorfiner.dk\/wp-content\/uploads\/2023\/11\/medarbejder-placeholder-768x768.jpg 768w, https:\/\/risorfiner.dk\/wp-content\/uploads\/2023\/11\/medarbejder-placeholder-1536x1536.jpg 1536w, https:\/\/risorfiner.dk\/wp-content\/uploads\/2023\/11\/medarbejder-placeholder-250x250.jpg 250w, https:\/\/risorfiner.dk\/wp-content\/uploads\/2023\/11\/medarbejder-placeholder-500x500.jpg 500w, https:\/\/risorfiner.dk\/wp-content\/uploads\/2023\/11\/medarbejder-placeholder.jpg 1667w\" sizes=\"(max-width: 1000px) 100vw, 1000px\" \/>\t\t\t\t\t\t\t\t\t\t\t\t\t\t\t<\/div>\n\t\t\t\t<\/div>\n\t\t\t\t<div class=\"elementor-element elementor-element-a6c0de3 elementor-widget elementor-widget-text-editor\" data-id=\"a6c0de3\" data-element_type=\"widget\" data-widget_type=\"text-editor.default\">\n\t\t\t\t<div class=\"elementor-widget-container\">\n\t\t\t\t\t\t\t\t\t<p>\u200b<strong>Manager:<br \/>\n<\/strong>Lars Peter Honor\u00e9 Gydesen<br \/>\u200bMail:\u00a0<a href=\"mailto:lph@risorfiner.dk\">lph@risorfiner.dk<\/a><br \/>Mobile: <a href=\"tel:004522749937\">+45 22 74 99 37<\/a><\/p>\n\t\t\t\t\t\t\t\t<\/div>\n\t\t\t\t<\/div>\n\t\t\t\t<\/div>\n\t\t<div class=\"elementor-element elementor-element-c905265 e-con-full e-flex e-con e-child\" data-id=\"c905265\" data-element_type=\"container\">\n\t\t\t\t<div class=\"elementor-element elementor-element-f2851df elementor-widget elementor-widget-image\" data-id=\"f2851df\" data-element_type=\"widget\" data-widget_type=\"image.default\">\n\t\t\t\t<div class=\"elementor-widget-container\">\n\t\t\t\t\t\t\t\t\t\t\t\t\t\t\t<img fetchpriority=\"high\" decoding=\"async\" width=\"1000\" height=\"1000\" src=\"https:\/\/risorfiner.dk\/wp-content\/uploads\/2023\/11\/medarbejder-placeholder-1000x1000.jpg\" class=\"attachment-large size-large wp-image-7070\" alt=\"\" srcset=\"https:\/\/risorfiner.dk\/wp-content\/uploads\/2023\/11\/medarbejder-placeholder-1000x1000.jpg 1000w, https:\/\/risorfiner.dk\/wp-content\/uploads\/2023\/11\/medarbejder-placeholder-768x768.jpg 768w, https:\/\/risorfiner.dk\/wp-content\/uploads\/2023\/11\/medarbejder-placeholder-1536x1536.jpg 1536w, https:\/\/risorfiner.dk\/wp-content\/uploads\/2023\/11\/medarbejder-placeholder-250x250.jpg 250w, https:\/\/risorfiner.dk\/wp-content\/uploads\/2023\/11\/medarbejder-placeholder-500x500.jpg 500w, https:\/\/risorfiner.dk\/wp-content\/uploads\/2023\/11\/medarbejder-placeholder.jpg 1667w\" sizes=\"(max-width: 1000px) 100vw, 1000px\" \/>\t\t\t\t\t\t\t\t\t\t\t\t\t\t\t<\/div>\n\t\t\t\t<\/div>\n\t\t\t\t<div class=\"elementor-element elementor-element-e884e89 elementor-widget elementor-widget-text-editor\" data-id=\"e884e89\" data-element_type=\"widget\" data-widget_type=\"text-editor.default\">\n\t\t\t\t<div class=\"elementor-widget-container\">\n\t\t\t\t\t\t\t\t\t<p><strong>Head of Finance:<br \/>\n<\/strong>Marianne Provstgaard Bruhn\u200b<br \/>Mail: <a href=\"mailto:mp@risorfiner.dk\">mp@risorfiner.dk<\/a><br \/>Phone: <a href=\"callto:+45 7582 6600\">+45 7582 6600<\/a><\/p>\n\t\t\t\t\t\t\t\t<\/div>\n\t\t\t\t<\/div>\n\t\t\t\t<\/div>\n\t\t\t\t\t<\/div>\n\t\t\t\t<\/div>\n\t\t<div class=\"elementor-element elementor-element-43d50fc e-con-full e-flex e-con e-parent\" data-id=\"43d50fc\" data-element_type=\"container\">\n\t\t\t\t<div class=\"elementor-element elementor-element-e5c49e6 elementor-widget elementor-widget-google_maps\" data-id=\"e5c49e6\" data-element_type=\"widget\" data-widget_type=\"google_maps.default\">\n\t\t\t\t<div class=\"elementor-widget-container\">\n\t\t\t\t\t\t\t<div class=\"elementor-custom-embed\">\n\t\t\t<iframe loading=\"lazy\"\n\t\t\t\t\tsrc=\"https:\/\/maps.google.com\/maps?q=Niels%20Bohrs%20Vej%201%207100%20Vejle&#038;t=m&#038;z=8&#038;output=embed&#038;iwloc=near\"\n\t\t\t\t\ttitle=\"Niels Bohrs Vej 1 7100 Vejle\"\n\t\t\t\t\taria-label=\"Niels Bohrs Vej 1 7100 Vejle\"\n\t\t\t><\/iframe>\n\t\t<\/div>\n\t\t\t\t\t\t<\/div>\n\t\t\t\t<\/div>\n\t\t\t\t<\/div>\n\t\t\t\t<\/div>\n\t\t","protected":false},"excerpt":{"rendered":"<p>Do you have any questions or comments? Contact us today to learn more about what we can do for you.<\/p>\n","protected":false},"author":1,"featured_media":0,"parent":0,"menu_order":0,"comment_status":"closed","ping_status":"closed","template":"","meta":{"_acf_changed":false,"footnotes":""},"categories":[],"class_list":["post-9934","page","type-page","status-publish"],"acf":[],"yoast_head":"<!-- This site is optimized with the Yoast SEO plugin v26.8 - https:\/\/yoast.com\/product\/yoast-seo-wordpress\/ -->\n<title>Contact | Einar Ris\u00f8r Fin\u00e9rhandel A\/S<\/title>\n<meta name=\"robots\" content=\"index, follow, max-snippet:-1, max-image-preview:large, max-video-preview:-1\" \/>\n<link rel=\"canonical\" href=\"https:\/\/risorfiner.dk\/en\/contact\/\" \/>\n<meta property=\"og:locale\" content=\"en_US\" \/>\n<meta property=\"og:type\" content=\"article\" \/>\n<meta property=\"og:title\" content=\"Contact | Einar Ris\u00f8r Fin\u00e9rhandel A\/S\" \/>\n<meta property=\"og:description\" content=\"Do you have any questions or comments? Contact us today to learn more about what we can do for you.\" \/>\n<meta property=\"og:url\" content=\"https:\/\/risorfiner.dk\/en\/contact\/\" \/>\n<meta property=\"og:site_name\" content=\"Einar Ris\u00f8r Fin\u00e9rhandel A\/S\" \/>\n<meta property=\"article:modified_time\" content=\"2025-05-28T07:09:29+00:00\" \/>\n<meta property=\"og:image\" content=\"https:\/\/risorfiner.dk\/wp-content\/uploads\/2023\/11\/medarbejder-placeholder.jpg\" \/>\n\t<meta property=\"og:image:width\" content=\"1667\" \/>\n\t<meta property=\"og:image:height\" content=\"1667\" \/>\n\t<meta property=\"og:image:type\" content=\"image\/jpeg\" \/>\n<meta name=\"twitter:card\" content=\"summary_large_image\" \/>\n<meta name=\"twitter:label1\" content=\"Est. reading time\" \/>\n\t<meta name=\"twitter:data1\" content=\"1 minute\" \/>\n<script type=\"application\/ld+json\" class=\"yoast-schema-graph\">{\"@context\":\"https:\/\/schema.org\",\"@graph\":[{\"@type\":\"WebPage\",\"@id\":\"https:\/\/risorfiner.dk\/en\/contact\/\",\"url\":\"https:\/\/risorfiner.dk\/en\/contact\/\",\"name\":\"Contact | Einar Ris\u00f8r Fin\u00e9rhandel A\/S\",\"isPartOf\":{\"@id\":\"https:\/\/risorfiner.webserver9.dk\/#website\"},\"primaryImageOfPage\":{\"@id\":\"https:\/\/risorfiner.dk\/en\/contact\/#primaryimage\"},\"image\":{\"@id\":\"https:\/\/risorfiner.dk\/en\/contact\/#primaryimage\"},\"thumbnailUrl\":\"https:\/\/risorfiner.dk\/wp-content\/uploads\/2023\/11\/medarbejder-placeholder-1000x1000.jpg\",\"datePublished\":\"2020-02-12T12:11:38+00:00\",\"dateModified\":\"2025-05-28T07:09:29+00:00\",\"breadcrumb\":{\"@id\":\"https:\/\/risorfiner.dk\/en\/contact\/#breadcrumb\"},\"inLanguage\":\"en-US\",\"potentialAction\":[{\"@type\":\"ReadAction\",\"target\":[\"https:\/\/risorfiner.dk\/en\/contact\/\"]}]},{\"@type\":\"ImageObject\",\"inLanguage\":\"en-US\",\"@id\":\"https:\/\/risorfiner.dk\/en\/contact\/#primaryimage\",\"url\":\"https:\/\/risorfiner.dk\/wp-content\/uploads\/2023\/11\/medarbejder-placeholder-1000x1000.jpg\",\"contentUrl\":\"https:\/\/risorfiner.dk\/wp-content\/uploads\/2023\/11\/medarbejder-placeholder-1000x1000.jpg\"},{\"@type\":\"BreadcrumbList\",\"@id\":\"https:\/\/risorfiner.dk\/en\/contact\/#breadcrumb\",\"itemListElement\":[{\"@type\":\"ListItem\",\"position\":1,\"name\":\"Forside\",\"item\":\"https:\/\/risorfiner.webserver9.dk\/\"},{\"@type\":\"ListItem\",\"position\":2,\"name\":\"Contact\"}]},{\"@type\":\"WebSite\",\"@id\":\"https:\/\/risorfiner.webserver9.dk\/#website\",\"url\":\"https:\/\/risorfiner.webserver9.dk\/\",\"name\":\"Einar Ris\u00f8r Fin\u00e9rhandel A\/S\",\"description\":\"tr\u00e6 &amp; Fin\u00e9r til m\u00f8bel-, d\u00f8r-, og k\u00f8kkenfabrikker\",\"publisher\":{\"@id\":\"https:\/\/risorfiner.webserver9.dk\/#organization\"},\"potentialAction\":[{\"@type\":\"SearchAction\",\"target\":{\"@type\":\"EntryPoint\",\"urlTemplate\":\"https:\/\/risorfiner.webserver9.dk\/?s={search_term_string}\"},\"query-input\":{\"@type\":\"PropertyValueSpecification\",\"valueRequired\":true,\"valueName\":\"search_term_string\"}}],\"inLanguage\":\"en-US\"},{\"@type\":\"Organization\",\"@id\":\"https:\/\/risorfiner.webserver9.dk\/#organization\",\"name\":\"Einar Ris\u00f8r Fin\u00e9rhandel A\/S\",\"url\":\"https:\/\/risorfiner.webserver9.dk\/\",\"logo\":{\"@type\":\"ImageObject\",\"inLanguage\":\"en-US\",\"@id\":\"https:\/\/risorfiner.webserver9.dk\/#\/schema\/logo\/image\/\",\"url\":\"https:\/\/risorfiner.dk\/wp-content\/uploads\/2025\/02\/logo-strukket_314_318.png\",\"contentUrl\":\"https:\/\/risorfiner.dk\/wp-content\/uploads\/2025\/02\/logo-strukket_314_318.png\",\"width\":350,\"height\":105,\"caption\":\"Einar Ris\u00f8r Fin\u00e9rhandel A\/S\"},\"image\":{\"@id\":\"https:\/\/risorfiner.webserver9.dk\/#\/schema\/logo\/image\/\"}}]}<\/script>\n<!-- \/ Yoast SEO plugin. -->","yoast_head_json":{"title":"Contact | Einar Ris\u00f8r Fin\u00e9rhandel A\/S","robots":{"index":"index","follow":"follow","max-snippet":"max-snippet:-1","max-image-preview":"max-image-preview:large","max-video-preview":"max-video-preview:-1"},"canonical":"https:\/\/risorfiner.dk\/en\/contact\/","og_locale":"en_US","og_type":"article","og_title":"Contact | Einar Ris\u00f8r Fin\u00e9rhandel A\/S","og_description":"Do you have any questions or comments? Contact us today to learn more about what we can do for you.","og_url":"https:\/\/risorfiner.dk\/en\/contact\/","og_site_name":"Einar Ris\u00f8r Fin\u00e9rhandel A\/S","article_modified_time":"2025-05-28T07:09:29+00:00","og_image":[{"width":1667,"height":1667,"url":"https:\/\/risorfiner.dk\/wp-content\/uploads\/2023\/11\/medarbejder-placeholder.jpg","type":"image\/jpeg"}],"twitter_card":"summary_large_image","twitter_misc":{"Est. reading time":"1 minute"},"schema":{"@context":"https:\/\/schema.org","@graph":[{"@type":"WebPage","@id":"https:\/\/risorfiner.dk\/en\/contact\/","url":"https:\/\/risorfiner.dk\/en\/contact\/","name":"Contact | Einar Ris\u00f8r Fin\u00e9rhandel A\/S","isPartOf":{"@id":"https:\/\/risorfiner.webserver9.dk\/#website"},"primaryImageOfPage":{"@id":"https:\/\/risorfiner.dk\/en\/contact\/#primaryimage"},"image":{"@id":"https:\/\/risorfiner.dk\/en\/contact\/#primaryimage"},"thumbnailUrl":"https:\/\/risorfiner.dk\/wp-content\/uploads\/2023\/11\/medarbejder-placeholder-1000x1000.jpg","datePublished":"2020-02-12T12:11:38+00:00","dateModified":"2025-05-28T07:09:29+00:00","breadcrumb":{"@id":"https:\/\/risorfiner.dk\/en\/contact\/#breadcrumb"},"inLanguage":"en-US","potentialAction":[{"@type":"ReadAction","target":["https:\/\/risorfiner.dk\/en\/contact\/"]}]},{"@type":"ImageObject","inLanguage":"en-US","@id":"https:\/\/risorfiner.dk\/en\/contact\/#primaryimage","url":"https:\/\/risorfiner.dk\/wp-content\/uploads\/2023\/11\/medarbejder-placeholder-1000x1000.jpg","contentUrl":"https:\/\/risorfiner.dk\/wp-content\/uploads\/2023\/11\/medarbejder-placeholder-1000x1000.jpg"},{"@type":"BreadcrumbList","@id":"https:\/\/risorfiner.dk\/en\/contact\/#breadcrumb","itemListElement":[{"@type":"ListItem","position":1,"name":"Forside","item":"https:\/\/risorfiner.webserver9.dk\/"},{"@type":"ListItem","position":2,"name":"Contact"}]},{"@type":"WebSite","@id":"https:\/\/risorfiner.webserver9.dk\/#website","url":"https:\/\/risorfiner.webserver9.dk\/","name":"Einar Ris\u00f8r Fin\u00e9rhandel A\/S","description":"tr\u00e6 &amp; Fin\u00e9r til m\u00f8bel-, d\u00f8r-, og k\u00f8kkenfabrikker","publisher":{"@id":"https:\/\/risorfiner.webserver9.dk\/#organization"},"potentialAction":[{"@type":"SearchAction","target":{"@type":"EntryPoint","urlTemplate":"https:\/\/risorfiner.webserver9.dk\/?s={search_term_string}"},"query-input":{"@type":"PropertyValueSpecification","valueRequired":true,"valueName":"search_term_string"}}],"inLanguage":"en-US"},{"@type":"Organization","@id":"https:\/\/risorfiner.webserver9.dk\/#organization","name":"Einar Ris\u00f8r Fin\u00e9rhandel A\/S","url":"https:\/\/risorfiner.webserver9.dk\/","logo":{"@type":"ImageObject","inLanguage":"en-US","@id":"https:\/\/risorfiner.webserver9.dk\/#\/schema\/logo\/image\/","url":"https:\/\/risorfiner.dk\/wp-content\/uploads\/2025\/02\/logo-strukket_314_318.png","contentUrl":"https:\/\/risorfiner.dk\/wp-content\/uploads\/2025\/02\/logo-strukket_314_318.png","width":350,"height":105,"caption":"Einar Ris\u00f8r Fin\u00e9rhandel A\/S"},"image":{"@id":"https:\/\/risorfiner.webserver9.dk\/#\/schema\/logo\/image\/"}}]}},"_links":{"self":[{"href":"https:\/\/risorfiner.dk\/en\/wp-json\/wp\/v2\/pages\/9934","targetHints":{"allow":["GET"]}}],"collection":[{"href":"https:\/\/risorfiner.dk\/en\/wp-json\/wp\/v2\/pages"}],"about":[{"href":"https:\/\/risorfiner.dk\/en\/wp-json\/wp\/v2\/types\/page"}],"author":[{"embeddable":true,"href":"https:\/\/risorfiner.dk\/en\/wp-json\/wp\/v2\/users\/1"}],"replies":[{"embeddable":true,"href":"https:\/\/risorfiner.dk\/en\/wp-json\/wp\/v2\/comments?post=9934"}],"version-history":[{"count":3,"href":"https:\/\/risorfiner.dk\/en\/wp-json\/wp\/v2\/pages\/9934\/revisions"}],"predecessor-version":[{"id":9954,"href":"https:\/\/risorfiner.dk\/en\/wp-json\/wp\/v2\/pages\/9934\/revisions\/9954"}],"wp:attachment":[{"href":"https:\/\/risorfiner.dk\/en\/wp-json\/wp\/v2\/media?parent=9934"}],"wp:term":[{"taxonomy":"category","embeddable":true,"href":"https:\/\/risorfiner.dk\/en\/wp-json\/wp\/v2\/categories?post=9934"}],"curies":[{"name":"wp","href":"https:\/\/api.w.org\/{rel}","templated":true}]}}