{"id":9930,"date":"2025-03-07T08:50:39","date_gmt":"2025-03-07T07:50:39","guid":{"rendered":"https:\/\/risorfiner.dk\/fleece-and-flex-veneers\/"},"modified":"2025-05-27T08:33:45","modified_gmt":"2025-05-27T06:33:45","slug":"fleece-and-flex-veneers","status":"publish","type":"page","link":"https:\/\/risorfiner.dk\/en\/fleece-and-flex-veneers\/","title":{"rendered":"Fleece and Flex Veneers"},"content":{"rendered":"\t\t<div data-elementor-type=\"wp-page\" data-elementor-id=\"9930\" class=\"elementor elementor-9930 elementor-9677\" data-elementor-post-type=\"page\">\n\t\t\t\t<div class=\"elementor-element elementor-element-1e8d6a2 e-flex e-con-boxed e-con e-parent\" data-id=\"1e8d6a2\" data-element_type=\"container\">\n\t\t\t\t\t<div class=\"e-con-inner\">\n\t\t<div class=\"elementor-element elementor-element-1956c70 e-con-full e-flex e-con e-child\" data-id=\"1956c70\" data-element_type=\"container\">\n\t\t\t\t<div class=\"elementor-element elementor-element-3c9e3c7 elementor-widget elementor-widget-text-editor\" data-id=\"3c9e3c7\" data-element_type=\"widget\" data-widget_type=\"text-editor.default\">\n\t\t\t\t<div class=\"elementor-widget-container\">\n\t\t\t\t\t\t\t\t\t<h1>Fleece and Flex Veneer<\/h1>\n<p><\/p>\n<h2>Fleece and Flex from Einar Ris\u00f8r A\/S is a high-quality veneer with a reinforced fleece backing.<\/h2>\n<p>Fleece and Flex from Einar Ris\u00f8r A\/S is very flexible and easy to use. The veneer can be cut with scissors or cut with a hobby knife and can be installed on any dry core material.<\/p>\n<h2>Advantages of Fleece and Flex from Einar Ris\u00f8r A\/S<\/h2>\n<p>The high flexibility makes Fleece and Flex particularly suitable for curved shapes and surfaces that are difficult to veneer &#8211; during the production of Fleece and Flex, the wood fibers are broken and made flexible. The fleece backing stabilizes the veneer and prevents the surface from cracking and splintering. Fleece and Flex can be installed on rounded surfaces &#8211; rounded surfaces up to 360 \u00b0 are no problem.<\/p>\n<p>When Fleece and Flex is used correctly, no air bubbles appear between the veneer and the substrate. The fleece backing, which is made of cellulose\/polyester, prevents glue from penetrating. The fleece on the back of the veneer dampens small unevenness in the substrate. The wooden surface is normally supplied sanded, but must be sanded before further processing \u2013 e.g. varnishing or oiling.<\/p>\n\t\t\t\t\t\t\t\t<\/div>\n\t\t\t\t<\/div>\n\t\t\t\t<div class=\"elementor-element elementor-element-577d9ce elementor-align-justify elementor-widget__width-initial cta elementor-widget elementor-widget-button\" data-id=\"577d9ce\" data-element_type=\"widget\" data-settings=\"{&quot;_animation&quot;:&quot;none&quot;,&quot;_animation_delay&quot;:800}\" data-widget_type=\"button.default\">\n\t\t\t\t<div class=\"elementor-widget-container\">\n\t\t\t\t\t\t\t\t\t<div class=\"elementor-button-wrapper\">\n\t\t\t\t\t<a class=\"elementor-button elementor-button-link elementor-size-sm\" href=\"https:\/\/risorfiner.dk\/kontakt\/\">\n\t\t\t\t\t\t<span class=\"elementor-button-content-wrapper\">\n\t\t\t\t\t\t\t\t\t<span class=\"elementor-button-text\">Contact us today<\/span>\n\t\t\t\t\t<\/span>\n\t\t\t\t\t<\/a>\n\t\t\t\t<\/div>\n\t\t\t\t\t\t\t\t<\/div>\n\t\t\t\t<\/div>\n\t\t\t\t<\/div>\n\t\t<div class=\"elementor-element elementor-element-05359cd e-con-full e-flex e-con e-child\" data-id=\"05359cd\" data-element_type=\"container\">\n\t\t\t\t<div class=\"elementor-element elementor-element-ca75e13 elementor-widget elementor-widget-image\" data-id=\"ca75e13\" data-element_type=\"widget\" data-widget_type=\"image.default\">\n\t\t\t\t<div class=\"elementor-widget-container\">\n\t\t\t\t\t\t\t\t\t\t\t\t\t\t\t<img fetchpriority=\"high\" decoding=\"async\" width=\"1000\" height=\"666\" src=\"https:\/\/risorfiner.dk\/wp-content\/uploads\/2025\/03\/trees-4450514_1280-1000x666.jpg\" class=\"attachment-large size-large wp-image-9644\" alt=\"\" srcset=\"https:\/\/risorfiner.dk\/wp-content\/uploads\/2025\/03\/trees-4450514_1280-1000x666.jpg 1000w, https:\/\/risorfiner.dk\/wp-content\/uploads\/2025\/03\/trees-4450514_1280-500x333.jpg 500w, https:\/\/risorfiner.dk\/wp-content\/uploads\/2025\/03\/trees-4450514_1280-768x512.jpg 768w, https:\/\/risorfiner.dk\/wp-content\/uploads\/2025\/03\/trees-4450514_1280.jpg 1280w\" sizes=\"(max-width: 1000px) 100vw, 1000px\" \/>\t\t\t\t\t\t\t\t\t\t\t\t\t\t\t<\/div>\n\t\t\t\t<\/div>\n\t\t\t\t<\/div>\n\t\t\t\t\t<\/div>\n\t\t\t\t<\/div>\n\t\t<div class=\"elementor-element elementor-element-5baf30b e-flex e-con-boxed e-con e-parent\" data-id=\"5baf30b\" data-element_type=\"container\" data-settings=\"{&quot;background_background&quot;:&quot;classic&quot;}\">\n\t\t\t\t\t<div class=\"e-con-inner\">\n\t\t<div class=\"elementor-element elementor-element-fb436ad e-con-full e-flex e-con e-child\" data-id=\"fb436ad\" data-element_type=\"container\">\n\t\t\t\t<div class=\"elementor-element elementor-element-db646ef elementor-widget elementor-widget-image\" data-id=\"db646ef\" data-element_type=\"widget\" data-widget_type=\"image.default\">\n\t\t\t\t<div class=\"elementor-widget-container\">\n\t\t\t\t\t\t\t\t\t\t\t\t\t\t\t<img decoding=\"async\" width=\"1000\" height=\"666\" src=\"https:\/\/risorfiner.dk\/wp-content\/uploads\/2025\/03\/sunrays-8283601_1280-1-1000x666.jpg\" class=\"attachment-large size-large wp-image-9662\" alt=\"\" srcset=\"https:\/\/risorfiner.dk\/wp-content\/uploads\/2025\/03\/sunrays-8283601_1280-1-1000x666.jpg 1000w, https:\/\/risorfiner.dk\/wp-content\/uploads\/2025\/03\/sunrays-8283601_1280-1-500x333.jpg 500w, https:\/\/risorfiner.dk\/wp-content\/uploads\/2025\/03\/sunrays-8283601_1280-1-768x512.jpg 768w, https:\/\/risorfiner.dk\/wp-content\/uploads\/2025\/03\/sunrays-8283601_1280-1.jpg 1280w\" sizes=\"(max-width: 1000px) 100vw, 1000px\" \/>\t\t\t\t\t\t\t\t\t\t\t\t\t\t\t<\/div>\n\t\t\t\t<\/div>\n\t\t\t\t<\/div>\n\t\t<div class=\"elementor-element elementor-element-05ec564 e-con-full e-flex e-con e-child\" data-id=\"05ec564\" data-element_type=\"container\">\n\t\t\t\t<div class=\"elementor-element elementor-element-361e85d elementor-widget elementor-widget-text-editor\" data-id=\"361e85d\" data-element_type=\"widget\" data-widget_type=\"text-editor.default\">\n\t\t\t\t<div class=\"elementor-widget-container\">\n\t\t\t\t\t\t\t\t\t<div class=\"column step-3-12\">\n<div id=\"site-container-1572\" class=\"Container Placeholder con-87 \" data-snap=\"1\">\n<div class=\"row\">\n<div class=\"column step-3-12 step-2-6\">\n<div id=\"site-container-1573\" class=\"Container Placeholder con-93 \" data-snap=\"1\">\n<div class=\"row\">\n<div class=\"column step-3-12\">\n<div id=\"site-container-1603\" class=\"Container ModuleElement Textarea con-119 \" data-snap=\"1\" data-containertype=\"Textarea\" data-moduleelement=\"852\">\n<div class=\"Module-852 Textarea\">\n<h2>Fleece and Flex from Einar Ris\u00f8r A\/S can be delivered in many different types of wood and formats.<\/h2>\n<p>Format: We have several formats in stock &#8211; if other formats are required, these can be ordered with a relatively short delivery time.<\/p>\n<p>Thickness: 0.6 mm<\/p>\n<p>Quality: Top quality<\/p>\n<p>Types of wood:<\/p>\n<ul>\n<li>Maple<\/li>\n<li>Ash<\/li>\n<li>Birch<\/li>\n<li>Carolina Pine<\/li>\n<li>Steamed beech<\/li>\n<li>Douglas<\/li>\n<li>Oak<\/li>\n<li>Knotted Oak<\/li>\n<li>Pine<\/li>\n<li>Cherry, American<\/li>\n<li>Mahogany<\/li>\n<li>Walnut, American<\/li>\n<\/ul>\n<p>Many other types of wood can be produced on request.<\/p>\n<\/div>\n<p><\/div>\n<p><\/div>\n<p><\/div>\n<p><\/div>\n<p><\/div>\n<p><\/div>\n<p><\/div>\n<p><\/div>\n\t\t\t\t\t\t\t\t<\/div>\n\t\t\t\t<\/div>\n\t\t\t\t<\/div>\n\t\t\t\t\t<\/div>\n\t\t\t\t<\/div>\n\t\t<div class=\"elementor-element elementor-element-c0a298a e-flex e-con-boxed e-con e-parent\" data-id=\"c0a298a\" data-element_type=\"container\">\n\t\t\t\t\t<div class=\"e-con-inner\">\n\t\t<div class=\"elementor-element elementor-element-400f044 e-con-full e-flex e-con e-child\" data-id=\"400f044\" data-element_type=\"container\">\n\t\t\t\t<div class=\"elementor-element elementor-element-a1666c4 elementor-widget elementor-widget-text-editor\" data-id=\"a1666c4\" data-element_type=\"widget\" data-widget_type=\"text-editor.default\">\n\t\t\t\t<div class=\"elementor-widget-container\">\n\t\t\t\t\t\t\t\t\t<p>Fleece and Flex should be stored in a dry place to prevent the product from being exposed to temperature fluctuations or moisture. Exposure to light can affect the color of the veneer.<\/p>\n<p>The veneer and the board to which it is to be mounted should be stored in the same room for at least 24 hours before installation, so that both materials have the same humidity level.<\/p>\n<p>If you do not have access to a veneer press, use a high-quality adhesive &#8211; follow the instructions from the adhesive manufacturer. Make sure all surfaces are clean of dust, grease or other dirt before applying the adhesive. Use a rubber roller for installation &#8211; not a steel roller or hammer.<\/p>\n\t\t\t\t\t\t\t\t<\/div>\n\t\t\t\t<\/div>\n\t\t\t\t<div class=\"elementor-element elementor-element-0890bfd elementor-align-justify elementor-widget__width-initial cta elementor-widget elementor-widget-button\" data-id=\"0890bfd\" data-element_type=\"widget\" data-settings=\"{&quot;_animation&quot;:&quot;none&quot;,&quot;_animation_delay&quot;:800}\" data-widget_type=\"button.default\">\n\t\t\t\t<div class=\"elementor-widget-container\">\n\t\t\t\t\t\t\t\t\t<div class=\"elementor-button-wrapper\">\n\t\t\t\t\t<a class=\"elementor-button elementor-button-link elementor-size-sm\" href=\"https:\/\/risorfiner.dk\/kontakt\/\">\n\t\t\t\t\t\t<span class=\"elementor-button-content-wrapper\">\n\t\t\t\t\t\t\t\t\t<span class=\"elementor-button-text\">Contact us today<\/span>\n\t\t\t\t\t<\/span>\n\t\t\t\t\t<\/a>\n\t\t\t\t<\/div>\n\t\t\t\t\t\t\t\t<\/div>\n\t\t\t\t<\/div>\n\t\t\t\t<\/div>\n\t\t<div class=\"elementor-element elementor-element-10249d7 e-con-full e-flex e-con e-child\" data-id=\"10249d7\" data-element_type=\"container\">\n\t\t\t\t<div class=\"elementor-element elementor-element-d06bbf9 elementor-widget elementor-widget-image\" data-id=\"d06bbf9\" data-element_type=\"widget\" data-widget_type=\"image.default\">\n\t\t\t\t<div class=\"elementor-widget-container\">\n\t\t\t\t\t\t\t\t\t\t\t\t\t\t\t<img decoding=\"async\" width=\"668\" height=\"1000\" src=\"https:\/\/risorfiner.dk\/wp-content\/uploads\/2025\/03\/trees-2897757_1280-668x1000.jpg\" class=\"attachment-large size-large wp-image-9647\" alt=\"\" srcset=\"https:\/\/risorfiner.dk\/wp-content\/uploads\/2025\/03\/trees-2897757_1280-668x1000.jpg 668w, https:\/\/risorfiner.dk\/wp-content\/uploads\/2025\/03\/trees-2897757_1280-334x500.jpg 334w, https:\/\/risorfiner.dk\/wp-content\/uploads\/2025\/03\/trees-2897757_1280-768x1150.jpg 768w, https:\/\/risorfiner.dk\/wp-content\/uploads\/2025\/03\/trees-2897757_1280.jpg 855w\" sizes=\"(max-width: 668px) 100vw, 668px\" \/>\t\t\t\t\t\t\t\t\t\t\t\t\t\t\t<\/div>\n\t\t\t\t<\/div>\n\t\t\t\t<\/div>\n\t\t\t\t\t<\/div>\n\t\t\t\t<\/div>\n\t\t\t\t<\/div>\n\t\t","protected":false},"excerpt":{"rendered":"<p>Fleece and Flex Veneer Fleece and Flex from Einar Ris\u00f8r A\/S is a high-quality veneer with a reinforced fleece backing. Fleece and Flex from Einar Ris\u00f8r A\/S is very flexible and easy to use. The veneer can be cut with scissors or cut with a hobby knife and can be installed on any dry core &#8230; <a title=\"Fleece and Flex Veneers\" class=\"read-more\" href=\"https:\/\/risorfiner.dk\/en\/fleece-and-flex-veneers\/\" aria-label=\"Read more about Fleece and Flex Veneers\">Read more<\/a><\/p>\n","protected":false},"author":5,"featured_media":0,"parent":0,"menu_order":0,"comment_status":"closed","ping_status":"closed","template":"","meta":{"_acf_changed":false,"footnotes":""},"categories":[],"class_list":["post-9930","page","type-page","status-publish"],"acf":[],"yoast_head":"<!-- This site is optimized with the Yoast SEO plugin v26.8 - https:\/\/yoast.com\/product\/yoast-seo-wordpress\/ -->\n<title>Fleece and Flex Veneers | Einar Ris\u00f8r Fin\u00e9rhandel A\/S<\/title>\n<meta name=\"robots\" content=\"index, follow, max-snippet:-1, max-image-preview:large, max-video-preview:-1\" \/>\n<link rel=\"canonical\" href=\"https:\/\/risorfiner.dk\/en\/fleece-and-flex-veneers\/\" \/>\n<meta property=\"og:locale\" content=\"en_US\" \/>\n<meta property=\"og:type\" content=\"article\" \/>\n<meta property=\"og:title\" content=\"Fleece and Flex Veneers | Einar Ris\u00f8r Fin\u00e9rhandel A\/S\" \/>\n<meta property=\"og:description\" content=\"Fleece and Flex Veneer Fleece and Flex from Einar Ris\u00f8r A\/S is a high-quality veneer with a reinforced fleece backing. Fleece and Flex from Einar Ris\u00f8r A\/S is very flexible and easy to use. The veneer can be cut with scissors or cut with a hobby knife and can be installed on any dry core ... Read more\" \/>\n<meta property=\"og:url\" content=\"https:\/\/risorfiner.dk\/en\/fleece-and-flex-veneers\/\" \/>\n<meta property=\"og:site_name\" content=\"Einar Ris\u00f8r Fin\u00e9rhandel A\/S\" \/>\n<meta property=\"article:modified_time\" content=\"2025-05-27T06:33:45+00:00\" \/>\n<meta property=\"og:image\" content=\"https:\/\/risorfiner.dk\/wp-content\/uploads\/2025\/03\/trees-4450514_1280.jpg\" \/>\n\t<meta property=\"og:image:width\" content=\"1280\" \/>\n\t<meta property=\"og:image:height\" content=\"853\" \/>\n\t<meta property=\"og:image:type\" content=\"image\/jpeg\" \/>\n<meta name=\"twitter:card\" content=\"summary_large_image\" \/>\n<meta name=\"twitter:label1\" content=\"Est. reading time\" \/>\n\t<meta name=\"twitter:data1\" content=\"2 minutes\" \/>\n<script type=\"application\/ld+json\" class=\"yoast-schema-graph\">{\"@context\":\"https:\/\/schema.org\",\"@graph\":[{\"@type\":\"WebPage\",\"@id\":\"https:\/\/risorfiner.dk\/en\/fleece-and-flex-veneers\/\",\"url\":\"https:\/\/risorfiner.dk\/en\/fleece-and-flex-veneers\/\",\"name\":\"Fleece and Flex Veneers | Einar Ris\u00f8r Fin\u00e9rhandel A\/S\",\"isPartOf\":{\"@id\":\"https:\/\/risorfiner.webserver9.dk\/#website\"},\"primaryImageOfPage\":{\"@id\":\"https:\/\/risorfiner.dk\/en\/fleece-and-flex-veneers\/#primaryimage\"},\"image\":{\"@id\":\"https:\/\/risorfiner.dk\/en\/fleece-and-flex-veneers\/#primaryimage\"},\"thumbnailUrl\":\"https:\/\/risorfiner.dk\/wp-content\/uploads\/2025\/03\/trees-4450514_1280-1000x666.jpg\",\"datePublished\":\"2025-03-07T07:50:39+00:00\",\"dateModified\":\"2025-05-27T06:33:45+00:00\",\"breadcrumb\":{\"@id\":\"https:\/\/risorfiner.dk\/en\/fleece-and-flex-veneers\/#breadcrumb\"},\"inLanguage\":\"en-US\",\"potentialAction\":[{\"@type\":\"ReadAction\",\"target\":[\"https:\/\/risorfiner.dk\/en\/fleece-and-flex-veneers\/\"]}]},{\"@type\":\"ImageObject\",\"inLanguage\":\"en-US\",\"@id\":\"https:\/\/risorfiner.dk\/en\/fleece-and-flex-veneers\/#primaryimage\",\"url\":\"https:\/\/risorfiner.dk\/wp-content\/uploads\/2025\/03\/trees-4450514_1280-1000x666.jpg\",\"contentUrl\":\"https:\/\/risorfiner.dk\/wp-content\/uploads\/2025\/03\/trees-4450514_1280-1000x666.jpg\"},{\"@type\":\"BreadcrumbList\",\"@id\":\"https:\/\/risorfiner.dk\/en\/fleece-and-flex-veneers\/#breadcrumb\",\"itemListElement\":[{\"@type\":\"ListItem\",\"position\":1,\"name\":\"Forside\",\"item\":\"https:\/\/risorfiner.webserver9.dk\/\"},{\"@type\":\"ListItem\",\"position\":2,\"name\":\"Fleece and Flex Veneers\"}]},{\"@type\":\"WebSite\",\"@id\":\"https:\/\/risorfiner.webserver9.dk\/#website\",\"url\":\"https:\/\/risorfiner.webserver9.dk\/\",\"name\":\"Einar Ris\u00f8r Fin\u00e9rhandel A\/S\",\"description\":\"tr\u00e6 &amp; Fin\u00e9r til m\u00f8bel-, d\u00f8r-, og k\u00f8kkenfabrikker\",\"publisher\":{\"@id\":\"https:\/\/risorfiner.webserver9.dk\/#organization\"},\"potentialAction\":[{\"@type\":\"SearchAction\",\"target\":{\"@type\":\"EntryPoint\",\"urlTemplate\":\"https:\/\/risorfiner.webserver9.dk\/?s={search_term_string}\"},\"query-input\":{\"@type\":\"PropertyValueSpecification\",\"valueRequired\":true,\"valueName\":\"search_term_string\"}}],\"inLanguage\":\"en-US\"},{\"@type\":\"Organization\",\"@id\":\"https:\/\/risorfiner.webserver9.dk\/#organization\",\"name\":\"Einar Ris\u00f8r Fin\u00e9rhandel A\/S\",\"url\":\"https:\/\/risorfiner.webserver9.dk\/\",\"logo\":{\"@type\":\"ImageObject\",\"inLanguage\":\"en-US\",\"@id\":\"https:\/\/risorfiner.webserver9.dk\/#\/schema\/logo\/image\/\",\"url\":\"https:\/\/risorfiner.dk\/wp-content\/uploads\/2025\/02\/logo-strukket_314_318.png\",\"contentUrl\":\"https:\/\/risorfiner.dk\/wp-content\/uploads\/2025\/02\/logo-strukket_314_318.png\",\"width\":350,\"height\":105,\"caption\":\"Einar Ris\u00f8r Fin\u00e9rhandel A\/S\"},\"image\":{\"@id\":\"https:\/\/risorfiner.webserver9.dk\/#\/schema\/logo\/image\/\"}}]}<\/script>\n<!-- \/ Yoast SEO plugin. -->","yoast_head_json":{"title":"Fleece and Flex Veneers | Einar Ris\u00f8r Fin\u00e9rhandel A\/S","robots":{"index":"index","follow":"follow","max-snippet":"max-snippet:-1","max-image-preview":"max-image-preview:large","max-video-preview":"max-video-preview:-1"},"canonical":"https:\/\/risorfiner.dk\/en\/fleece-and-flex-veneers\/","og_locale":"en_US","og_type":"article","og_title":"Fleece and Flex Veneers | Einar Ris\u00f8r Fin\u00e9rhandel A\/S","og_description":"Fleece and Flex Veneer Fleece and Flex from Einar Ris\u00f8r A\/S is a high-quality veneer with a reinforced fleece backing. Fleece and Flex from Einar Ris\u00f8r A\/S is very flexible and easy to use. The veneer can be cut with scissors or cut with a hobby knife and can be installed on any dry core ... Read more","og_url":"https:\/\/risorfiner.dk\/en\/fleece-and-flex-veneers\/","og_site_name":"Einar Ris\u00f8r Fin\u00e9rhandel A\/S","article_modified_time":"2025-05-27T06:33:45+00:00","og_image":[{"width":1280,"height":853,"url":"https:\/\/risorfiner.dk\/wp-content\/uploads\/2025\/03\/trees-4450514_1280.jpg","type":"image\/jpeg"}],"twitter_card":"summary_large_image","twitter_misc":{"Est. reading time":"2 minutes"},"schema":{"@context":"https:\/\/schema.org","@graph":[{"@type":"WebPage","@id":"https:\/\/risorfiner.dk\/en\/fleece-and-flex-veneers\/","url":"https:\/\/risorfiner.dk\/en\/fleece-and-flex-veneers\/","name":"Fleece and Flex Veneers | Einar Ris\u00f8r Fin\u00e9rhandel A\/S","isPartOf":{"@id":"https:\/\/risorfiner.webserver9.dk\/#website"},"primaryImageOfPage":{"@id":"https:\/\/risorfiner.dk\/en\/fleece-and-flex-veneers\/#primaryimage"},"image":{"@id":"https:\/\/risorfiner.dk\/en\/fleece-and-flex-veneers\/#primaryimage"},"thumbnailUrl":"https:\/\/risorfiner.dk\/wp-content\/uploads\/2025\/03\/trees-4450514_1280-1000x666.jpg","datePublished":"2025-03-07T07:50:39+00:00","dateModified":"2025-05-27T06:33:45+00:00","breadcrumb":{"@id":"https:\/\/risorfiner.dk\/en\/fleece-and-flex-veneers\/#breadcrumb"},"inLanguage":"en-US","potentialAction":[{"@type":"ReadAction","target":["https:\/\/risorfiner.dk\/en\/fleece-and-flex-veneers\/"]}]},{"@type":"ImageObject","inLanguage":"en-US","@id":"https:\/\/risorfiner.dk\/en\/fleece-and-flex-veneers\/#primaryimage","url":"https:\/\/risorfiner.dk\/wp-content\/uploads\/2025\/03\/trees-4450514_1280-1000x666.jpg","contentUrl":"https:\/\/risorfiner.dk\/wp-content\/uploads\/2025\/03\/trees-4450514_1280-1000x666.jpg"},{"@type":"BreadcrumbList","@id":"https:\/\/risorfiner.dk\/en\/fleece-and-flex-veneers\/#breadcrumb","itemListElement":[{"@type":"ListItem","position":1,"name":"Forside","item":"https:\/\/risorfiner.webserver9.dk\/"},{"@type":"ListItem","position":2,"name":"Fleece and Flex Veneers"}]},{"@type":"WebSite","@id":"https:\/\/risorfiner.webserver9.dk\/#website","url":"https:\/\/risorfiner.webserver9.dk\/","name":"Einar Ris\u00f8r Fin\u00e9rhandel A\/S","description":"tr\u00e6 &amp; Fin\u00e9r til m\u00f8bel-, d\u00f8r-, og k\u00f8kkenfabrikker","publisher":{"@id":"https:\/\/risorfiner.webserver9.dk\/#organization"},"potentialAction":[{"@type":"SearchAction","target":{"@type":"EntryPoint","urlTemplate":"https:\/\/risorfiner.webserver9.dk\/?s={search_term_string}"},"query-input":{"@type":"PropertyValueSpecification","valueRequired":true,"valueName":"search_term_string"}}],"inLanguage":"en-US"},{"@type":"Organization","@id":"https:\/\/risorfiner.webserver9.dk\/#organization","name":"Einar Ris\u00f8r Fin\u00e9rhandel A\/S","url":"https:\/\/risorfiner.webserver9.dk\/","logo":{"@type":"ImageObject","inLanguage":"en-US","@id":"https:\/\/risorfiner.webserver9.dk\/#\/schema\/logo\/image\/","url":"https:\/\/risorfiner.dk\/wp-content\/uploads\/2025\/02\/logo-strukket_314_318.png","contentUrl":"https:\/\/risorfiner.dk\/wp-content\/uploads\/2025\/02\/logo-strukket_314_318.png","width":350,"height":105,"caption":"Einar Ris\u00f8r Fin\u00e9rhandel A\/S"},"image":{"@id":"https:\/\/risorfiner.webserver9.dk\/#\/schema\/logo\/image\/"}}]}},"_links":{"self":[{"href":"https:\/\/risorfiner.dk\/en\/wp-json\/wp\/v2\/pages\/9930","targetHints":{"allow":["GET"]}}],"collection":[{"href":"https:\/\/risorfiner.dk\/en\/wp-json\/wp\/v2\/pages"}],"about":[{"href":"https:\/\/risorfiner.dk\/en\/wp-json\/wp\/v2\/types\/page"}],"author":[{"embeddable":true,"href":"https:\/\/risorfiner.dk\/en\/wp-json\/wp\/v2\/users\/5"}],"replies":[{"embeddable":true,"href":"https:\/\/risorfiner.dk\/en\/wp-json\/wp\/v2\/comments?post=9930"}],"version-history":[{"count":1,"href":"https:\/\/risorfiner.dk\/en\/wp-json\/wp\/v2\/pages\/9930\/revisions"}],"predecessor-version":[{"id":9931,"href":"https:\/\/risorfiner.dk\/en\/wp-json\/wp\/v2\/pages\/9930\/revisions\/9931"}],"wp:attachment":[{"href":"https:\/\/risorfiner.dk\/en\/wp-json\/wp\/v2\/media?parent=9930"}],"wp:term":[{"taxonomy":"category","embeddable":true,"href":"https:\/\/risorfiner.dk\/en\/wp-json\/wp\/v2\/categories?post=9930"}],"curies":[{"name":"wp","href":"https:\/\/api.w.org\/{rel}","templated":true}]}}