{"id":9928,"date":"2025-03-07T09:01:19","date_gmt":"2025-03-07T08:01:19","guid":{"rendered":"https:\/\/risorfiner.dk\/eudr\/"},"modified":"2025-05-27T08:31:36","modified_gmt":"2025-05-27T06:31:36","slug":"eudr","status":"publish","type":"page","link":"https:\/\/risorfiner.dk\/en\/eudr\/","title":{"rendered":"EUDR"},"content":{"rendered":"\t\t<div data-elementor-type=\"wp-page\" data-elementor-id=\"9928\" class=\"elementor elementor-9928 elementor-9696\" data-elementor-post-type=\"page\">\n\t\t\t\t<div class=\"elementor-element elementor-element-25e5897 e-flex e-con-boxed e-con e-parent\" data-id=\"25e5897\" data-element_type=\"container\">\n\t\t\t\t\t<div class=\"e-con-inner\">\n\t\t<div class=\"elementor-element elementor-element-7dcdd6f e-con-full e-flex e-con e-child\" data-id=\"7dcdd6f\" data-element_type=\"container\">\n\t\t\t\t<div class=\"elementor-element elementor-element-ea7baf6 elementor-widget elementor-widget-text-editor\" data-id=\"ea7baf6\" data-element_type=\"widget\" data-widget_type=\"text-editor.default\">\n\t\t\t\t<div class=\"elementor-widget-container\">\n\t\t\t\t\t\t\t\t\t<h1>EUDR<\/h1>\n<p><\/p>\n<h2>EUDR \u2013 Regulation against global deforestation and forest degradation<\/h2>\n<p>The EUDR is a new regulation from the EU that requires the production of a number of products, such as soy, coffee and cocoa, to take place without causing deforestation or forest degradation. The aim is to ensure that EU trade does not contribute to global deforestation.<\/p>\n<h2>What is EUDR?<\/h2>\n<p>The pressure on nature and biodiversity is largely due to the expansion of agricultural land. In many countries, forests are being cut down to make way for grazing and the cultivation of crops that are traded both nationally and globally. The EU has therefore adopted the EUDR (EU Deforestation-Free Regulation), which requires companies to ensure that certain raw materials and products traded in the EU do not originate from areas where forests have been cleared or degraded.<\/p>\n\t\t\t\t\t\t\t\t<\/div>\n\t\t\t\t<\/div>\n\t\t\t\t<\/div>\n\t\t<div class=\"elementor-element elementor-element-81a2c2d e-con-full e-flex e-con e-child\" data-id=\"81a2c2d\" data-element_type=\"container\">\n\t\t\t\t<div class=\"elementor-element elementor-element-4fecb39 elementor-widget elementor-widget-image\" data-id=\"4fecb39\" data-element_type=\"widget\" data-widget_type=\"image.default\">\n\t\t\t\t<div class=\"elementor-widget-container\">\n\t\t\t\t\t\t\t\t\t\t\t\t\t\t\t<img fetchpriority=\"high\" decoding=\"async\" width=\"668\" height=\"1000\" src=\"https:\/\/risorfiner.dk\/wp-content\/uploads\/2025\/03\/trees-2897757_1280-668x1000.jpg\" class=\"attachment-large size-large wp-image-9647\" alt=\"\" srcset=\"https:\/\/risorfiner.dk\/wp-content\/uploads\/2025\/03\/trees-2897757_1280-668x1000.jpg 668w, https:\/\/risorfiner.dk\/wp-content\/uploads\/2025\/03\/trees-2897757_1280-334x500.jpg 334w, https:\/\/risorfiner.dk\/wp-content\/uploads\/2025\/03\/trees-2897757_1280-768x1150.jpg 768w, https:\/\/risorfiner.dk\/wp-content\/uploads\/2025\/03\/trees-2897757_1280.jpg 855w\" sizes=\"(max-width: 668px) 100vw, 668px\" \/>\t\t\t\t\t\t\t\t\t\t\t\t\t\t\t<\/div>\n\t\t\t\t<\/div>\n\t\t\t\t<\/div>\n\t\t\t\t\t<\/div>\n\t\t\t\t<\/div>\n\t\t<div class=\"elementor-element elementor-element-92b310e e-flex e-con-boxed e-con e-parent\" data-id=\"92b310e\" data-element_type=\"container\" data-settings=\"{&quot;background_background&quot;:&quot;classic&quot;}\">\n\t\t\t\t\t<div class=\"e-con-inner\">\n\t\t<div class=\"elementor-element elementor-element-46695cf e-con-full e-flex e-con e-child\" data-id=\"46695cf\" data-element_type=\"container\">\n\t\t\t\t<div class=\"elementor-element elementor-element-3f2217d elementor-widget elementor-widget-text-editor\" data-id=\"3f2217d\" data-element_type=\"widget\" data-widget_type=\"text-editor.default\">\n\t\t\t\t<div class=\"elementor-widget-container\">\n\t\t\t\t\t\t\t\t\t<div class=\"column step-3-12 step-2-6\">\n<div id=\"site-container-2899\" class=\"Container Placeholder AutoResizable con-93 \" data-snap=\"1\">\n<div class=\"row\">\n<div class=\"column step-3-12\">\n<div id=\"site-container-2903\" class=\"Container ModuleElement Textarea AutoResizable con-114 \" data-snap=\"1\" data-containertype=\"Textarea\" data-moduleelement=\"1490\">\n<div class=\"Module-1490 Textarea\">\n<h2><b>Which commodities are covered by the EUDR?<\/b><\/h2>\n<p>The regulation covers the following seven commodities:<\/p>\n<ul>\n<li>Soybean<\/li>\n<li>Palm oil<\/li>\n<li>Coffee<\/li>\n<li>Cocoa<\/li>\n<li>Natural rubber<\/li>\n<li>Cattle<\/li>\n<li>Wood<\/li>\n<\/ul>\n<h2>Which companies are covered by the EUDR?<\/h2>\n<p>Companies that trade in, import or export the relevant raw materials or products containing these raw materials are covered by the regulation.<\/p>\n<p>Two factors determine when and how a company is covered:<\/p>\n<ol>\n<li>The size of the company<\/li>\n<li>Whether the company is an operator or a trader<\/li>\n<\/ol>\n<\/div>\n<p><\/div>\n<p><\/div>\n<p><\/div>\n<p><\/div>\n<p><\/div>\n\t\t\t\t\t\t\t\t<\/div>\n\t\t\t\t<\/div>\n\t\t\t\t<\/div>\n\t\t<div class=\"elementor-element elementor-element-4db8826 e-con-full e-flex e-con e-child\" data-id=\"4db8826\" data-element_type=\"container\">\n\t\t\t\t<div class=\"elementor-element elementor-element-099440f elementor-widget elementor-widget-text-editor\" data-id=\"099440f\" data-element_type=\"widget\" data-widget_type=\"text-editor.default\">\n\t\t\t\t<div class=\"elementor-widget-container\">\n\t\t\t\t\t\t\t\t\t<h1>When does the EUDR enter into force?<\/h1>\n<p>Micro and small enterprises: 29 June 2026<br \/>Large and medium-sized enterprises: 30 December 2025<\/p>\n<h2>What rules do companies have to comply with under the EUDR?<\/h2>\n<p>The EUDR requires that products and raw materials imported, traded or exported from the EU must not originate from areas where deforestation or forest degradation has occurred after 31 December 2020. Companies must establish a due diligence system that ensures that supply chains are mapped and the risk of deforestation and forest degradation is minimised.<br \/>A distinction is made between operators and distributors, and the rules for due diligence depend on this status.<\/p>\n<h2>Operator<\/h2>\n<p>An operator is the first company to sell or export a product in or out of the EU. Large and medium-sized operators must carry out due diligence before placing the products on the market. If an SME operator can already refer to an existing due diligence statement, this can be used, but the responsibility for legality remains with the operator.<\/p>\n\t\t\t\t\t\t\t\t<\/div>\n\t\t\t\t<\/div>\n\t\t\t\t<\/div>\n\t\t\t\t\t<\/div>\n\t\t\t\t<\/div>\n\t\t<div class=\"elementor-element elementor-element-b4306e6 e-flex e-con-boxed e-con e-parent\" data-id=\"b4306e6\" data-element_type=\"container\" data-settings=\"{&quot;background_background&quot;:&quot;classic&quot;}\">\n\t\t\t\t\t<div class=\"e-con-inner\">\n\t\t<div class=\"elementor-element elementor-element-2377103 e-con-full e-flex e-con e-child\" data-id=\"2377103\" data-element_type=\"container\">\n\t\t\t\t<div class=\"elementor-element elementor-element-b512264 elementor-widget elementor-widget-text-editor\" data-id=\"b512264\" data-element_type=\"widget\" data-widget_type=\"text-editor.default\">\n\t\t\t\t<div class=\"elementor-widget-container\">\n\t\t\t\t\t\t\t\t\t<div class=\"column step-3-12 step-2-6\">\n<div id=\"site-container-2899\" class=\"Container Placeholder AutoResizable con-93 \" data-snap=\"1\">\n<div class=\"row\">\n<div class=\"column step-3-12\">\n<div id=\"site-container-2903\" class=\"Container ModuleElement Textarea AutoResizable con-114 \" data-snap=\"1\" data-containertype=\"Textarea\" data-moduleelement=\"1490\">\n<div class=\"Module-1490 Textarea\">\n<h2>Distributor<\/h2>\n<p>A distributor is any company that makes a product available on the European market, such as a distributor. SME distributors must collect information about their suppliers and keep reference numbers of their suppliers\u2019 due diligence declarations. If there is a suspicion that a product is not compliant with the EUDR, the distributor must immediately notify the authorities.<\/p>\n<h2>Due diligence obligation<\/h2>\n<p>Companies must have an internal procedure to collect information about the supply chain that ensures that products are produced in accordance with relevant laws in the country of origin, including environmental laws and respect for human rights. This includes a risk assessment of whether a product may be linked to deforestation or deforestation.<br \/>\nAll relevant declarations must be submitted to the EU information system TRACES and the product cannot be placed on the EU market until this has been done.<\/p>\n<h2>We have prepared internally<\/h2>\n<p>At Einar Ris\u00f8r A\/S, we have prepared internally to ensure that we are ready to comply with the new EUDR regulations before December 30, 2025, which is the deadline set by the EU Commission.<\/p>\n<\/div>\n<p><\/div>\n<p><\/div>\n<p><\/div>\n<p><\/div>\n<p><\/div>\n\t\t\t\t\t\t\t\t<\/div>\n\t\t\t\t<\/div>\n\t\t\t\t<\/div>\n\t\t<div class=\"elementor-element elementor-element-da5bc09 e-con-full e-flex e-con e-child\" data-id=\"da5bc09\" data-element_type=\"container\">\n\t\t\t\t<div class=\"elementor-element elementor-element-337594b elementor-widget elementor-widget-text-editor\" data-id=\"337594b\" data-element_type=\"widget\" data-widget_type=\"text-editor.default\">\n\t\t\t\t<div class=\"elementor-widget-container\">\n\t\t\t\t\t\t\t\t\t<p>We intend to provide all necessary documentation to comply with the regulations. Our company is proud to work directly with veneer and sawmills that we have known for many years and that we consider trustworthy and reliable.<\/p>\n<p><strong>We fully guarantee the legality of all our wood products &#8211; thanks to our extensive due diligence practices.<\/strong><\/p>\n<h2>More information about EUDR<\/h2>\n<p>On the website of the Danish Agency for Green Land Redevelopment and Aquatic Environment you will find a complete overview of the EUDR regulation. Here you can also find, among other things, a recorded webinar presenting the regulations.<\/p>\n<p><a href=\"https:\/\/sgavmst.dk\/skovbrug-og-landbrug\/skovbrug\/eu-forordningen-mod-global-skovrydning-og-skovforringelse-eudr\" target=\"_blank\" rel=\"noopener\">Read more about EUDR at the Danish Agency for Green Redevelopment and Aquatic Environment<\/a><\/p>\n\t\t\t\t\t\t\t\t<\/div>\n\t\t\t\t<\/div>\n\t\t\t\t<\/div>\n\t\t\t\t\t<\/div>\n\t\t\t\t<\/div>\n\t\t\t\t<\/div>\n\t\t","protected":false},"excerpt":{"rendered":"<p>EUDR EUDR \u2013 Regulation against global deforestation and forest degradation The EUDR is a new regulation from the EU that requires the production of a number of products, such as soy, coffee and cocoa, to take place without causing deforestation or forest degradation. The aim is to ensure that EU trade does not contribute to &#8230; <a title=\"EUDR\" class=\"read-more\" href=\"https:\/\/risorfiner.dk\/en\/eudr\/\" aria-label=\"Read more about EUDR\">Read more<\/a><\/p>\n","protected":false},"author":5,"featured_media":0,"parent":0,"menu_order":0,"comment_status":"closed","ping_status":"closed","template":"","meta":{"_acf_changed":false,"footnotes":""},"categories":[],"class_list":["post-9928","page","type-page","status-publish"],"acf":[],"yoast_head":"<!-- This site is optimized with the Yoast SEO plugin v26.8 - https:\/\/yoast.com\/product\/yoast-seo-wordpress\/ -->\n<title>EUDR | Einar Ris\u00f8r Fin\u00e9rhandel A\/S<\/title>\n<meta name=\"robots\" content=\"index, follow, max-snippet:-1, max-image-preview:large, max-video-preview:-1\" \/>\n<link rel=\"canonical\" href=\"https:\/\/risorfiner.dk\/en\/eudr\/\" \/>\n<meta property=\"og:locale\" content=\"en_US\" \/>\n<meta property=\"og:type\" content=\"article\" \/>\n<meta property=\"og:title\" content=\"EUDR | Einar Ris\u00f8r Fin\u00e9rhandel A\/S\" \/>\n<meta property=\"og:description\" content=\"EUDR EUDR \u2013 Regulation against global deforestation and forest degradation The EUDR is a new regulation from the EU that requires the production of a number of products, such as soy, coffee and cocoa, to take place without causing deforestation or forest degradation. The aim is to ensure that EU trade does not contribute to ... Read more\" \/>\n<meta property=\"og:url\" content=\"https:\/\/risorfiner.dk\/en\/eudr\/\" \/>\n<meta property=\"og:site_name\" content=\"Einar Ris\u00f8r Fin\u00e9rhandel A\/S\" \/>\n<meta property=\"article:modified_time\" content=\"2025-05-27T06:31:36+00:00\" \/>\n<meta property=\"og:image\" content=\"https:\/\/risorfiner.dk\/wp-content\/uploads\/2025\/03\/trees-2897757_1280.jpg\" \/>\n\t<meta property=\"og:image:width\" content=\"855\" \/>\n\t<meta property=\"og:image:height\" content=\"1280\" \/>\n\t<meta property=\"og:image:type\" content=\"image\/jpeg\" \/>\n<meta name=\"twitter:card\" content=\"summary_large_image\" \/>\n<meta name=\"twitter:label1\" content=\"Est. reading time\" \/>\n\t<meta name=\"twitter:data1\" content=\"3 minutes\" \/>\n<script type=\"application\/ld+json\" class=\"yoast-schema-graph\">{\"@context\":\"https:\/\/schema.org\",\"@graph\":[{\"@type\":\"WebPage\",\"@id\":\"https:\/\/risorfiner.dk\/en\/eudr\/\",\"url\":\"https:\/\/risorfiner.dk\/en\/eudr\/\",\"name\":\"EUDR | Einar Ris\u00f8r Fin\u00e9rhandel A\/S\",\"isPartOf\":{\"@id\":\"https:\/\/risorfiner.webserver9.dk\/#website\"},\"primaryImageOfPage\":{\"@id\":\"https:\/\/risorfiner.dk\/en\/eudr\/#primaryimage\"},\"image\":{\"@id\":\"https:\/\/risorfiner.dk\/en\/eudr\/#primaryimage\"},\"thumbnailUrl\":\"https:\/\/risorfiner.dk\/wp-content\/uploads\/2025\/03\/trees-2897757_1280-668x1000.jpg\",\"datePublished\":\"2025-03-07T08:01:19+00:00\",\"dateModified\":\"2025-05-27T06:31:36+00:00\",\"breadcrumb\":{\"@id\":\"https:\/\/risorfiner.dk\/en\/eudr\/#breadcrumb\"},\"inLanguage\":\"en-US\",\"potentialAction\":[{\"@type\":\"ReadAction\",\"target\":[\"https:\/\/risorfiner.dk\/en\/eudr\/\"]}]},{\"@type\":\"ImageObject\",\"inLanguage\":\"en-US\",\"@id\":\"https:\/\/risorfiner.dk\/en\/eudr\/#primaryimage\",\"url\":\"https:\/\/risorfiner.dk\/wp-content\/uploads\/2025\/03\/trees-2897757_1280-668x1000.jpg\",\"contentUrl\":\"https:\/\/risorfiner.dk\/wp-content\/uploads\/2025\/03\/trees-2897757_1280-668x1000.jpg\"},{\"@type\":\"BreadcrumbList\",\"@id\":\"https:\/\/risorfiner.dk\/en\/eudr\/#breadcrumb\",\"itemListElement\":[{\"@type\":\"ListItem\",\"position\":1,\"name\":\"Forside\",\"item\":\"https:\/\/risorfiner.webserver9.dk\/\"},{\"@type\":\"ListItem\",\"position\":2,\"name\":\"EUDR\"}]},{\"@type\":\"WebSite\",\"@id\":\"https:\/\/risorfiner.webserver9.dk\/#website\",\"url\":\"https:\/\/risorfiner.webserver9.dk\/\",\"name\":\"Einar Ris\u00f8r Fin\u00e9rhandel A\/S\",\"description\":\"tr\u00e6 &amp; Fin\u00e9r til m\u00f8bel-, d\u00f8r-, og k\u00f8kkenfabrikker\",\"publisher\":{\"@id\":\"https:\/\/risorfiner.webserver9.dk\/#organization\"},\"potentialAction\":[{\"@type\":\"SearchAction\",\"target\":{\"@type\":\"EntryPoint\",\"urlTemplate\":\"https:\/\/risorfiner.webserver9.dk\/?s={search_term_string}\"},\"query-input\":{\"@type\":\"PropertyValueSpecification\",\"valueRequired\":true,\"valueName\":\"search_term_string\"}}],\"inLanguage\":\"en-US\"},{\"@type\":\"Organization\",\"@id\":\"https:\/\/risorfiner.webserver9.dk\/#organization\",\"name\":\"Einar Ris\u00f8r Fin\u00e9rhandel A\/S\",\"url\":\"https:\/\/risorfiner.webserver9.dk\/\",\"logo\":{\"@type\":\"ImageObject\",\"inLanguage\":\"en-US\",\"@id\":\"https:\/\/risorfiner.webserver9.dk\/#\/schema\/logo\/image\/\",\"url\":\"https:\/\/risorfiner.dk\/wp-content\/uploads\/2025\/02\/logo-strukket_314_318.png\",\"contentUrl\":\"https:\/\/risorfiner.dk\/wp-content\/uploads\/2025\/02\/logo-strukket_314_318.png\",\"width\":350,\"height\":105,\"caption\":\"Einar Ris\u00f8r Fin\u00e9rhandel A\/S\"},\"image\":{\"@id\":\"https:\/\/risorfiner.webserver9.dk\/#\/schema\/logo\/image\/\"}}]}<\/script>\n<!-- \/ Yoast SEO plugin. -->","yoast_head_json":{"title":"EUDR | Einar Ris\u00f8r Fin\u00e9rhandel A\/S","robots":{"index":"index","follow":"follow","max-snippet":"max-snippet:-1","max-image-preview":"max-image-preview:large","max-video-preview":"max-video-preview:-1"},"canonical":"https:\/\/risorfiner.dk\/en\/eudr\/","og_locale":"en_US","og_type":"article","og_title":"EUDR | Einar Ris\u00f8r Fin\u00e9rhandel A\/S","og_description":"EUDR EUDR \u2013 Regulation against global deforestation and forest degradation The EUDR is a new regulation from the EU that requires the production of a number of products, such as soy, coffee and cocoa, to take place without causing deforestation or forest degradation. The aim is to ensure that EU trade does not contribute to ... Read more","og_url":"https:\/\/risorfiner.dk\/en\/eudr\/","og_site_name":"Einar Ris\u00f8r Fin\u00e9rhandel A\/S","article_modified_time":"2025-05-27T06:31:36+00:00","og_image":[{"width":855,"height":1280,"url":"https:\/\/risorfiner.dk\/wp-content\/uploads\/2025\/03\/trees-2897757_1280.jpg","type":"image\/jpeg"}],"twitter_card":"summary_large_image","twitter_misc":{"Est. reading time":"3 minutes"},"schema":{"@context":"https:\/\/schema.org","@graph":[{"@type":"WebPage","@id":"https:\/\/risorfiner.dk\/en\/eudr\/","url":"https:\/\/risorfiner.dk\/en\/eudr\/","name":"EUDR | Einar Ris\u00f8r Fin\u00e9rhandel A\/S","isPartOf":{"@id":"https:\/\/risorfiner.webserver9.dk\/#website"},"primaryImageOfPage":{"@id":"https:\/\/risorfiner.dk\/en\/eudr\/#primaryimage"},"image":{"@id":"https:\/\/risorfiner.dk\/en\/eudr\/#primaryimage"},"thumbnailUrl":"https:\/\/risorfiner.dk\/wp-content\/uploads\/2025\/03\/trees-2897757_1280-668x1000.jpg","datePublished":"2025-03-07T08:01:19+00:00","dateModified":"2025-05-27T06:31:36+00:00","breadcrumb":{"@id":"https:\/\/risorfiner.dk\/en\/eudr\/#breadcrumb"},"inLanguage":"en-US","potentialAction":[{"@type":"ReadAction","target":["https:\/\/risorfiner.dk\/en\/eudr\/"]}]},{"@type":"ImageObject","inLanguage":"en-US","@id":"https:\/\/risorfiner.dk\/en\/eudr\/#primaryimage","url":"https:\/\/risorfiner.dk\/wp-content\/uploads\/2025\/03\/trees-2897757_1280-668x1000.jpg","contentUrl":"https:\/\/risorfiner.dk\/wp-content\/uploads\/2025\/03\/trees-2897757_1280-668x1000.jpg"},{"@type":"BreadcrumbList","@id":"https:\/\/risorfiner.dk\/en\/eudr\/#breadcrumb","itemListElement":[{"@type":"ListItem","position":1,"name":"Forside","item":"https:\/\/risorfiner.webserver9.dk\/"},{"@type":"ListItem","position":2,"name":"EUDR"}]},{"@type":"WebSite","@id":"https:\/\/risorfiner.webserver9.dk\/#website","url":"https:\/\/risorfiner.webserver9.dk\/","name":"Einar Ris\u00f8r Fin\u00e9rhandel A\/S","description":"tr\u00e6 &amp; Fin\u00e9r til m\u00f8bel-, d\u00f8r-, og k\u00f8kkenfabrikker","publisher":{"@id":"https:\/\/risorfiner.webserver9.dk\/#organization"},"potentialAction":[{"@type":"SearchAction","target":{"@type":"EntryPoint","urlTemplate":"https:\/\/risorfiner.webserver9.dk\/?s={search_term_string}"},"query-input":{"@type":"PropertyValueSpecification","valueRequired":true,"valueName":"search_term_string"}}],"inLanguage":"en-US"},{"@type":"Organization","@id":"https:\/\/risorfiner.webserver9.dk\/#organization","name":"Einar Ris\u00f8r Fin\u00e9rhandel A\/S","url":"https:\/\/risorfiner.webserver9.dk\/","logo":{"@type":"ImageObject","inLanguage":"en-US","@id":"https:\/\/risorfiner.webserver9.dk\/#\/schema\/logo\/image\/","url":"https:\/\/risorfiner.dk\/wp-content\/uploads\/2025\/02\/logo-strukket_314_318.png","contentUrl":"https:\/\/risorfiner.dk\/wp-content\/uploads\/2025\/02\/logo-strukket_314_318.png","width":350,"height":105,"caption":"Einar Ris\u00f8r Fin\u00e9rhandel A\/S"},"image":{"@id":"https:\/\/risorfiner.webserver9.dk\/#\/schema\/logo\/image\/"}}]}},"_links":{"self":[{"href":"https:\/\/risorfiner.dk\/en\/wp-json\/wp\/v2\/pages\/9928","targetHints":{"allow":["GET"]}}],"collection":[{"href":"https:\/\/risorfiner.dk\/en\/wp-json\/wp\/v2\/pages"}],"about":[{"href":"https:\/\/risorfiner.dk\/en\/wp-json\/wp\/v2\/types\/page"}],"author":[{"embeddable":true,"href":"https:\/\/risorfiner.dk\/en\/wp-json\/wp\/v2\/users\/5"}],"replies":[{"embeddable":true,"href":"https:\/\/risorfiner.dk\/en\/wp-json\/wp\/v2\/comments?post=9928"}],"version-history":[{"count":1,"href":"https:\/\/risorfiner.dk\/en\/wp-json\/wp\/v2\/pages\/9928\/revisions"}],"predecessor-version":[{"id":9929,"href":"https:\/\/risorfiner.dk\/en\/wp-json\/wp\/v2\/pages\/9928\/revisions\/9929"}],"wp:attachment":[{"href":"https:\/\/risorfiner.dk\/en\/wp-json\/wp\/v2\/media?parent=9928"}],"wp:term":[{"taxonomy":"category","embeddable":true,"href":"https:\/\/risorfiner.dk\/en\/wp-json\/wp\/v2\/categories?post=9928"}],"curies":[{"name":"wp","href":"https:\/\/api.w.org\/{rel}","templated":true}]}}